{"id":25957,"date":"2024-04-05T08:41:45","date_gmt":"2024-04-05T08:41:45","guid":{"rendered":"https:\/\/soposting-worker.com\/?page_id=25957"},"modified":"2025-09-17T11:29:04","modified_gmt":"2025-09-17T11:29:04","slug":"harta-site-ului","status":"publish","type":"page","link":"https:\/\/soposting-worker.com\/ro\/harta-site-ului\/","title":{"rendered":"Harta site-ului"},"content":{"rendered":"\t\t<div data-elementor-type=\"wp-page\" data-elementor-id=\"25957\" class=\"elementor elementor-25957 elementor-25910\" data-elementor-post-type=\"page\">\n\t\t\t\t\t\t<section class=\"elementor-section elementor-top-section elementor-element elementor-element-b483247 elementor-section-content-middle elementor-section-boxed elementor-section-height-default elementor-section-height-default\" data-id=\"b483247\" data-element_type=\"section\" data-e-type=\"section\" data-settings=\"{&quot;background_background&quot;:&quot;classic&quot;}\">\n\t\t\t\t\t\t<div class=\"elementor-container elementor-column-gap-no\">\n\t\t\t\t\t<div class=\"elementor-column elementor-col-100 elementor-top-column elementor-element elementor-element-d3e8769\" data-id=\"d3e8769\" data-element_type=\"column\" data-e-type=\"column\">\n\t\t\t<div class=\"elementor-widget-wrap elementor-element-populated\">\n\t\t\t\t\t\t<div class=\"elementor-element elementor-element-07f6414 elementor-widget elementor-widget-text-editor\" data-id=\"07f6414\" data-element_type=\"widget\" data-e-type=\"widget\" data-widget_type=\"text-editor.default\">\n\t\t\t\t<div class=\"elementor-widget-container\">\n\t\t\t\t\t\t\t\t\t<p><a href=\"\/ro\/\"> ACAS\u0102 <\/a> &gt; HARTA SITE-ULUI&nbsp;<\/p>\t\t\t\t\t\t\t\t<\/div>\n\t\t\t\t<\/div>\n\t\t<div class=\"elementor-element elementor-element-9dda2ef e-con-full e-flex e-con e-parent\" data-id=\"9dda2ef\" data-element_type=\"container\" data-e-type=\"container\">\n\t\t<div class=\"elementor-element elementor-element-35153de e-con-full e-flex e-con e-child\" data-id=\"35153de\" data-element_type=\"container\" data-e-type=\"container\">\n\t\t\t\t<div class=\"elementor-element elementor-element-e64a744 elementor-widget elementor-widget-text-editor\" data-id=\"e64a744\" data-element_type=\"widget\" data-e-type=\"widget\" data-widget_type=\"text-editor.default\">\n\t\t\t\t<div class=\"elementor-widget-container\">\n\t\t\t\t\t\t\t\t\t<h1 class=\"elementor-heading-title elementor-size-default\">Harta site-ului: aici g\u0103si\u021bi toate paginile site-ului<\/h1>\t\t\t\t\t\t\t\t<\/div>\n\t\t\t\t<\/div>\n\t\t\t\t<\/div>\n\t\t\t\t<\/div>\n\t\t\t\t<div class=\"elementor-element elementor-element-439f48d elementor-widget-divider--view-line elementor-widget elementor-widget-divider\" data-id=\"439f48d\" data-element_type=\"widget\" data-e-type=\"widget\" data-widget_type=\"divider.default\">\n\t\t\t\t<div class=\"elementor-widget-container\">\n\t\t\t\t\t\t\t<div class=\"elementor-divider\">\n\t\t\t<span class=\"elementor-divider-separator\">\n\t\t\t\t\t\t<\/span>\n\t\t<\/div>\n\t\t\t\t\t\t<\/div>\n\t\t\t\t<\/div>\n\t\t\t\t\t<\/div>\n\t\t<\/div>\n\t\t\t\t\t<\/div>\n\t\t<\/section>\n\t\t<div class=\"elementor-element elementor-element-0fa9c92 sitemap-bloc e-flex e-con-boxed e-con e-parent\" data-id=\"0fa9c92\" data-element_type=\"container\" data-e-type=\"container\">\n\t\t\t\t\t<div class=\"e-con-inner\">\n\t\t<div class=\"elementor-element elementor-element-afdf46a e-con-full e-flex e-con e-child\" data-id=\"afdf46a\" data-element_type=\"container\" data-e-type=\"container\">\n\t\t\t\t<div class=\"elementor-element elementor-element-fec10cb elementor-widget elementor-widget-html\" data-id=\"fec10cb\" data-element_type=\"widget\" data-e-type=\"widget\" data-widget_type=\"html.default\">\n\t\t\t\t<div class=\"elementor-widget-container\">\n\t\t\t\t\t<div class=\"prefil-long prefil-social\">\r\n<\/div>\t\t\t\t<\/div>\n\t\t\t\t<\/div>\n\t\t\t\t<div class=\"elementor-element elementor-element-540fa80 elementor-widget elementor-widget-html\" data-id=\"540fa80\" data-element_type=\"widget\" data-e-type=\"widget\" data-widget_type=\"html.default\">\n\t\t\t\t<div class=\"elementor-widget-container\">\n\t\t\t\t\t<div class=\"prefil-small prefil-social\">\r\n<\/div>\t\t\t\t<\/div>\n\t\t\t\t<\/div>\n\t\t\t\t<div class=\"elementor-element elementor-element-a98d6c0 elementor-widget elementor-widget-sitemap\" data-id=\"a98d6c0\" data-element_type=\"widget\" data-e-type=\"widget\" data-widget_type=\"sitemap.default\">\n\t\t\t\t<div class=\"elementor-widget-container\">\n\t\t\t\t\t<div class=\"elementor-sitemap-wrap\"><div class=\"elementor-sitemap-section\"><h2 class=\"elementor-sitemap-title elementor-sitemap-page-title\">Pagini<\/h2><ul class=\"elementor-sitemap-list elementor-sitemap-page-list\"><li class=\"elementor-sitemap-item elementor-sitemap-item-page page_item page-item-20711\"><a href=\"https:\/\/soposting-worker.com\/ro\/\">Accueil &#8211; RO<\/a><\/li><li class=\"elementor-sitemap-item elementor-sitemap-item-page page_item page-item-28003\"><a href=\"https:\/\/soposting-worker.com\/ro\/actualitati\/\">actualitati<\/a><\/li><li class=\"elementor-sitemap-item elementor-sitemap-item-page page_item page-item-24476\"><a href=\"https:\/\/soposting-worker.com\/ro\/blog\/\">Blog &#8211; Post\u0103ri pe blog<\/a><\/li><li class=\"elementor-sitemap-item elementor-sitemap-item-page page_item page-item-24659\"><a href=\"https:\/\/soposting-worker.com\/ro\/contact\/\">Contacta\u021bi-ne<\/a><\/li><li class=\"elementor-sitemap-item elementor-sitemap-item-page page_item page-item-25605\"><a href=\"https:\/\/soposting-worker.com\/ro\/despre-noi\/\">Despre noi<\/a><\/li><li class=\"elementor-sitemap-item elementor-sitemap-item-page page_item page-item-24530\"><a href=\"https:\/\/soposting-worker.com\/ro\/detasarea-muncitorilor-franta\/\">Deta\u0219area angaja\u021bilor \u00een Fran\u021ba<\/a><\/li><li class=\"elementor-sitemap-item elementor-sitemap-item-page page_item page-item-21429\"><a href=\"https:\/\/soposting-worker.com\/ro\/angajare-temporara\/\">Deta\u0219area de lucr\u0103tori \u00een Fran\u021ba pentru munc\u0103 temporar\u0103<\/a><\/li><li class=\"elementor-sitemap-item elementor-sitemap-item-page page_item page-item-22034\"><a href=\"https:\/\/soposting-worker.com\/ro\/evenimente\/\">Deta\u0219area lucr\u0103torilor din Fran\u021ba \u00een industria evenimentelor<\/a><\/li><li class=\"elementor-sitemap-item elementor-sitemap-item-page page_item page-item-22435\"><a href=\"https:\/\/soposting-worker.com\/ro\/transport\/\">Deta\u0219area lucr\u0103torilor din Fran\u021ba \u00een industria transporturilor<\/a><\/li><li class=\"elementor-sitemap-item elementor-sitemap-item-page page_item page-item-22095\"><a href=\"https:\/\/soposting-worker.com\/ro\/exploatare-viticola\/\">Deta\u0219area lucr\u0103torilor din Fran\u021ba \u00een industria viticol\u0103<\/a><\/li><li class=\"elementor-sitemap-item elementor-sitemap-item-page page_item page-item-21478\"><a href=\"https:\/\/soposting-worker.com\/ro\/comert\/\">Deta\u0219area lucr\u0103torilor \u00een Fran\u021ba \u00een sectoarele comer\u021bului \u0219i industriei<\/a><\/li><li class=\"elementor-sitemap-item elementor-sitemap-item-page page_item page-item-21953\"><a href=\"https:\/\/soposting-worker.com\/ro\/constructii\/\">Deta\u0219area lucr\u0103torilor \u00een Fran\u021ba \u00een sectorul construc\u021biilor<\/a><\/li><li class=\"elementor-sitemap-item elementor-sitemap-item-page page_item page-item-22298\"><a href=\"https:\/\/soposting-worker.com\/ro\/carte-de-identitate-profesionala-constructii\/\">Deta\u0219area lucr\u0103torilor \u00een Fran\u021ba: carte de identitate de lucr\u0103tor \u00een construc\u021bii (carte BTP)<\/a><\/li><li class=\"elementor-sitemap-item elementor-sitemap-item-page page_item page-item-21265\"><a href=\"https:\/\/soposting-worker.com\/ro\/declaratia-sipsi\/\">Deta\u0219area lucr\u0103torilor \u00een Fran\u021ba: Declara\u021bia prealabil\u0103 SIPSI<\/a><\/li><li class=\"elementor-sitemap-item elementor-sitemap-item-page page_item page-item-22156\"><a href=\"https:\/\/soposting-worker.com\/ro\/documente-informative\/\">Deta\u0219area lucr\u0103torilor \u00een Fran\u021ba: documente de informare obligatorii<\/a><\/li><li class=\"elementor-sitemap-item elementor-sitemap-item-page page_item page-item-22366\"><a href=\"https:\/\/soposting-worker.com\/ro\/desemnarea-unui-reprezentant\/\">Deta\u0219area lucr\u0103torilor \u00een Fran\u021ba: reprezentare<\/a><\/li><li class=\"elementor-sitemap-item elementor-sitemap-item-page page_item page-item-24932\"><a href=\"https:\/\/soposting-worker.com\/ro\/faq-intrebari-frecvente\/\">FAQ &#8211; \u00centreb\u0103ri frecvente<\/a><\/li><li class=\"elementor-sitemap-item elementor-sitemap-item-page page_item page-item-28390\"><a href=\"https:\/\/soposting-worker.com\/ro\/locatii\/\">Loca\u021bii<\/a><\/li><li class=\"elementor-sitemap-item elementor-sitemap-item-page page_item page-item-21759\"><a href=\"https:\/\/soposting-worker.com\/ro\/preturi\/\">Pre\u021buri<\/a><\/li><\/ul><\/div><div class=\"elementor-sitemap-section\"><h2 class=\"elementor-sitemap-title elementor-sitemap-post-title\">Articole pe blog<\/h2><ul class=\"elementor-sitemap-list elementor-sitemap-post-list\"><li class=\"elementor-sitemap-item elementor-sitemap-item-post page_item page-item-34351\"><a href=\"https:\/\/soposting-worker.com\/ro\/ai-autocolantul-critair\/\">Ai autocolantul Crit&#8217;Air?<\/a><\/li><li class=\"elementor-sitemap-item elementor-sitemap-item-post page_item page-item-34353\"><a href=\"https:\/\/soposting-worker.com\/ro\/angajati-detasati-care-este-situatia-actuala\/\">Angaja\u021bi deta\u0219a\u021bi: care este situa\u021bia actual\u0103?<\/a><\/li><li class=\"elementor-sitemap-item elementor-sitemap-item-post page_item page-item-34378\"><a href=\"https:\/\/soposting-worker.com\/ro\/brexit-detasarea-lucratorilor-in-franta\/\">Brexit: deta\u0219area lucr\u0103torilor \u00een Fran\u021ba<\/a><\/li><li class=\"elementor-sitemap-item elementor-sitemap-item-post page_item page-item-34368\"><a href=\"https:\/\/soposting-worker.com\/ro\/ce-este-autocolantul-critair\/\">Ce este autocolantul Crit&#8217;Air?<\/a><\/li><li class=\"elementor-sitemap-item elementor-sitemap-item-post page_item page-item-34391\"><a href=\"https:\/\/soposting-worker.com\/ro\/covid-19-restrictii-pentru-calatori-si-transportatori-care-intra-in-franta\/\">Covid-19: Restric\u021bii pentru c\u0103l\u0103tori \u0219i transportatori care intr\u0103 \u00een Fran\u021ba<\/a><\/li><li class=\"elementor-sitemap-item elementor-sitemap-item-post page_item page-item-34387\"><a href=\"https:\/\/soposting-worker.com\/ro\/detasare-in-franta-noi-reglementari\/\">Deta\u0219are \u00een Fran\u021ba: Noi reglement\u0103ri<\/a><\/li><li class=\"elementor-sitemap-item elementor-sitemap-item-post page_item page-item-34400\"><a href=\"https:\/\/soposting-worker.com\/ro\/detasarea-angajatilor-din-transportul-rutier-in-franta-care-sunt-formalitatile\/\">Detasarea angaja\u021bilor din transportul rutier \u00een Fran\u021ba: care sunt formalit\u0103\u021bile?<\/a><\/li><li class=\"elementor-sitemap-item elementor-sitemap-item-post page_item page-item-34362\"><a href=\"https:\/\/soposting-worker.com\/ro\/detasarea-angajatilor-straini-in-spania\/\">Deta\u0219area angaja\u021bilor str\u0103ini \u00een Spania<\/a><\/li><li class=\"elementor-sitemap-item elementor-sitemap-item-post page_item page-item-34382\"><a href=\"https:\/\/soposting-worker.com\/ro\/detasarea-lucratorilor-noul-decret-publicat-in-jurnalul-oficial-al-frantei\/\">Deta\u0219area lucr\u0103torilor: noul decret publicat \u00een Jurnalul Oficial al Fran\u021bei<\/a><\/li><li class=\"elementor-sitemap-item elementor-sitemap-item-post page_item page-item-34396\"><a href=\"https:\/\/soposting-worker.com\/ro\/detasarea-personalului-britanic-in-franta-ce-impact-va-avea-brexit-asupra-situatiei-angajatilor-dumneavoastra\/\">Detasarea personalului britanic \u00een Fran\u021ba: ce impact va avea Brexit asupra situa\u021biei angaja\u021bilor dumneavoastr\u0103?<\/a><\/li><li class=\"elementor-sitemap-item elementor-sitemap-item-post page_item page-item-34373\"><a href=\"https:\/\/soposting-worker.com\/ro\/detasati-angajati-in-franta-aveti-o-gama-larga-de-obligatii\/\">Deta\u0219a\u021bi angaja\u021bi \u00een Fran\u021ba? Ave\u021bi numeroase obliga\u021bii!<\/a><\/li><li class=\"elementor-sitemap-item elementor-sitemap-item-post page_item page-item-34346\"><a href=\"https:\/\/soposting-worker.com\/ro\/esti-un-transportator-care-detaseaza-angajati-in-franta\/\">E\u0219ti un transportator care deta\u0219eaz\u0103 angaja\u021bi \u00een Fran\u021ba?<\/a><\/li><li class=\"elementor-sitemap-item elementor-sitemap-item-post page_item page-item-34380\"><a href=\"https:\/\/soposting-worker.com\/ro\/fara-card-btp-amenda-dublata\/\">F\u0103r\u0103 card BTP: amend\u0103 dublat\u0103<\/a><\/li><li class=\"elementor-sitemap-item elementor-sitemap-item-post page_item page-item-34348\"><a href=\"https:\/\/soposting-worker.com\/ro\/fotografiile-de-identitate-pentru-documentele-oficiale-sunt-intotdeauna-o-mare-bataie-de-cap\/\">Fotografiile de identitate pentru documentele oficiale sunt \u00eentotdeauna o mare b\u0103taie de cap<\/a><\/li><li class=\"elementor-sitemap-item elementor-sitemap-item-post page_item page-item-34357\"><a href=\"https:\/\/soposting-worker.com\/ro\/importanta-de-a-avea-un-reprezentant-legal-pentru-detasarea-angajatilor-tai\/\">Importan\u021ba de a avea un reprezentant legal pentru deta\u0219area angaja\u021bilor t\u0103i<\/a><\/li><li class=\"elementor-sitemap-item elementor-sitemap-item-post page_item page-item-34366\"><a href=\"https:\/\/soposting-worker.com\/ro\/masuri-noi-privind-detasarea-si-munca-ilegala-in-lumina-noii-legi-franceze-loi-avenir-professionnel\/\">M\u0103suri noi privind deta\u0219area \u0219i munca ilegal\u0103 \u00een lumina noii legi franceze \u201eLoi Avenir Professionnel\u201d<\/a><\/li><li class=\"elementor-sitemap-item elementor-sitemap-item-post page_item page-item-34376\"><a href=\"https:\/\/soposting-worker.com\/ro\/noi-reglementari-pentru-transportatori-in-legatura-cu-detasarea-angajatilor\/\">Noi reglement\u0103ri pentru transportatori \u00een leg\u0103tur\u0103 cu deta\u0219area angaja\u021bilor<\/a><\/li><li class=\"elementor-sitemap-item elementor-sitemap-item-post page_item page-item-34398\"><a href=\"https:\/\/soposting-worker.com\/ro\/pachetul-de-mobilitate-noi-reglementari-incepand-cu-2-februarie-2022\/\">Pachetul de mobilitate: noi reglement\u0103ri \u00eencep\u00e2nd cu 2 februarie 2022<\/a><\/li><li class=\"elementor-sitemap-item elementor-sitemap-item-post page_item page-item-34384\"><a href=\"https:\/\/soposting-worker.com\/ro\/pachetul-de-mobilitate-reforma-sectorului-transporturilor-rutiere\/\">Pachetul de mobilitate: reforma sectorului transporturilor rutiere<\/a><\/li><li class=\"elementor-sitemap-item elementor-sitemap-item-post page_item page-item-34359\"><a href=\"https:\/\/soposting-worker.com\/ro\/rennes-introduce-autocolantul-critair\/\">Rennes introduce autocolantul Crit&#8217;Air<\/a><\/li><li class=\"elementor-sitemap-item elementor-sitemap-item-post page_item page-item-34393\"><a href=\"https:\/\/soposting-worker.com\/ro\/restrictii-pentru-calatori-si-transportatori-care-intra-si-calatoresc-in-olanda\/\">Restric\u021bii pentru c\u0103l\u0103tori \u0219i transportatori care intr\u0103 \u0219i c\u0103l\u0103toresc \u00een Olanda<\/a><\/li><li class=\"elementor-sitemap-item elementor-sitemap-item-post page_item page-item-35775\"><a href=\"https:\/\/soposting-worker.com\/ro\/salariat-detasat-in-franta-ce-reguli-trebuie-respectate-de-catre-angajator\/\">Salariat deta\u0219at \u00een Fran\u021ba: ce reguli trebuie respectate de c\u0103tre angajator?<\/a><\/li><li class=\"elementor-sitemap-item elementor-sitemap-item-post page_item page-item-34370\"><a href=\"https:\/\/soposting-worker.com\/ro\/secundati-va-angajatii-in-strainatate-in-sectorul-constructiilor-si-al-lucrarilor-publice\/\">Secunda\u021bi-v\u0103 angaja\u021bii \u00een str\u0103in\u0103tate \u00een sectorul construc\u021biilor \u0219i al lucr\u0103rilor publice<\/a><\/li><li class=\"elementor-sitemap-item elementor-sitemap-item-post page_item page-item-34389\"><a href=\"https:\/\/soposting-worker.com\/ro\/stare-de-asediu-in-franta-noi-documente-justificative-pentru-angajatii-detasati\/\">Stare de asediu \u00een Fran\u021ba, noi documente justificative pentru angaja\u021bii deta\u0219a\u021bi<\/a><\/li><li class=\"elementor-sitemap-item elementor-sitemap-item-post page_item page-item-33827\"><a href=\"https:\/\/soposting-worker.com\/ro\/totul-despre-formularul-a1-pentru-detasarea-angajatilor-in-franta\/\">Totul despre formularul A1 pentru deta\u0219area angaja\u021bilor \u00een Fran\u021ba<\/a><\/li><\/ul><\/div><div class=\"elementor-sitemap-section\"><h2 class=\"elementor-sitemap-title elementor-sitemap-actualite-title\">\u0218tiri<\/h2><ul class=\"elementor-sitemap-list elementor-sitemap-actualite-list\"><li class=\"elementor-sitemap-item elementor-sitemap-item-actualite page_item page-item-29023\"><a href=\"https:\/\/soposting-worker.com\/ro\/descoperiti-noua-platforma-asd-spw-ex-so-posting-worker\/\">Descoperi\u021bi noua platform\u0103 ASD SPW (ex-So Posting Worker)!<\/a><\/li><\/ul><\/div><\/div>\t\t\t\t<\/div>\n\t\t\t\t<\/div>\n\t\t\t\t<\/div>\n\t\t\t\t\t<\/div>\n\t\t\t\t<\/div>\n\t\t\t\t<\/div>\n\t\t","protected":false},"excerpt":{"rendered":"<p>ACAS\u0102 &gt; HARTA SITE-ULUI&nbsp; Harta site-ului: aici g\u0103si\u021bi toate paginile site-ului<\/p>\n","protected":false},"author":7,"featured_media":0,"parent":0,"menu_order":0,"comment_status":"closed","ping_status":"closed","template":"elementor_header_footer","meta":{"footnotes":""},"class_list":["post-25957","page","type-page","status-publish","hentry"],"yoast_head":"<!-- This site is optimized with the Yoast SEO plugin v27.4 - https:\/\/yoast.com\/product\/yoast-seo-wordpress\/ -->\n<title>Harta site-ului | ASD SPW<\/title>\n<meta name=\"robots\" content=\"index, follow, max-snippet:-1, max-image-preview:large, max-video-preview:-1\" \/>\n<link rel=\"canonical\" href=\"https:\/\/soposting-worker.com\/ro\/harta-site-ului\/\" \/>\n<meta property=\"og:locale\" content=\"ro_RO\" \/>\n<meta property=\"og:type\" content=\"article\" \/>\n<meta property=\"og:title\" content=\"Harta site-ului | ASD SPW\" \/>\n<meta property=\"og:description\" content=\"ACAS\u0102 &gt; HARTA SITE-ULUI&nbsp; Harta site-ului: aici g\u0103si\u021bi toate paginile site-ului\" \/>\n<meta property=\"og:url\" content=\"https:\/\/soposting-worker.com\/ro\/harta-site-ului\/\" \/>\n<meta property=\"og:site_name\" content=\"ASD SPW\" \/>\n<meta property=\"article:publisher\" content=\"https:\/\/www.facebook.com\/asd.spw\" \/>\n<meta property=\"article:modified_time\" content=\"2025-09-17T11:29:04+00:00\" \/>\n<meta property=\"og:image\" content=\"https:\/\/soposting-worker.com\/wp-content\/uploads\/2024\/10\/Logo-ASD-SPW-noir.png\" \/>\n\t<meta property=\"og:image:width\" content=\"1134\" \/>\n\t<meta property=\"og:image:height\" content=\"766\" \/>\n\t<meta property=\"og:image:type\" content=\"image\/png\" \/>\n<meta name=\"twitter:card\" content=\"summary_large_image\" \/>\n<meta name=\"twitter:label1\" content=\"Timp estimat pentru citire\" \/>\n\t<meta name=\"twitter:data1\" content=\"2 minute\" \/>\n<script type=\"application\/ld+json\" class=\"yoast-schema-graph\">{\"@context\":\"https:\\\/\\\/schema.org\",\"@graph\":[{\"@type\":\"WebPage\",\"@id\":\"https:\\\/\\\/soposting-worker.com\\\/ro\\\/harta-site-ului\\\/\",\"url\":\"https:\\\/\\\/soposting-worker.com\\\/ro\\\/harta-site-ului\\\/\",\"name\":\"Harta site-ului | ASD SPW\",\"isPartOf\":{\"@id\":\"https:\\\/\\\/soposting-worker.com\\\/ro\\\/#website\"},\"datePublished\":\"2024-04-05T08:41:45+00:00\",\"dateModified\":\"2025-09-17T11:29:04+00:00\",\"breadcrumb\":{\"@id\":\"https:\\\/\\\/soposting-worker.com\\\/ro\\\/harta-site-ului\\\/#breadcrumb\"},\"inLanguage\":\"ro-RO\",\"potentialAction\":[{\"@type\":\"ReadAction\",\"target\":[\"https:\\\/\\\/soposting-worker.com\\\/ro\\\/harta-site-ului\\\/\"]}]},{\"@type\":\"BreadcrumbList\",\"@id\":\"https:\\\/\\\/soposting-worker.com\\\/ro\\\/harta-site-ului\\\/#breadcrumb\",\"itemListElement\":[{\"@type\":\"ListItem\",\"position\":1,\"name\":\"Accueil\",\"item\":\"https:\\\/\\\/soposting-worker.com\\\/ro\\\/\"},{\"@type\":\"ListItem\",\"position\":2,\"name\":\"Harta site-ului\"}]},{\"@type\":\"WebSite\",\"@id\":\"https:\\\/\\\/soposting-worker.com\\\/ro\\\/#website\",\"url\":\"https:\\\/\\\/soposting-worker.com\\\/ro\\\/\",\"name\":\"ASD SPW\",\"description\":\"Streamline Your Secondments, Simplify Procedures\",\"publisher\":{\"@id\":\"https:\\\/\\\/soposting-worker.com\\\/ro\\\/#organization\"},\"alternateName\":\"So Posting Worker\",\"potentialAction\":[{\"@type\":\"SearchAction\",\"target\":{\"@type\":\"EntryPoint\",\"urlTemplate\":\"https:\\\/\\\/soposting-worker.com\\\/ro\\\/?s={search_term_string}\"},\"query-input\":{\"@type\":\"PropertyValueSpecification\",\"valueRequired\":true,\"valueName\":\"search_term_string\"}}],\"inLanguage\":\"ro-RO\"},{\"@type\":\"Organization\",\"@id\":\"https:\\\/\\\/soposting-worker.com\\\/ro\\\/#organization\",\"name\":\"ASD SPW\",\"alternateName\":\"So Posting Worker\",\"url\":\"https:\\\/\\\/soposting-worker.com\\\/ro\\\/\",\"logo\":{\"@type\":\"ImageObject\",\"inLanguage\":\"ro-RO\",\"@id\":\"https:\\\/\\\/soposting-worker.com\\\/ro\\\/#\\\/schema\\\/logo\\\/image\\\/\",\"url\":\"https:\\\/\\\/soposting-worker.com\\\/wp-content\\\/uploads\\\/2024\\\/10\\\/logo-asd-spw-noir-transparent-carre.png\",\"contentUrl\":\"https:\\\/\\\/soposting-worker.com\\\/wp-content\\\/uploads\\\/2024\\\/10\\\/logo-asd-spw-noir-transparent-carre.png\",\"width\":696,\"height\":696,\"caption\":\"ASD SPW\"},\"image\":{\"@id\":\"https:\\\/\\\/soposting-worker.com\\\/ro\\\/#\\\/schema\\\/logo\\\/image\\\/\"},\"sameAs\":[\"https:\\\/\\\/www.facebook.com\\\/asd.spw\",\"https:\\\/\\\/www.linkedin.com\\\/showcase\\\/asd-spw\\\/\"]}]}<\/script>\n<!-- \/ Yoast SEO plugin. -->","yoast_head_json":{"title":"Harta site-ului | ASD SPW","robots":{"index":"index","follow":"follow","max-snippet":"max-snippet:-1","max-image-preview":"max-image-preview:large","max-video-preview":"max-video-preview:-1"},"canonical":"https:\/\/soposting-worker.com\/ro\/harta-site-ului\/","og_locale":"ro_RO","og_type":"article","og_title":"Harta site-ului | ASD SPW","og_description":"ACAS\u0102 &gt; HARTA SITE-ULUI&nbsp; Harta site-ului: aici g\u0103si\u021bi toate paginile site-ului","og_url":"https:\/\/soposting-worker.com\/ro\/harta-site-ului\/","og_site_name":"ASD SPW","article_publisher":"https:\/\/www.facebook.com\/asd.spw","article_modified_time":"2025-09-17T11:29:04+00:00","og_image":[{"width":1134,"height":766,"url":"https:\/\/soposting-worker.com\/wp-content\/uploads\/2024\/10\/Logo-ASD-SPW-noir.png","type":"image\/png"}],"twitter_card":"summary_large_image","twitter_misc":{"Timp estimat pentru citire":"2 minute"},"schema":{"@context":"https:\/\/schema.org","@graph":[{"@type":"WebPage","@id":"https:\/\/soposting-worker.com\/ro\/harta-site-ului\/","url":"https:\/\/soposting-worker.com\/ro\/harta-site-ului\/","name":"Harta site-ului | ASD SPW","isPartOf":{"@id":"https:\/\/soposting-worker.com\/ro\/#website"},"datePublished":"2024-04-05T08:41:45+00:00","dateModified":"2025-09-17T11:29:04+00:00","breadcrumb":{"@id":"https:\/\/soposting-worker.com\/ro\/harta-site-ului\/#breadcrumb"},"inLanguage":"ro-RO","potentialAction":[{"@type":"ReadAction","target":["https:\/\/soposting-worker.com\/ro\/harta-site-ului\/"]}]},{"@type":"BreadcrumbList","@id":"https:\/\/soposting-worker.com\/ro\/harta-site-ului\/#breadcrumb","itemListElement":[{"@type":"ListItem","position":1,"name":"Accueil","item":"https:\/\/soposting-worker.com\/ro\/"},{"@type":"ListItem","position":2,"name":"Harta site-ului"}]},{"@type":"WebSite","@id":"https:\/\/soposting-worker.com\/ro\/#website","url":"https:\/\/soposting-worker.com\/ro\/","name":"ASD SPW","description":"Streamline Your Secondments, Simplify Procedures","publisher":{"@id":"https:\/\/soposting-worker.com\/ro\/#organization"},"alternateName":"So Posting Worker","potentialAction":[{"@type":"SearchAction","target":{"@type":"EntryPoint","urlTemplate":"https:\/\/soposting-worker.com\/ro\/?s={search_term_string}"},"query-input":{"@type":"PropertyValueSpecification","valueRequired":true,"valueName":"search_term_string"}}],"inLanguage":"ro-RO"},{"@type":"Organization","@id":"https:\/\/soposting-worker.com\/ro\/#organization","name":"ASD SPW","alternateName":"So Posting Worker","url":"https:\/\/soposting-worker.com\/ro\/","logo":{"@type":"ImageObject","inLanguage":"ro-RO","@id":"https:\/\/soposting-worker.com\/ro\/#\/schema\/logo\/image\/","url":"https:\/\/soposting-worker.com\/wp-content\/uploads\/2024\/10\/logo-asd-spw-noir-transparent-carre.png","contentUrl":"https:\/\/soposting-worker.com\/wp-content\/uploads\/2024\/10\/logo-asd-spw-noir-transparent-carre.png","width":696,"height":696,"caption":"ASD SPW"},"image":{"@id":"https:\/\/soposting-worker.com\/ro\/#\/schema\/logo\/image\/"},"sameAs":["https:\/\/www.facebook.com\/asd.spw","https:\/\/www.linkedin.com\/showcase\/asd-spw\/"]}]}},"_links":{"self":[{"href":"https:\/\/soposting-worker.com\/ro\/wp-json\/wp\/v2\/pages\/25957","targetHints":{"allow":["GET"]}}],"collection":[{"href":"https:\/\/soposting-worker.com\/ro\/wp-json\/wp\/v2\/pages"}],"about":[{"href":"https:\/\/soposting-worker.com\/ro\/wp-json\/wp\/v2\/types\/page"}],"author":[{"embeddable":true,"href":"https:\/\/soposting-worker.com\/ro\/wp-json\/wp\/v2\/users\/7"}],"replies":[{"embeddable":true,"href":"https:\/\/soposting-worker.com\/ro\/wp-json\/wp\/v2\/comments?post=25957"}],"version-history":[{"count":10,"href":"https:\/\/soposting-worker.com\/ro\/wp-json\/wp\/v2\/pages\/25957\/revisions"}],"predecessor-version":[{"id":35490,"href":"https:\/\/soposting-worker.com\/ro\/wp-json\/wp\/v2\/pages\/25957\/revisions\/35490"}],"wp:attachment":[{"href":"https:\/\/soposting-worker.com\/ro\/wp-json\/wp\/v2\/media?parent=25957"}],"curies":[{"name":"wp","href":"https:\/\/api.w.org\/{rel}","templated":true}]}}