{"id":25952,"date":"2024-04-05T08:41:45","date_gmt":"2024-04-05T08:41:45","guid":{"rendered":"https:\/\/soposting-worker.com\/?page_id=25952"},"modified":"2025-09-17T11:25:58","modified_gmt":"2025-09-17T11:25:58","slug":"mapa-do-site","status":"publish","type":"page","link":"https:\/\/soposting-worker.com\/pt\/mapa-do-site\/","title":{"rendered":"Mapa do site"},"content":{"rendered":"\t\t<div data-elementor-type=\"wp-page\" data-elementor-id=\"25952\" class=\"elementor elementor-25952 elementor-25910\" data-elementor-post-type=\"page\">\n\t\t\t\t\t\t<section class=\"elementor-section elementor-top-section elementor-element elementor-element-b483247 elementor-section-content-middle elementor-section-boxed elementor-section-height-default elementor-section-height-default\" data-id=\"b483247\" data-element_type=\"section\" data-e-type=\"section\" data-settings=\"{&quot;background_background&quot;:&quot;classic&quot;}\">\n\t\t\t\t\t\t<div class=\"elementor-container elementor-column-gap-no\">\n\t\t\t\t\t<div class=\"elementor-column elementor-col-100 elementor-top-column elementor-element elementor-element-d3e8769\" data-id=\"d3e8769\" data-element_type=\"column\" data-e-type=\"column\">\n\t\t\t<div class=\"elementor-widget-wrap elementor-element-populated\">\n\t\t\t\t\t\t<div class=\"elementor-element elementor-element-07f6414 elementor-widget elementor-widget-text-editor\" data-id=\"07f6414\" data-element_type=\"widget\" data-e-type=\"widget\" data-widget_type=\"text-editor.default\">\n\t\t\t\t<div class=\"elementor-widget-container\">\n\t\t\t\t\t\t\t\t\t<p><a href=\"\/pt\/\"> IN\u00cdCIO <\/a> &gt; MAPA DO SITE\u00a0<\/p>\t\t\t\t\t\t\t\t<\/div>\n\t\t\t\t<\/div>\n\t\t<div class=\"elementor-element elementor-element-9dda2ef e-con-full e-flex e-con e-parent\" data-id=\"9dda2ef\" data-element_type=\"container\" data-e-type=\"container\">\n\t\t<div class=\"elementor-element elementor-element-35153de e-con-full e-flex e-con e-child\" data-id=\"35153de\" data-element_type=\"container\" data-e-type=\"container\">\n\t\t\t\t<div class=\"elementor-element elementor-element-e64a744 elementor-widget elementor-widget-text-editor\" data-id=\"e64a744\" data-element_type=\"widget\" data-e-type=\"widget\" data-widget_type=\"text-editor.default\">\n\t\t\t\t<div class=\"elementor-widget-container\">\n\t\t\t\t\t\t\t\t\t<h1 class=\"elementor-heading-title elementor-size-default\">Mapa do site: aqui voc\u00ea encontra todas as p\u00e1ginas do site<\/h1>\t\t\t\t\t\t\t\t<\/div>\n\t\t\t\t<\/div>\n\t\t\t\t<\/div>\n\t\t\t\t<\/div>\n\t\t\t\t<div class=\"elementor-element elementor-element-439f48d elementor-widget-divider--view-line elementor-widget elementor-widget-divider\" data-id=\"439f48d\" data-element_type=\"widget\" data-e-type=\"widget\" data-widget_type=\"divider.default\">\n\t\t\t\t<div class=\"elementor-widget-container\">\n\t\t\t\t\t\t\t<div class=\"elementor-divider\">\n\t\t\t<span class=\"elementor-divider-separator\">\n\t\t\t\t\t\t<\/span>\n\t\t<\/div>\n\t\t\t\t\t\t<\/div>\n\t\t\t\t<\/div>\n\t\t\t\t\t<\/div>\n\t\t<\/div>\n\t\t\t\t\t<\/div>\n\t\t<\/section>\n\t\t<div class=\"elementor-element elementor-element-3a1d28d sitemap-bloc e-flex e-con-boxed e-con e-parent\" data-id=\"3a1d28d\" data-element_type=\"container\" data-e-type=\"container\">\n\t\t\t\t\t<div class=\"e-con-inner\">\n\t\t<div class=\"elementor-element elementor-element-20aa633 e-con-full e-flex e-con e-child\" data-id=\"20aa633\" data-element_type=\"container\" data-e-type=\"container\">\n\t\t\t\t<div class=\"elementor-element elementor-element-fb9017c elementor-widget elementor-widget-html\" data-id=\"fb9017c\" data-element_type=\"widget\" data-e-type=\"widget\" data-widget_type=\"html.default\">\n\t\t\t\t<div class=\"elementor-widget-container\">\n\t\t\t\t\t<div class=\"prefil-long prefil-social\">\r\n<\/div>\t\t\t\t<\/div>\n\t\t\t\t<\/div>\n\t\t\t\t<div class=\"elementor-element elementor-element-bf57a8c elementor-widget elementor-widget-html\" data-id=\"bf57a8c\" data-element_type=\"widget\" data-e-type=\"widget\" data-widget_type=\"html.default\">\n\t\t\t\t<div class=\"elementor-widget-container\">\n\t\t\t\t\t<div class=\"prefil-small prefil-social\">\r\n<\/div>\t\t\t\t<\/div>\n\t\t\t\t<\/div>\n\t\t\t\t<div class=\"elementor-element elementor-element-cb99991 elementor-widget elementor-widget-sitemap\" data-id=\"cb99991\" data-element_type=\"widget\" data-e-type=\"widget\" data-widget_type=\"sitemap.default\">\n\t\t\t\t<div class=\"elementor-widget-container\">\n\t\t\t\t\t<div class=\"elementor-sitemap-wrap\"><div class=\"elementor-sitemap-section\"><h2 class=\"elementor-sitemap-title elementor-sitemap-page-title\">P\u00e1ginas<\/h2><ul class=\"elementor-sitemap-list elementor-sitemap-page-list\"><li class=\"elementor-sitemap-item elementor-sitemap-item-page page_item page-item-20697\"><a href=\"https:\/\/soposting-worker.com\/pt\/\">Accueil &#8211; PT<\/a><\/li><li class=\"elementor-sitemap-item elementor-sitemap-item-page page_item page-item-28352\"><a href=\"https:\/\/soposting-worker.com\/pt\/localizacoes\/\">As nossas localiza\u00e7\u00f5es<\/a><\/li><li class=\"elementor-sitemap-item elementor-sitemap-item-page page_item page-item-27998\"><a href=\"https:\/\/soposting-worker.com\/pt\/atualidades\/\">atualidades<\/a><\/li><li class=\"elementor-sitemap-item elementor-sitemap-item-page page_item page-item-24471\"><a href=\"https:\/\/soposting-worker.com\/pt\/blog\/\">Blogue &#8211; Publica\u00e7\u00f5es no blogue<\/a><\/li><li class=\"elementor-sitemap-item elementor-sitemap-item-page page_item page-item-24654\"><a href=\"https:\/\/soposting-worker.com\/pt\/contacto\/\">Contactar-nos<\/a><\/li><li class=\"elementor-sitemap-item elementor-sitemap-item-page page_item page-item-21938\"><a href=\"https:\/\/soposting-worker.com\/pt\/construcao\/\">Destacamento de trabalhadores em Fran\u00e7a no sector da constru\u00e7\u00e3o<\/a><\/li><li class=\"elementor-sitemap-item elementor-sitemap-item-page page_item page-item-22029\"><a href=\"https:\/\/soposting-worker.com\/pt\/eventos\/\">Destacamento de trabalhadores em Fran\u00e7a no sector dos eventos<\/a><\/li><li class=\"elementor-sitemap-item elementor-sitemap-item-page page_item page-item-22427\"><a href=\"https:\/\/soposting-worker.com\/pt\/transporte\/\">Destacamento de trabalhadores em Fran\u00e7a no sector dos transportes<\/a><\/li><li class=\"elementor-sitemap-item elementor-sitemap-item-page page_item page-item-22090\"><a href=\"https:\/\/soposting-worker.com\/pt\/exploracao-viticola\/\">Destacamento de trabalhadores em Fran\u00e7a no sector vitivin\u00edcola<\/a><\/li><li class=\"elementor-sitemap-item elementor-sitemap-item-page page_item page-item-21488\"><a href=\"https:\/\/soposting-worker.com\/pt\/comercio\/\">Destacamento de trabalhadores em Fran\u00e7a nos sectores do com\u00e9rcio e da ind\u00fastria<\/a><\/li><li class=\"elementor-sitemap-item elementor-sitemap-item-page page_item page-item-21423\"><a href=\"https:\/\/soposting-worker.com\/pt\/trabalho-temporario\/\">Destacamento de trabalhadores em Fran\u00e7a para trabalho tempor\u00e1rio<\/a><\/li><li class=\"elementor-sitemap-item elementor-sitemap-item-page page_item page-item-22284\"><a href=\"https:\/\/soposting-worker.com\/pt\/cartao-de-identidade-profissional-construcao\/\">Destacamento de trabalhadores em Fran\u00e7a: cart\u00e3o de identifica\u00e7\u00e3o de trabalhador da constru\u00e7\u00e3o civil (cart\u00e3o BTP)<\/a><\/li><li class=\"elementor-sitemap-item elementor-sitemap-item-page page_item page-item-21254\"><a href=\"https:\/\/soposting-worker.com\/pt\/declaracao-sipsi\/\">Destacamento de trabalhadores em Fran\u00e7a: Declara\u00e7\u00e3o pr\u00e9via SIPSI<\/a><\/li><li class=\"elementor-sitemap-item elementor-sitemap-item-page page_item page-item-22148\"><a href=\"https:\/\/soposting-worker.com\/pt\/documentos-de-informacao\/\">Destacamento de trabalhadores em Fran\u00e7a: documentos de informa\u00e7\u00e3o obrigat\u00f3rios<\/a><\/li><li class=\"elementor-sitemap-item elementor-sitemap-item-page page_item page-item-22361\"><a href=\"https:\/\/soposting-worker.com\/pt\/designacao-de-um-representante\/\">Destacamento de trabalhadores em Fran\u00e7a: representa\u00e7\u00e3o<\/a><\/li><li class=\"elementor-sitemap-item elementor-sitemap-item-page page_item page-item-24528\"><a href=\"https:\/\/soposting-worker.com\/pt\/destacamento-de-trabalhadores-franca\/\">Destacamento de trabalhadores para Fran\u00e7a<\/a><\/li><li class=\"elementor-sitemap-item elementor-sitemap-item-page page_item page-item-24967\"><a href=\"https:\/\/soposting-worker.com\/pt\/faq-perguntas-frequentes\/\">FAQ &#8211; Perguntas mais frequentes<\/a><\/li><li class=\"elementor-sitemap-item elementor-sitemap-item-page page_item page-item-21783\"><a href=\"https:\/\/soposting-worker.com\/pt\/precos\/\">Pre\u00e7os<\/a><\/li><li class=\"elementor-sitemap-item elementor-sitemap-item-page page_item page-item-25600\"><a href=\"https:\/\/soposting-worker.com\/pt\/sobre-nos\/\">Sobre n\u00f3s<\/a><\/li><\/ul><\/div><div class=\"elementor-sitemap-section\"><h2 class=\"elementor-sitemap-title elementor-sitemap-post-title\">Artigos de blog<\/h2><ul class=\"elementor-sitemap-list elementor-sitemap-post-list\"><li class=\"elementor-sitemap-item elementor-sitemap-item-post page_item page-item-34453\"><a href=\"https:\/\/soposting-worker.com\/pt\/a-importancia-de-ter-um-representante-legal-para-o-destacamento-dos-teus-trabalhadores\/\">A import\u00e2ncia de ter um representante legal para o destacamento dos teus trabalhadores<\/a><\/li><li class=\"elementor-sitemap-item elementor-sitemap-item-post page_item page-item-34410\"><a href=\"https:\/\/soposting-worker.com\/pt\/as-fotos-de-identificacao-para-documentos-oficiais-sao-sempre-uma-grande-dor-de-cabeca\/\">As fotos de identifica\u00e7\u00e3o para documentos oficiais s\u00e3o sempre uma grande dor de cabe\u00e7a<\/a><\/li><li class=\"elementor-sitemap-item elementor-sitemap-item-post page_item page-item-34469\"><a href=\"https:\/\/soposting-worker.com\/pt\/brexit-destacamento-de-trabalhadores-para-franca\/\">Brexit: destacamento de trabalhadores para Fran\u00e7a<\/a><\/li><li class=\"elementor-sitemap-item elementor-sitemap-item-post page_item page-item-34479\"><a href=\"https:\/\/soposting-worker.com\/pt\/coronavirus-novas-diretrizes-da-comissao-europeia-de-23-e-30-de-maio\/\">Coronav\u00edrus: Novas diretrizes da Comiss\u00e3o Europeia de 23 e 30 de maio<\/a><\/li><li class=\"elementor-sitemap-item elementor-sitemap-item-post page_item page-item-34472\"><a href=\"https:\/\/soposting-worker.com\/pt\/destaca-empregados-para-franca\/\">Destaca empregados para Fran\u00e7a?<\/a><\/li><li class=\"elementor-sitemap-item elementor-sitemap-item-post page_item page-item-34457\"><a href=\"https:\/\/soposting-worker.com\/pt\/destacamento-de-trabalhadores-estrangeiros-para-a-espanha\/\">Destacamento de trabalhadores estrangeiros para a Espanha<\/a><\/li><li class=\"elementor-sitemap-item elementor-sitemap-item-post page_item page-item-34451\"><a href=\"https:\/\/soposting-worker.com\/pt\/destacamento-no-setor-da-construcao-e-engenharia-civil-conheces-todas-as-tuas-obrigacoes\/\">Destacamento no setor da constru\u00e7\u00e3o e engenharia civil: conheces todas as tuas obriga\u00e7\u00f5es?<\/a><\/li><li class=\"elementor-sitemap-item elementor-sitemap-item-post page_item page-item-34463\"><a href=\"https:\/\/soposting-worker.com\/pt\/destacar-os-seus-funcionarios-para-o-estrangeiro-no-setor-da-construcao-e-obras-publicas\/\">Destacar os seus funcion\u00e1rios para o estrangeiro no setor da constru\u00e7\u00e3o e obras p\u00fablicas<\/a><\/li><li class=\"elementor-sitemap-item elementor-sitemap-item-post page_item page-item-34465\"><a href=\"https:\/\/soposting-worker.com\/pt\/envia-funcionarios-para-a-franca-tem-uma-vasta-gama-de-obrigacoes\/\">Envia funcion\u00e1rios para a Fran\u00e7a? Tem uma vasta gama de obriga\u00e7\u00f5es!<\/a><\/li><li class=\"elementor-sitemap-item elementor-sitemap-item-post page_item page-item-34407\"><a href=\"https:\/\/soposting-worker.com\/pt\/es-um-transportador-que-destaca-trabalhadores-para-franca\/\">Es um transportador que destaca trabalhadores para Fran\u00e7a?<\/a><\/li><li class=\"elementor-sitemap-item elementor-sitemap-item-post page_item page-item-34446\"><a href=\"https:\/\/soposting-worker.com\/pt\/ja-tens-o-teu-distico-critair\/\">J\u00e1 tens o teu d\u00edstico Crit&#8217;Air?<\/a><\/li><li class=\"elementor-sitemap-item elementor-sitemap-item-post page_item page-item-34459\"><a href=\"https:\/\/soposting-worker.com\/pt\/novas-medidas-sobre-destacamento-e-emprego-ilegal-a-luz-da-nova-lei-francesa-loi-avenir-professionnel\/\">Novas medidas sobre destacamento e emprego ilegal \u00e0 luz da nova lei francesa &#8220;Loi Avenir Professionnel&#8221;.<\/a><\/li><li class=\"elementor-sitemap-item elementor-sitemap-item-post page_item page-item-34467\"><a href=\"https:\/\/soposting-worker.com\/pt\/novos-regulamentos-para-transportadoras-em-relacao-ao-destacamento-de-trabalhadores\/\">Novos regulamentos para transportadoras em rela\u00e7\u00e3o ao destacamento de trabalhadores<\/a><\/li><li class=\"elementor-sitemap-item elementor-sitemap-item-post page_item page-item-34461\"><a href=\"https:\/\/soposting-worker.com\/pt\/o-que-e-o-autocolante-critair\/\">O que \u00e9 o autocolante Crit&#8217;Air?<\/a><\/li><li class=\"elementor-sitemap-item elementor-sitemap-item-post page_item page-item-34455\"><a href=\"https:\/\/soposting-worker.com\/pt\/rennes-introduz-o-autocolante-critair\/\">Rennes introduz o autocolante Crit&#8217;Air<\/a><\/li><li class=\"elementor-sitemap-item elementor-sitemap-item-post page_item page-item-34477\"><a href=\"https:\/\/soposting-worker.com\/pt\/sem-cartao-btp-penalidade-duplicada\/\">Sem cart\u00e3o BTP: penalidade duplicada<\/a><\/li><li class=\"elementor-sitemap-item elementor-sitemap-item-post page_item page-item-34448\"><a href=\"https:\/\/soposting-worker.com\/pt\/trabalhadores-destacados-qual-e-a-situacao-atual\/\">Trabalhadores destacados: qual \u00e9 a situa\u00e7\u00e3o atual?<\/a><\/li><li class=\"elementor-sitemap-item elementor-sitemap-item-post page_item page-item-33836\"><a href=\"https:\/\/soposting-worker.com\/pt\/tudo-sobre-o-formulario-a1-para-o-destacamento-de-trabalhadores-para-franca\/\">Tudo sobre o formul\u00e1rio A1 para o destacamento de trabalhadores para Fran\u00e7a<\/a><\/li><\/ul><\/div><div class=\"elementor-sitemap-section\"><h2 class=\"elementor-sitemap-title elementor-sitemap-actualite-title\">Not\u00edcias<\/h2><ul class=\"elementor-sitemap-list elementor-sitemap-actualite-list\"><li class=\"elementor-sitemap-item elementor-sitemap-item-actualite page_item page-item-29021\"><a href=\"https:\/\/soposting-worker.com\/pt\/descubra-a-nova-plataforma-asd-spw-ex-so-posting-worker\/\">Descubra a nova plataforma ASD SPW (ex-So Posting Worker)!<\/a><\/li><\/ul><\/div><\/div>\t\t\t\t<\/div>\n\t\t\t\t<\/div>\n\t\t\t\t<\/div>\n\t\t\t\t\t<\/div>\n\t\t\t\t<\/div>\n\t\t\t\t<\/div>\n\t\t","protected":false},"excerpt":{"rendered":"<p>IN\u00cdCIO &gt; MAPA DO SITE\u00a0 Mapa do site: aqui voc\u00ea encontra todas as p\u00e1ginas do site<\/p>\n","protected":false},"author":8,"featured_media":0,"parent":0,"menu_order":0,"comment_status":"closed","ping_status":"closed","template":"elementor_header_footer","meta":{"footnotes":""},"class_list":["post-25952","page","type-page","status-publish","hentry"],"yoast_head":"<!-- This site is optimized with the Yoast SEO plugin v27.4 - https:\/\/yoast.com\/product\/yoast-seo-wordpress\/ -->\n<title>Mapa do site | ASD SPW<\/title>\n<meta name=\"robots\" content=\"index, follow, max-snippet:-1, max-image-preview:large, max-video-preview:-1\" \/>\n<link rel=\"canonical\" href=\"https:\/\/soposting-worker.com\/pt\/mapa-do-site\/\" \/>\n<meta property=\"og:locale\" content=\"pt_PT\" \/>\n<meta property=\"og:type\" content=\"article\" \/>\n<meta property=\"og:title\" content=\"Mapa do site | ASD SPW\" \/>\n<meta property=\"og:description\" content=\"IN\u00cdCIO &gt; MAPA DO SITE\u00a0 Mapa do site: aqui voc\u00ea encontra todas as p\u00e1ginas do site\" \/>\n<meta property=\"og:url\" content=\"https:\/\/soposting-worker.com\/pt\/mapa-do-site\/\" \/>\n<meta property=\"og:site_name\" content=\"ASD SPW\" \/>\n<meta property=\"article:publisher\" content=\"https:\/\/www.facebook.com\/asd.spw\" \/>\n<meta property=\"article:modified_time\" content=\"2025-09-17T11:25:58+00:00\" \/>\n<meta property=\"og:image\" content=\"https:\/\/soposting-worker.com\/wp-content\/uploads\/2024\/10\/Logo-ASD-SPW-noir.png\" \/>\n\t<meta property=\"og:image:width\" content=\"1134\" \/>\n\t<meta property=\"og:image:height\" content=\"766\" \/>\n\t<meta property=\"og:image:type\" content=\"image\/png\" \/>\n<meta name=\"twitter:card\" content=\"summary_large_image\" \/>\n<meta name=\"twitter:label1\" content=\"Est. reading time\" \/>\n\t<meta name=\"twitter:data1\" content=\"2 minutes\" \/>\n<script type=\"application\/ld+json\" class=\"yoast-schema-graph\">{\"@context\":\"https:\\\/\\\/schema.org\",\"@graph\":[{\"@type\":\"WebPage\",\"@id\":\"https:\\\/\\\/soposting-worker.com\\\/pt\\\/mapa-do-site\\\/\",\"url\":\"https:\\\/\\\/soposting-worker.com\\\/pt\\\/mapa-do-site\\\/\",\"name\":\"Mapa do site | ASD SPW\",\"isPartOf\":{\"@id\":\"https:\\\/\\\/soposting-worker.com\\\/pt\\\/#website\"},\"datePublished\":\"2024-04-05T08:41:45+00:00\",\"dateModified\":\"2025-09-17T11:25:58+00:00\",\"breadcrumb\":{\"@id\":\"https:\\\/\\\/soposting-worker.com\\\/pt\\\/mapa-do-site\\\/#breadcrumb\"},\"inLanguage\":\"Pt-PT\",\"potentialAction\":[{\"@type\":\"ReadAction\",\"target\":[\"https:\\\/\\\/soposting-worker.com\\\/pt\\\/mapa-do-site\\\/\"]}]},{\"@type\":\"BreadcrumbList\",\"@id\":\"https:\\\/\\\/soposting-worker.com\\\/pt\\\/mapa-do-site\\\/#breadcrumb\",\"itemListElement\":[{\"@type\":\"ListItem\",\"position\":1,\"name\":\"Accueil\",\"item\":\"https:\\\/\\\/soposting-worker.com\\\/pt\\\/\"},{\"@type\":\"ListItem\",\"position\":2,\"name\":\"Mapa do site\"}]},{\"@type\":\"WebSite\",\"@id\":\"https:\\\/\\\/soposting-worker.com\\\/pt\\\/#website\",\"url\":\"https:\\\/\\\/soposting-worker.com\\\/pt\\\/\",\"name\":\"ASD SPW\",\"description\":\"Streamline Your Secondments, Simplify Procedures\",\"publisher\":{\"@id\":\"https:\\\/\\\/soposting-worker.com\\\/pt\\\/#organization\"},\"alternateName\":\"So Posting Worker\",\"potentialAction\":[{\"@type\":\"SearchAction\",\"target\":{\"@type\":\"EntryPoint\",\"urlTemplate\":\"https:\\\/\\\/soposting-worker.com\\\/pt\\\/?s={search_term_string}\"},\"query-input\":{\"@type\":\"PropertyValueSpecification\",\"valueRequired\":true,\"valueName\":\"search_term_string\"}}],\"inLanguage\":\"Pt-PT\"},{\"@type\":\"Organization\",\"@id\":\"https:\\\/\\\/soposting-worker.com\\\/pt\\\/#organization\",\"name\":\"ASD SPW\",\"alternateName\":\"So Posting Worker\",\"url\":\"https:\\\/\\\/soposting-worker.com\\\/pt\\\/\",\"logo\":{\"@type\":\"ImageObject\",\"inLanguage\":\"Pt-PT\",\"@id\":\"https:\\\/\\\/soposting-worker.com\\\/pt\\\/#\\\/schema\\\/logo\\\/image\\\/\",\"url\":\"https:\\\/\\\/soposting-worker.com\\\/wp-content\\\/uploads\\\/2024\\\/10\\\/logo-asd-spw-noir-transparent-carre.png\",\"contentUrl\":\"https:\\\/\\\/soposting-worker.com\\\/wp-content\\\/uploads\\\/2024\\\/10\\\/logo-asd-spw-noir-transparent-carre.png\",\"width\":696,\"height\":696,\"caption\":\"ASD SPW\"},\"image\":{\"@id\":\"https:\\\/\\\/soposting-worker.com\\\/pt\\\/#\\\/schema\\\/logo\\\/image\\\/\"},\"sameAs\":[\"https:\\\/\\\/www.facebook.com\\\/asd.spw\",\"https:\\\/\\\/www.linkedin.com\\\/showcase\\\/asd-spw\\\/\"]}]}<\/script>\n<!-- \/ Yoast SEO plugin. -->","yoast_head_json":{"title":"Mapa do site | ASD SPW","robots":{"index":"index","follow":"follow","max-snippet":"max-snippet:-1","max-image-preview":"max-image-preview:large","max-video-preview":"max-video-preview:-1"},"canonical":"https:\/\/soposting-worker.com\/pt\/mapa-do-site\/","og_locale":"pt_PT","og_type":"article","og_title":"Mapa do site | ASD SPW","og_description":"IN\u00cdCIO &gt; MAPA DO SITE\u00a0 Mapa do site: aqui voc\u00ea encontra todas as p\u00e1ginas do site","og_url":"https:\/\/soposting-worker.com\/pt\/mapa-do-site\/","og_site_name":"ASD SPW","article_publisher":"https:\/\/www.facebook.com\/asd.spw","article_modified_time":"2025-09-17T11:25:58+00:00","og_image":[{"width":1134,"height":766,"url":"https:\/\/soposting-worker.com\/wp-content\/uploads\/2024\/10\/Logo-ASD-SPW-noir.png","type":"image\/png"}],"twitter_card":"summary_large_image","twitter_misc":{"Est. reading time":"2 minutes"},"schema":{"@context":"https:\/\/schema.org","@graph":[{"@type":"WebPage","@id":"https:\/\/soposting-worker.com\/pt\/mapa-do-site\/","url":"https:\/\/soposting-worker.com\/pt\/mapa-do-site\/","name":"Mapa do site | ASD SPW","isPartOf":{"@id":"https:\/\/soposting-worker.com\/pt\/#website"},"datePublished":"2024-04-05T08:41:45+00:00","dateModified":"2025-09-17T11:25:58+00:00","breadcrumb":{"@id":"https:\/\/soposting-worker.com\/pt\/mapa-do-site\/#breadcrumb"},"inLanguage":"Pt-PT","potentialAction":[{"@type":"ReadAction","target":["https:\/\/soposting-worker.com\/pt\/mapa-do-site\/"]}]},{"@type":"BreadcrumbList","@id":"https:\/\/soposting-worker.com\/pt\/mapa-do-site\/#breadcrumb","itemListElement":[{"@type":"ListItem","position":1,"name":"Accueil","item":"https:\/\/soposting-worker.com\/pt\/"},{"@type":"ListItem","position":2,"name":"Mapa do site"}]},{"@type":"WebSite","@id":"https:\/\/soposting-worker.com\/pt\/#website","url":"https:\/\/soposting-worker.com\/pt\/","name":"ASD SPW","description":"Streamline Your Secondments, Simplify Procedures","publisher":{"@id":"https:\/\/soposting-worker.com\/pt\/#organization"},"alternateName":"So Posting Worker","potentialAction":[{"@type":"SearchAction","target":{"@type":"EntryPoint","urlTemplate":"https:\/\/soposting-worker.com\/pt\/?s={search_term_string}"},"query-input":{"@type":"PropertyValueSpecification","valueRequired":true,"valueName":"search_term_string"}}],"inLanguage":"Pt-PT"},{"@type":"Organization","@id":"https:\/\/soposting-worker.com\/pt\/#organization","name":"ASD SPW","alternateName":"So Posting Worker","url":"https:\/\/soposting-worker.com\/pt\/","logo":{"@type":"ImageObject","inLanguage":"Pt-PT","@id":"https:\/\/soposting-worker.com\/pt\/#\/schema\/logo\/image\/","url":"https:\/\/soposting-worker.com\/wp-content\/uploads\/2024\/10\/logo-asd-spw-noir-transparent-carre.png","contentUrl":"https:\/\/soposting-worker.com\/wp-content\/uploads\/2024\/10\/logo-asd-spw-noir-transparent-carre.png","width":696,"height":696,"caption":"ASD SPW"},"image":{"@id":"https:\/\/soposting-worker.com\/pt\/#\/schema\/logo\/image\/"},"sameAs":["https:\/\/www.facebook.com\/asd.spw","https:\/\/www.linkedin.com\/showcase\/asd-spw\/"]}]}},"_links":{"self":[{"href":"https:\/\/soposting-worker.com\/pt\/wp-json\/wp\/v2\/pages\/25952","targetHints":{"allow":["GET"]}}],"collection":[{"href":"https:\/\/soposting-worker.com\/pt\/wp-json\/wp\/v2\/pages"}],"about":[{"href":"https:\/\/soposting-worker.com\/pt\/wp-json\/wp\/v2\/types\/page"}],"author":[{"embeddable":true,"href":"https:\/\/soposting-worker.com\/pt\/wp-json\/wp\/v2\/users\/8"}],"replies":[{"embeddable":true,"href":"https:\/\/soposting-worker.com\/pt\/wp-json\/wp\/v2\/comments?post=25952"}],"version-history":[{"count":10,"href":"https:\/\/soposting-worker.com\/pt\/wp-json\/wp\/v2\/pages\/25952\/revisions"}],"predecessor-version":[{"id":35487,"href":"https:\/\/soposting-worker.com\/pt\/wp-json\/wp\/v2\/pages\/25952\/revisions\/35487"}],"wp:attachment":[{"href":"https:\/\/soposting-worker.com\/pt\/wp-json\/wp\/v2\/media?parent=25952"}],"curies":[{"name":"wp","href":"https:\/\/api.w.org\/{rel}","templated":true}]}}