{"id":24471,"date":"2023-11-29T11:33:31","date_gmt":"2023-11-29T11:33:31","guid":{"rendered":"https:\/\/soposting-worker.com\/?page_id=24471"},"modified":"2025-09-16T12:43:59","modified_gmt":"2025-09-16T12:43:59","slug":"blog","status":"publish","type":"page","link":"https:\/\/soposting-worker.com\/pt\/blog\/","title":{"rendered":"Blogue &#8211; Publica\u00e7\u00f5es no blogue"},"content":{"rendered":"\t\t<div data-elementor-type=\"wp-page\" data-elementor-id=\"24471\" class=\"elementor elementor-24471 elementor-559\" data-elementor-post-type=\"page\">\n\t\t\t\t<div class=\"elementor-element elementor-element-7efbea2 e-con-full e-flex e-con e-parent\" data-id=\"7efbea2\" data-element_type=\"container\" data-e-type=\"container\" data-settings=\"{&quot;background_background&quot;:&quot;classic&quot;}\">\n\t\t<div class=\"elementor-element elementor-element-4f623af e-flex e-con-boxed e-con e-child\" data-id=\"4f623af\" data-element_type=\"container\" data-e-type=\"container\">\n\t\t\t\t\t<div class=\"e-con-inner\">\n\t\t\t\t<div class=\"elementor-element elementor-element-1f907e5 elementor-widget elementor-widget-heading\" data-id=\"1f907e5\" data-element_type=\"widget\" data-e-type=\"widget\" data-widget_type=\"heading.default\">\n\t\t\t\t<div class=\"elementor-widget-container\">\n\t\t\t\t\t<div class=\"elementor-heading-title elementor-size-default\"><a href=\"\/pt\/\">In\u00edcio<\/a> &gt; blog<\/div>\t\t\t\t<\/div>\n\t\t\t\t<\/div>\n\t\t\t\t<div class=\"elementor-element elementor-element-3d9deed elementor-widget elementor-widget-heading\" data-id=\"3d9deed\" data-element_type=\"widget\" data-e-type=\"widget\" data-widget_type=\"heading.default\">\n\t\t\t\t<div class=\"elementor-widget-container\">\n\t\t\t\t\t<h1 class=\"elementor-heading-title elementor-size-default\">Siga as \u00faltimas not\u00edcias sobre o destacamento de trabalhadores<\/h1>\t\t\t\t<\/div>\n\t\t\t\t<\/div>\n\t\t\t\t<div class=\"elementor-element elementor-element-cc4d2bd elementor-widget-divider--view-line elementor-widget elementor-widget-divider\" data-id=\"cc4d2bd\" data-element_type=\"widget\" data-e-type=\"widget\" data-widget_type=\"divider.default\">\n\t\t\t\t<div class=\"elementor-widget-container\">\n\t\t\t\t\t\t\t<div class=\"elementor-divider\">\n\t\t\t<span class=\"elementor-divider-separator\">\n\t\t\t\t\t\t<\/span>\n\t\t<\/div>\n\t\t\t\t\t\t<\/div>\n\t\t\t\t<\/div>\n\t\t\t\t\t<\/div>\n\t\t\t\t<\/div>\n\t\t\t\t<\/div>\n\t\t\t\t<\/div>\n\t\t","protected":false},"excerpt":{"rendered":"<p>In\u00edcio &gt; blog Siga as \u00faltimas not\u00edcias sobre o destacamento de trabalhadores<\/p>\n","protected":false},"author":7,"featured_media":0,"parent":0,"menu_order":0,"comment_status":"closed","ping_status":"closed","template":"templates\/blog.php","meta":{"footnotes":""},"class_list":["post-24471","page","type-page","status-publish","hentry"],"yoast_head":"<!-- This site is optimized with the Yoast SEO plugin v27.3 - https:\/\/yoast.com\/product\/yoast-seo-wordpress\/ -->\n<title>Blogue - Novidades regulamentares sobre destacamento de trabalhadores | ASD SPW<\/title>\n<meta name=\"description\" content=\"Mantenha-se atualizado com todos os regulamentos mais recentes sobre o destacamento de empregados explicados pelos nossos especialistas.\" \/>\n<meta name=\"robots\" content=\"index, follow, max-snippet:-1, max-image-preview:large, max-video-preview:-1\" \/>\n<link rel=\"canonical\" href=\"https:\/\/soposting-worker.com\/pt\/blog\/\" \/>\n<meta property=\"og:locale\" content=\"pt_PT\" \/>\n<meta property=\"og:type\" content=\"article\" \/>\n<meta property=\"og:title\" content=\"Blogue - Novidades regulamentares sobre destacamento de trabalhadores | ASD SPW\" \/>\n<meta property=\"og:description\" content=\"Mantenha-se atualizado com todos os regulamentos mais recentes sobre o destacamento de empregados explicados pelos nossos especialistas.\" \/>\n<meta property=\"og:url\" content=\"https:\/\/soposting-worker.com\/pt\/blog\/\" \/>\n<meta property=\"og:site_name\" content=\"ASD SPW\" \/>\n<meta property=\"article:publisher\" content=\"https:\/\/www.facebook.com\/asd.spw\" \/>\n<meta property=\"article:modified_time\" content=\"2025-09-16T12:43:59+00:00\" \/>\n<meta property=\"og:image\" content=\"https:\/\/soposting-worker.com\/wp-content\/uploads\/2024\/10\/Logo-ASD-SPW-noir.png\" \/>\n\t<meta property=\"og:image:width\" content=\"1134\" \/>\n\t<meta property=\"og:image:height\" content=\"766\" \/>\n\t<meta property=\"og:image:type\" content=\"image\/png\" \/>\n<meta name=\"twitter:card\" content=\"summary_large_image\" \/>\n<meta name=\"twitter:label1\" content=\"Est. reading time\" \/>\n\t<meta name=\"twitter:data1\" content=\"1 minute\" \/>\n<script type=\"application\/ld+json\" class=\"yoast-schema-graph\">{\"@context\":\"https:\\\/\\\/schema.org\",\"@graph\":[{\"@type\":\"WebPage\",\"@id\":\"https:\\\/\\\/soposting-worker.com\\\/pt\\\/blog\\\/\",\"url\":\"https:\\\/\\\/soposting-worker.com\\\/pt\\\/blog\\\/\",\"name\":\"Blogue - Novidades regulamentares sobre destacamento de trabalhadores | ASD SPW\",\"isPartOf\":{\"@id\":\"https:\\\/\\\/soposting-worker.com\\\/pt\\\/#website\"},\"datePublished\":\"2023-11-29T11:33:31+00:00\",\"dateModified\":\"2025-09-16T12:43:59+00:00\",\"description\":\"Mantenha-se atualizado com todos os regulamentos mais recentes sobre o destacamento de empregados explicados pelos nossos especialistas.\",\"breadcrumb\":{\"@id\":\"https:\\\/\\\/soposting-worker.com\\\/pt\\\/blog\\\/#breadcrumb\"},\"inLanguage\":\"Pt-PT\",\"potentialAction\":[{\"@type\":\"ReadAction\",\"target\":[\"https:\\\/\\\/soposting-worker.com\\\/pt\\\/blog\\\/\"]}]},{\"@type\":\"BreadcrumbList\",\"@id\":\"https:\\\/\\\/soposting-worker.com\\\/pt\\\/blog\\\/#breadcrumb\",\"itemListElement\":[{\"@type\":\"ListItem\",\"position\":1,\"name\":\"Accueil\",\"item\":\"https:\\\/\\\/soposting-worker.com\\\/pt\\\/\"},{\"@type\":\"ListItem\",\"position\":2,\"name\":\"Blogue - Novidades regulamentares sobre o destacamento de trabalhadores\"}]},{\"@type\":\"WebSite\",\"@id\":\"https:\\\/\\\/soposting-worker.com\\\/pt\\\/#website\",\"url\":\"https:\\\/\\\/soposting-worker.com\\\/pt\\\/\",\"name\":\"ASD SPW\",\"description\":\"Streamline Your Secondments, Simplify Procedures\",\"publisher\":{\"@id\":\"https:\\\/\\\/soposting-worker.com\\\/pt\\\/#organization\"},\"alternateName\":\"So Posting Worker\",\"potentialAction\":[{\"@type\":\"SearchAction\",\"target\":{\"@type\":\"EntryPoint\",\"urlTemplate\":\"https:\\\/\\\/soposting-worker.com\\\/pt\\\/?s={search_term_string}\"},\"query-input\":{\"@type\":\"PropertyValueSpecification\",\"valueRequired\":true,\"valueName\":\"search_term_string\"}}],\"inLanguage\":\"Pt-PT\"},{\"@type\":\"Organization\",\"@id\":\"https:\\\/\\\/soposting-worker.com\\\/pt\\\/#organization\",\"name\":\"ASD SPW\",\"alternateName\":\"So Posting Worker\",\"url\":\"https:\\\/\\\/soposting-worker.com\\\/pt\\\/\",\"logo\":{\"@type\":\"ImageObject\",\"inLanguage\":\"Pt-PT\",\"@id\":\"https:\\\/\\\/soposting-worker.com\\\/pt\\\/#\\\/schema\\\/logo\\\/image\\\/\",\"url\":\"https:\\\/\\\/soposting-worker.com\\\/wp-content\\\/uploads\\\/2024\\\/10\\\/logo-asd-spw-noir-transparent-carre.png\",\"contentUrl\":\"https:\\\/\\\/soposting-worker.com\\\/wp-content\\\/uploads\\\/2024\\\/10\\\/logo-asd-spw-noir-transparent-carre.png\",\"width\":696,\"height\":696,\"caption\":\"ASD SPW\"},\"image\":{\"@id\":\"https:\\\/\\\/soposting-worker.com\\\/pt\\\/#\\\/schema\\\/logo\\\/image\\\/\"},\"sameAs\":[\"https:\\\/\\\/www.facebook.com\\\/asd.spw\",\"https:\\\/\\\/www.linkedin.com\\\/showcase\\\/asd-spw\\\/\"]}]}<\/script>\n<!-- \/ Yoast SEO plugin. -->","yoast_head_json":{"title":"Blogue - Novidades regulamentares sobre destacamento de trabalhadores | ASD SPW","description":"Mantenha-se atualizado com todos os regulamentos mais recentes sobre o destacamento de empregados explicados pelos nossos especialistas.","robots":{"index":"index","follow":"follow","max-snippet":"max-snippet:-1","max-image-preview":"max-image-preview:large","max-video-preview":"max-video-preview:-1"},"canonical":"https:\/\/soposting-worker.com\/pt\/blog\/","og_locale":"pt_PT","og_type":"article","og_title":"Blogue - Novidades regulamentares sobre destacamento de trabalhadores | ASD SPW","og_description":"Mantenha-se atualizado com todos os regulamentos mais recentes sobre o destacamento de empregados explicados pelos nossos especialistas.","og_url":"https:\/\/soposting-worker.com\/pt\/blog\/","og_site_name":"ASD SPW","article_publisher":"https:\/\/www.facebook.com\/asd.spw","article_modified_time":"2025-09-16T12:43:59+00:00","og_image":[{"width":1134,"height":766,"url":"https:\/\/soposting-worker.com\/wp-content\/uploads\/2024\/10\/Logo-ASD-SPW-noir.png","type":"image\/png"}],"twitter_card":"summary_large_image","twitter_misc":{"Est. reading time":"1 minute"},"schema":{"@context":"https:\/\/schema.org","@graph":[{"@type":"WebPage","@id":"https:\/\/soposting-worker.com\/pt\/blog\/","url":"https:\/\/soposting-worker.com\/pt\/blog\/","name":"Blogue - Novidades regulamentares sobre destacamento de trabalhadores | ASD SPW","isPartOf":{"@id":"https:\/\/soposting-worker.com\/pt\/#website"},"datePublished":"2023-11-29T11:33:31+00:00","dateModified":"2025-09-16T12:43:59+00:00","description":"Mantenha-se atualizado com todos os regulamentos mais recentes sobre o destacamento de empregados explicados pelos nossos especialistas.","breadcrumb":{"@id":"https:\/\/soposting-worker.com\/pt\/blog\/#breadcrumb"},"inLanguage":"Pt-PT","potentialAction":[{"@type":"ReadAction","target":["https:\/\/soposting-worker.com\/pt\/blog\/"]}]},{"@type":"BreadcrumbList","@id":"https:\/\/soposting-worker.com\/pt\/blog\/#breadcrumb","itemListElement":[{"@type":"ListItem","position":1,"name":"Accueil","item":"https:\/\/soposting-worker.com\/pt\/"},{"@type":"ListItem","position":2,"name":"Blogue - Novidades regulamentares sobre o destacamento de trabalhadores"}]},{"@type":"WebSite","@id":"https:\/\/soposting-worker.com\/pt\/#website","url":"https:\/\/soposting-worker.com\/pt\/","name":"ASD SPW","description":"Streamline Your Secondments, Simplify Procedures","publisher":{"@id":"https:\/\/soposting-worker.com\/pt\/#organization"},"alternateName":"So Posting Worker","potentialAction":[{"@type":"SearchAction","target":{"@type":"EntryPoint","urlTemplate":"https:\/\/soposting-worker.com\/pt\/?s={search_term_string}"},"query-input":{"@type":"PropertyValueSpecification","valueRequired":true,"valueName":"search_term_string"}}],"inLanguage":"Pt-PT"},{"@type":"Organization","@id":"https:\/\/soposting-worker.com\/pt\/#organization","name":"ASD SPW","alternateName":"So Posting Worker","url":"https:\/\/soposting-worker.com\/pt\/","logo":{"@type":"ImageObject","inLanguage":"Pt-PT","@id":"https:\/\/soposting-worker.com\/pt\/#\/schema\/logo\/image\/","url":"https:\/\/soposting-worker.com\/wp-content\/uploads\/2024\/10\/logo-asd-spw-noir-transparent-carre.png","contentUrl":"https:\/\/soposting-worker.com\/wp-content\/uploads\/2024\/10\/logo-asd-spw-noir-transparent-carre.png","width":696,"height":696,"caption":"ASD SPW"},"image":{"@id":"https:\/\/soposting-worker.com\/pt\/#\/schema\/logo\/image\/"},"sameAs":["https:\/\/www.facebook.com\/asd.spw","https:\/\/www.linkedin.com\/showcase\/asd-spw\/"]}]}},"_links":{"self":[{"href":"https:\/\/soposting-worker.com\/pt\/wp-json\/wp\/v2\/pages\/24471","targetHints":{"allow":["GET"]}}],"collection":[{"href":"https:\/\/soposting-worker.com\/pt\/wp-json\/wp\/v2\/pages"}],"about":[{"href":"https:\/\/soposting-worker.com\/pt\/wp-json\/wp\/v2\/types\/page"}],"author":[{"embeddable":true,"href":"https:\/\/soposting-worker.com\/pt\/wp-json\/wp\/v2\/users\/7"}],"replies":[{"embeddable":true,"href":"https:\/\/soposting-worker.com\/pt\/wp-json\/wp\/v2\/comments?post=24471"}],"version-history":[{"count":9,"href":"https:\/\/soposting-worker.com\/pt\/wp-json\/wp\/v2\/pages\/24471\/revisions"}],"predecessor-version":[{"id":35393,"href":"https:\/\/soposting-worker.com\/pt\/wp-json\/wp\/v2\/pages\/24471\/revisions\/35393"}],"wp:attachment":[{"href":"https:\/\/soposting-worker.com\/pt\/wp-json\/wp\/v2\/media?parent=24471"}],"curies":[{"name":"wp","href":"https:\/\/api.w.org\/{rel}","templated":true}]}}