{"id":25947,"date":"2024-04-05T08:41:45","date_gmt":"2024-04-05T08:41:45","guid":{"rendered":"https:\/\/soposting-worker.com\/?page_id=25947"},"modified":"2025-09-17T11:35:23","modified_gmt":"2025-09-17T11:35:23","slug":"mapa-strony","status":"publish","type":"page","link":"https:\/\/soposting-worker.com\/pl\/mapa-strony\/","title":{"rendered":"Mapa strony"},"content":{"rendered":"\t\t<div data-elementor-type=\"wp-page\" data-elementor-id=\"25947\" class=\"elementor elementor-25947 elementor-25910\" data-elementor-post-type=\"page\">\n\t\t\t\t\t\t<section class=\"elementor-section elementor-top-section elementor-element elementor-element-b483247 elementor-section-content-middle elementor-section-boxed elementor-section-height-default elementor-section-height-default\" data-id=\"b483247\" data-element_type=\"section\" data-e-type=\"section\" data-settings=\"{&quot;background_background&quot;:&quot;classic&quot;}\">\n\t\t\t\t\t\t<div class=\"elementor-container elementor-column-gap-no\">\n\t\t\t\t\t<div class=\"elementor-column elementor-col-100 elementor-top-column elementor-element elementor-element-d3e8769\" data-id=\"d3e8769\" data-element_type=\"column\" data-e-type=\"column\">\n\t\t\t<div class=\"elementor-widget-wrap elementor-element-populated\">\n\t\t\t\t\t\t<div class=\"elementor-element elementor-element-07f6414 elementor-widget elementor-widget-text-editor\" data-id=\"07f6414\" data-element_type=\"widget\" data-e-type=\"widget\" data-widget_type=\"text-editor.default\">\n\t\t\t\t<div class=\"elementor-widget-container\">\n\t\t\t\t\t\t\t\t\t<p><a href=\"\/pl\/\">STRONA G\u0141\u00d3WNA<\/a> &gt; MAPA STRONY\u00a0<\/p>\t\t\t\t\t\t\t\t<\/div>\n\t\t\t\t<\/div>\n\t\t<div class=\"elementor-element elementor-element-9dda2ef e-con-full e-flex e-con e-parent\" data-id=\"9dda2ef\" data-element_type=\"container\" data-e-type=\"container\">\n\t\t<div class=\"elementor-element elementor-element-35153de e-con-full e-flex e-con e-child\" data-id=\"35153de\" data-element_type=\"container\" data-e-type=\"container\">\n\t\t\t\t<div class=\"elementor-element elementor-element-e64a744 elementor-widget elementor-widget-text-editor\" data-id=\"e64a744\" data-element_type=\"widget\" data-e-type=\"widget\" data-widget_type=\"text-editor.default\">\n\t\t\t\t<div class=\"elementor-widget-container\">\n\t\t\t\t\t\t\t\t\t<h1 class=\"elementor-heading-title elementor-size-default\">Mapa strony: tutaj znajdziesz wszystkie strony serwisu<\/h1>\t\t\t\t\t\t\t\t<\/div>\n\t\t\t\t<\/div>\n\t\t\t\t<\/div>\n\t\t\t\t<\/div>\n\t\t\t\t<div class=\"elementor-element elementor-element-439f48d elementor-widget-divider--view-line elementor-widget elementor-widget-divider\" data-id=\"439f48d\" data-element_type=\"widget\" data-e-type=\"widget\" data-widget_type=\"divider.default\">\n\t\t\t\t<div class=\"elementor-widget-container\">\n\t\t\t\t\t\t\t<div class=\"elementor-divider\">\n\t\t\t<span class=\"elementor-divider-separator\">\n\t\t\t\t\t\t<\/span>\n\t\t<\/div>\n\t\t\t\t\t\t<\/div>\n\t\t\t\t<\/div>\n\t\t\t\t\t<\/div>\n\t\t<\/div>\n\t\t\t\t\t<\/div>\n\t\t<\/section>\n\t\t<div class=\"elementor-element elementor-element-1702e05 sitemap-bloc e-flex e-con-boxed e-con e-parent\" data-id=\"1702e05\" data-element_type=\"container\" data-e-type=\"container\">\n\t\t\t\t\t<div class=\"e-con-inner\">\n\t\t<div class=\"elementor-element elementor-element-9b40e0e e-con-full e-flex e-con e-child\" data-id=\"9b40e0e\" data-element_type=\"container\" data-e-type=\"container\">\n\t\t\t\t<div class=\"elementor-element elementor-element-9430b23 elementor-widget elementor-widget-html\" data-id=\"9430b23\" data-element_type=\"widget\" data-e-type=\"widget\" data-widget_type=\"html.default\">\n\t\t\t\t<div class=\"elementor-widget-container\">\n\t\t\t\t\t<div class=\"prefil-long prefil-social\">\r\n<\/div>\t\t\t\t<\/div>\n\t\t\t\t<\/div>\n\t\t\t\t<div class=\"elementor-element elementor-element-e1211fd elementor-widget elementor-widget-html\" data-id=\"e1211fd\" data-element_type=\"widget\" data-e-type=\"widget\" data-widget_type=\"html.default\">\n\t\t\t\t<div class=\"elementor-widget-container\">\n\t\t\t\t\t<div class=\"prefil-small prefil-social\">\r\n<\/div>\t\t\t\t<\/div>\n\t\t\t\t<\/div>\n\t\t\t\t<div class=\"elementor-element elementor-element-b6e4dd8 elementor-widget elementor-widget-sitemap\" data-id=\"b6e4dd8\" data-element_type=\"widget\" data-e-type=\"widget\" data-widget_type=\"sitemap.default\">\n\t\t\t\t<div class=\"elementor-widget-container\">\n\t\t\t\t\t<div class=\"elementor-sitemap-wrap\"><div class=\"elementor-sitemap-section\"><h2 class=\"elementor-sitemap-title elementor-sitemap-page-title\">Strony<\/h2><ul class=\"elementor-sitemap-list elementor-sitemap-page-list\"><li class=\"elementor-sitemap-item elementor-sitemap-item-page page_item page-item-20754\"><a href=\"https:\/\/soposting-worker.com\/pl\/\">Accueil &#8211; PL<\/a><\/li><li class=\"elementor-sitemap-item elementor-sitemap-item-page page_item page-item-27993\"><a href=\"https:\/\/soposting-worker.com\/pl\/aktualnosci\/\">aktualnosci<\/a><\/li><li class=\"elementor-sitemap-item elementor-sitemap-item-page page_item page-item-24466\"><a href=\"https:\/\/soposting-worker.com\/pl\/blog\/\">Blog &#8211; Wpisy na blogu<\/a><\/li><li class=\"elementor-sitemap-item elementor-sitemap-item-page page_item page-item-24526\"><a href=\"https:\/\/soposting-worker.com\/pl\/oddelegowanie-pracownikow-francja\/\">Delegowanie pracownik\u00f3w do Francji<\/a><\/li><li class=\"elementor-sitemap-item elementor-sitemap-item-page page_item page-item-21380\"><a href=\"https:\/\/soposting-worker.com\/pl\/deklaracja-sipsi\/\">Delegowanie pracownik\u00f3w do Francji: Wcze\u015bniejsza deklaracja SIPSI<\/a><\/li><li class=\"elementor-sitemap-item elementor-sitemap-item-page page_item page-item-21434\"><a href=\"https:\/\/soposting-worker.com\/pl\/praca-tymczasowa\/\">Delegowanie pracownik\u00f3w do pracy tymczasowej we Francji<\/a><\/li><li class=\"elementor-sitemap-item elementor-sitemap-item-page page_item page-item-22419\"><a href=\"https:\/\/soposting-worker.com\/pl\/transport\/\">Delegowanie pracownik\u00f3w w bran\u017cy transportowej we Francji<\/a><\/li><li class=\"elementor-sitemap-item elementor-sitemap-item-page page_item page-item-22008\"><a href=\"https:\/\/soposting-worker.com\/pl\/wydarzenia\/\">Delegowanie pracownik\u00f3w w bran\u017cy wydarze\u0144 we Francji<\/a><\/li><li class=\"elementor-sitemap-item elementor-sitemap-item-page page_item page-item-21943\"><a href=\"https:\/\/soposting-worker.com\/pl\/budownictwo\/\">Delegowanie pracownik\u00f3w we Francji w bran\u017cy budowlanej<\/a><\/li><li class=\"elementor-sitemap-item elementor-sitemap-item-page page_item page-item-22085\"><a href=\"https:\/\/soposting-worker.com\/pl\/uprawa-winorosli\/\">Delegowanie pracownik\u00f3w we Francji w bran\u017cy uprawy winoro\u015bli<\/a><\/li><li class=\"elementor-sitemap-item elementor-sitemap-item-page page_item page-item-21495\"><a href=\"https:\/\/soposting-worker.com\/pl\/handel\/\">Delegowanie pracownik\u00f3w we Francji w sektorach handlu i przemys\u0142u<\/a><\/li><li class=\"elementor-sitemap-item elementor-sitemap-item-page page_item page-item-22276\"><a href=\"https:\/\/soposting-worker.com\/pl\/profesjonalny-dowod-osobisty-budownictwo\/\">Delegowanie pracownik\u00f3w we Francji: legitymacja pracownika budowlanego (&#8222;karta BTP&#8221;)<\/a><\/li><li class=\"elementor-sitemap-item elementor-sitemap-item-page page_item page-item-22143\"><a href=\"https:\/\/soposting-worker.com\/pl\/dokumenty-informacyjne\/\">Delegowanie pracownik\u00f3w we Francji: obowi\u0105zkowe dokumenty informacyjne<\/a><\/li><li class=\"elementor-sitemap-item elementor-sitemap-item-page page_item page-item-22356\"><a href=\"https:\/\/soposting-worker.com\/pl\/wyznaczenie-przedstawiciela\/\">Delegowanie pracownik\u00f3w we Francji: reprezentacja<\/a><\/li><li class=\"elementor-sitemap-item elementor-sitemap-item-page page_item page-item-25699\"><a href=\"https:\/\/soposting-worker.com\/pl\/faq-czesto-zadawane-pytania\/\">FAQ &#8211; Cz\u0119sto zadawane pytania<\/a><\/li><li class=\"elementor-sitemap-item elementor-sitemap-item-page page_item page-item-28351\"><a href=\"https:\/\/soposting-worker.com\/pl\/lokalizacje\/\">Lokalizacje<\/a><\/li><li class=\"elementor-sitemap-item elementor-sitemap-item-page page_item page-item-25595\"><a href=\"https:\/\/soposting-worker.com\/pl\/o-nas\/\">O nas<\/a><\/li><li class=\"elementor-sitemap-item elementor-sitemap-item-page page_item page-item-24649\"><a href=\"https:\/\/soposting-worker.com\/pl\/kontakt\/\">Skontaktuj si\u0119 z nami<\/a><\/li><li class=\"elementor-sitemap-item elementor-sitemap-item-page page_item page-item-21777\"><a href=\"https:\/\/soposting-worker.com\/pl\/ceny\/\">Taryfikacja<\/a><\/li><\/ul><\/div><div class=\"elementor-sitemap-section\"><h2 class=\"elementor-sitemap-title elementor-sitemap-post-title\">Wpisy na blogu<\/h2><ul class=\"elementor-sitemap-list elementor-sitemap-post-list\"><li class=\"elementor-sitemap-item elementor-sitemap-item-post page_item page-item-33839\"><a href=\"https:\/\/soposting-worker.com\/pl\/wszystko-o-formularzu-a1-dla-delegowania-pracownikow-do-francji\/\">Wszystko o formularzu A1 dla delegowania pracownik\u00f3w do Francji<\/a><\/li><\/ul><\/div><div class=\"elementor-sitemap-section\"><h2 class=\"elementor-sitemap-title elementor-sitemap-actualite-title\">Aktualno\u015bci<\/h2><ul class=\"elementor-sitemap-list elementor-sitemap-actualite-list\"><li class=\"elementor-sitemap-item elementor-sitemap-item-actualite page_item page-item-29019\"><a href=\"https:\/\/soposting-worker.com\/pl\/odkryj-nowa-platforme-asd-spw-ex-so-posting-worker\/\">Odkryj now\u0105 platform\u0119 ASD SPW (ex-So Posting Worker)!<\/a><\/li><\/ul><\/div><\/div>\t\t\t\t<\/div>\n\t\t\t\t<\/div>\n\t\t\t\t<\/div>\n\t\t\t\t\t<\/div>\n\t\t\t\t<\/div>\n\t\t\t\t<\/div>\n\t\t","protected":false},"excerpt":{"rendered":"<p>STRONA G\u0141\u00d3WNA &gt; MAPA STRONY\u00a0 Mapa strony: tutaj znajdziesz wszystkie strony serwisu<\/p>\n","protected":false},"author":8,"featured_media":0,"parent":0,"menu_order":0,"comment_status":"closed","ping_status":"closed","template":"elementor_header_footer","meta":{"footnotes":""},"class_list":["post-25947","page","type-page","status-publish","hentry"],"yoast_head":"<!-- This site is optimized with the Yoast SEO plugin v27.4 - https:\/\/yoast.com\/product\/yoast-seo-wordpress\/ -->\n<title>Mapa strony | ASD SPW<\/title>\n<meta name=\"robots\" content=\"index, follow, max-snippet:-1, max-image-preview:large, max-video-preview:-1\" \/>\n<link rel=\"canonical\" href=\"https:\/\/soposting-worker.com\/pl\/mapa-strony\/\" \/>\n<meta property=\"og:locale\" content=\"pl_PL\" \/>\n<meta property=\"og:type\" content=\"article\" \/>\n<meta property=\"og:title\" content=\"Mapa strony | ASD SPW\" \/>\n<meta property=\"og:description\" content=\"STRONA G\u0141\u00d3WNA &gt; MAPA STRONY\u00a0 Mapa strony: tutaj znajdziesz wszystkie strony serwisu\" \/>\n<meta property=\"og:url\" content=\"https:\/\/soposting-worker.com\/pl\/mapa-strony\/\" \/>\n<meta property=\"og:site_name\" content=\"ASD SPW\" \/>\n<meta property=\"article:publisher\" content=\"https:\/\/www.facebook.com\/asd.spw\" \/>\n<meta property=\"article:modified_time\" content=\"2025-09-17T11:35:23+00:00\" \/>\n<meta property=\"og:image\" content=\"https:\/\/soposting-worker.com\/wp-content\/uploads\/2024\/10\/Logo-ASD-SPW-noir.png\" \/>\n\t<meta property=\"og:image:width\" content=\"1134\" \/>\n\t<meta property=\"og:image:height\" content=\"766\" \/>\n\t<meta property=\"og:image:type\" content=\"image\/png\" \/>\n<meta name=\"twitter:card\" content=\"summary_large_image\" \/>\n<meta name=\"twitter:label1\" content=\"Szacowany czas czytania\" \/>\n\t<meta name=\"twitter:data1\" content=\"1 minuta\" \/>\n<script type=\"application\/ld+json\" class=\"yoast-schema-graph\">{\"@context\":\"https:\\\/\\\/schema.org\",\"@graph\":[{\"@type\":\"WebPage\",\"@id\":\"https:\\\/\\\/soposting-worker.com\\\/pl\\\/mapa-strony\\\/\",\"url\":\"https:\\\/\\\/soposting-worker.com\\\/pl\\\/mapa-strony\\\/\",\"name\":\"Mapa strony | ASD SPW\",\"isPartOf\":{\"@id\":\"https:\\\/\\\/soposting-worker.com\\\/pl\\\/#website\"},\"datePublished\":\"2024-04-05T08:41:45+00:00\",\"dateModified\":\"2025-09-17T11:35:23+00:00\",\"breadcrumb\":{\"@id\":\"https:\\\/\\\/soposting-worker.com\\\/pl\\\/mapa-strony\\\/#breadcrumb\"},\"inLanguage\":\"pl-PL\",\"potentialAction\":[{\"@type\":\"ReadAction\",\"target\":[\"https:\\\/\\\/soposting-worker.com\\\/pl\\\/mapa-strony\\\/\"]}]},{\"@type\":\"BreadcrumbList\",\"@id\":\"https:\\\/\\\/soposting-worker.com\\\/pl\\\/mapa-strony\\\/#breadcrumb\",\"itemListElement\":[{\"@type\":\"ListItem\",\"position\":1,\"name\":\"Accueil\",\"item\":\"https:\\\/\\\/soposting-worker.com\\\/pl\\\/\"},{\"@type\":\"ListItem\",\"position\":2,\"name\":\"Mapa strony\"}]},{\"@type\":\"WebSite\",\"@id\":\"https:\\\/\\\/soposting-worker.com\\\/pl\\\/#website\",\"url\":\"https:\\\/\\\/soposting-worker.com\\\/pl\\\/\",\"name\":\"ASD SPW\",\"description\":\"Streamline Your Secondments, Simplify Procedures\",\"publisher\":{\"@id\":\"https:\\\/\\\/soposting-worker.com\\\/pl\\\/#organization\"},\"alternateName\":\"So Posting Worker\",\"potentialAction\":[{\"@type\":\"SearchAction\",\"target\":{\"@type\":\"EntryPoint\",\"urlTemplate\":\"https:\\\/\\\/soposting-worker.com\\\/pl\\\/?s={search_term_string}\"},\"query-input\":{\"@type\":\"PropertyValueSpecification\",\"valueRequired\":true,\"valueName\":\"search_term_string\"}}],\"inLanguage\":\"pl-PL\"},{\"@type\":\"Organization\",\"@id\":\"https:\\\/\\\/soposting-worker.com\\\/pl\\\/#organization\",\"name\":\"ASD SPW\",\"alternateName\":\"So Posting Worker\",\"url\":\"https:\\\/\\\/soposting-worker.com\\\/pl\\\/\",\"logo\":{\"@type\":\"ImageObject\",\"inLanguage\":\"pl-PL\",\"@id\":\"https:\\\/\\\/soposting-worker.com\\\/pl\\\/#\\\/schema\\\/logo\\\/image\\\/\",\"url\":\"https:\\\/\\\/soposting-worker.com\\\/wp-content\\\/uploads\\\/2024\\\/10\\\/logo-asd-spw-noir-transparent-carre.png\",\"contentUrl\":\"https:\\\/\\\/soposting-worker.com\\\/wp-content\\\/uploads\\\/2024\\\/10\\\/logo-asd-spw-noir-transparent-carre.png\",\"width\":696,\"height\":696,\"caption\":\"ASD SPW\"},\"image\":{\"@id\":\"https:\\\/\\\/soposting-worker.com\\\/pl\\\/#\\\/schema\\\/logo\\\/image\\\/\"},\"sameAs\":[\"https:\\\/\\\/www.facebook.com\\\/asd.spw\",\"https:\\\/\\\/www.linkedin.com\\\/showcase\\\/asd-spw\\\/\"]}]}<\/script>\n<!-- \/ Yoast SEO plugin. -->","yoast_head_json":{"title":"Mapa strony | ASD SPW","robots":{"index":"index","follow":"follow","max-snippet":"max-snippet:-1","max-image-preview":"max-image-preview:large","max-video-preview":"max-video-preview:-1"},"canonical":"https:\/\/soposting-worker.com\/pl\/mapa-strony\/","og_locale":"pl_PL","og_type":"article","og_title":"Mapa strony | ASD SPW","og_description":"STRONA G\u0141\u00d3WNA &gt; MAPA STRONY\u00a0 Mapa strony: tutaj znajdziesz wszystkie strony serwisu","og_url":"https:\/\/soposting-worker.com\/pl\/mapa-strony\/","og_site_name":"ASD SPW","article_publisher":"https:\/\/www.facebook.com\/asd.spw","article_modified_time":"2025-09-17T11:35:23+00:00","og_image":[{"width":1134,"height":766,"url":"https:\/\/soposting-worker.com\/wp-content\/uploads\/2024\/10\/Logo-ASD-SPW-noir.png","type":"image\/png"}],"twitter_card":"summary_large_image","twitter_misc":{"Szacowany czas czytania":"1 minuta"},"schema":{"@context":"https:\/\/schema.org","@graph":[{"@type":"WebPage","@id":"https:\/\/soposting-worker.com\/pl\/mapa-strony\/","url":"https:\/\/soposting-worker.com\/pl\/mapa-strony\/","name":"Mapa strony | ASD SPW","isPartOf":{"@id":"https:\/\/soposting-worker.com\/pl\/#website"},"datePublished":"2024-04-05T08:41:45+00:00","dateModified":"2025-09-17T11:35:23+00:00","breadcrumb":{"@id":"https:\/\/soposting-worker.com\/pl\/mapa-strony\/#breadcrumb"},"inLanguage":"pl-PL","potentialAction":[{"@type":"ReadAction","target":["https:\/\/soposting-worker.com\/pl\/mapa-strony\/"]}]},{"@type":"BreadcrumbList","@id":"https:\/\/soposting-worker.com\/pl\/mapa-strony\/#breadcrumb","itemListElement":[{"@type":"ListItem","position":1,"name":"Accueil","item":"https:\/\/soposting-worker.com\/pl\/"},{"@type":"ListItem","position":2,"name":"Mapa strony"}]},{"@type":"WebSite","@id":"https:\/\/soposting-worker.com\/pl\/#website","url":"https:\/\/soposting-worker.com\/pl\/","name":"ASD SPW","description":"Streamline Your Secondments, Simplify Procedures","publisher":{"@id":"https:\/\/soposting-worker.com\/pl\/#organization"},"alternateName":"So Posting Worker","potentialAction":[{"@type":"SearchAction","target":{"@type":"EntryPoint","urlTemplate":"https:\/\/soposting-worker.com\/pl\/?s={search_term_string}"},"query-input":{"@type":"PropertyValueSpecification","valueRequired":true,"valueName":"search_term_string"}}],"inLanguage":"pl-PL"},{"@type":"Organization","@id":"https:\/\/soposting-worker.com\/pl\/#organization","name":"ASD SPW","alternateName":"So Posting Worker","url":"https:\/\/soposting-worker.com\/pl\/","logo":{"@type":"ImageObject","inLanguage":"pl-PL","@id":"https:\/\/soposting-worker.com\/pl\/#\/schema\/logo\/image\/","url":"https:\/\/soposting-worker.com\/wp-content\/uploads\/2024\/10\/logo-asd-spw-noir-transparent-carre.png","contentUrl":"https:\/\/soposting-worker.com\/wp-content\/uploads\/2024\/10\/logo-asd-spw-noir-transparent-carre.png","width":696,"height":696,"caption":"ASD SPW"},"image":{"@id":"https:\/\/soposting-worker.com\/pl\/#\/schema\/logo\/image\/"},"sameAs":["https:\/\/www.facebook.com\/asd.spw","https:\/\/www.linkedin.com\/showcase\/asd-spw\/"]}]}},"_links":{"self":[{"href":"https:\/\/soposting-worker.com\/pl\/wp-json\/wp\/v2\/pages\/25947","targetHints":{"allow":["GET"]}}],"collection":[{"href":"https:\/\/soposting-worker.com\/pl\/wp-json\/wp\/v2\/pages"}],"about":[{"href":"https:\/\/soposting-worker.com\/pl\/wp-json\/wp\/v2\/types\/page"}],"author":[{"embeddable":true,"href":"https:\/\/soposting-worker.com\/pl\/wp-json\/wp\/v2\/users\/8"}],"replies":[{"embeddable":true,"href":"https:\/\/soposting-worker.com\/pl\/wp-json\/wp\/v2\/comments?post=25947"}],"version-history":[{"count":10,"href":"https:\/\/soposting-worker.com\/pl\/wp-json\/wp\/v2\/pages\/25947\/revisions"}],"predecessor-version":[{"id":35493,"href":"https:\/\/soposting-worker.com\/pl\/wp-json\/wp\/v2\/pages\/25947\/revisions\/35493"}],"wp:attachment":[{"href":"https:\/\/soposting-worker.com\/pl\/wp-json\/wp\/v2\/media?parent=25947"}],"curies":[{"name":"wp","href":"https:\/\/api.w.org\/{rel}","templated":true}]}}