{"id":559,"date":"2023-11-29T11:33:31","date_gmt":"2023-11-29T11:33:31","guid":{"rendered":"https:\/\/soposting-worker.com\/?page_id=559"},"modified":"2025-09-16T12:07:12","modified_gmt":"2025-09-16T12:07:12","slug":"blog","status":"publish","type":"page","link":"https:\/\/soposting-worker.com\/fr\/blog\/","title":{"rendered":"Blog &#8211; Articles de blog"},"content":{"rendered":"\t\t<div data-elementor-type=\"wp-page\" data-elementor-id=\"559\" class=\"elementor elementor-559\" data-elementor-post-type=\"page\">\n\t\t\t\t<div class=\"elementor-element elementor-element-f0e422f e-con-full e-flex e-con e-parent\" data-id=\"f0e422f\" data-element_type=\"container\" data-e-type=\"container\" data-settings=\"{&quot;background_background&quot;:&quot;classic&quot;}\">\n\t\t<div class=\"elementor-element elementor-element-8f66f02 e-flex e-con-boxed e-con e-child\" data-id=\"8f66f02\" data-element_type=\"container\" data-e-type=\"container\">\n\t\t\t\t\t<div class=\"e-con-inner\">\n\t\t\t\t<div class=\"elementor-element elementor-element-aa084da elementor-widget elementor-widget-heading\" data-id=\"aa084da\" data-element_type=\"widget\" data-e-type=\"widget\" data-widget_type=\"heading.default\">\n\t\t\t\t<div class=\"elementor-widget-container\">\n\t\t\t\t\t<div class=\"elementor-heading-title elementor-size-default\"><a href=\"\/fr\/\">ACCUEIL<\/a> &gt; blog<\/div>\t\t\t\t<\/div>\n\t\t\t\t<\/div>\n\t\t\t\t<div class=\"elementor-element elementor-element-2bbec41 elementor-widget elementor-widget-heading\" data-id=\"2bbec41\" data-element_type=\"widget\" data-e-type=\"widget\" data-widget_type=\"heading.default\">\n\t\t\t\t<div class=\"elementor-widget-container\">\n\t\t\t\t\t<h1 class=\"elementor-heading-title elementor-size-default\">Suivez toute l'actualit\u00e9 dans le domaine du d\u00e9tachement de travailleurs<\/h1>\t\t\t\t<\/div>\n\t\t\t\t<\/div>\n\t\t\t\t<div class=\"elementor-element elementor-element-5a5bc3b elementor-widget-divider--view-line elementor-widget elementor-widget-divider\" data-id=\"5a5bc3b\" data-element_type=\"widget\" data-e-type=\"widget\" data-widget_type=\"divider.default\">\n\t\t\t\t<div class=\"elementor-widget-container\">\n\t\t\t\t\t\t\t<div class=\"elementor-divider\">\n\t\t\t<span class=\"elementor-divider-separator\">\n\t\t\t\t\t\t<\/span>\n\t\t<\/div>\n\t\t\t\t\t\t<\/div>\n\t\t\t\t<\/div>\n\t\t\t\t\t<\/div>\n\t\t\t\t<\/div>\n\t\t\t\t<\/div>\n\t\t\t\t<\/div>\n\t\t","protected":false},"excerpt":{"rendered":"<p>ACCUEIL &gt; blog Suivez toute l&rsquo;actualit\u00e9 dans le domaine du d\u00e9tachement de travailleurs<\/p>\n","protected":false},"author":8,"featured_media":0,"parent":0,"menu_order":0,"comment_status":"closed","ping_status":"closed","template":"templates\/blog.php","meta":{"footnotes":""},"class_list":["post-559","page","type-page","status-publish","hentry"],"yoast_head":"<!-- This site is optimized with the Yoast SEO plugin v27.4 - https:\/\/yoast.com\/product\/yoast-seo-wordpress\/ -->\n<title>Blog - Actualit\u00e9s r\u00e9glementaires sur le d\u00e9tachement de salari\u00e9s | ASD SPW<\/title>\n<meta name=\"description\" content=\"Restez inform\u00e9 des derni\u00e8res r\u00e9glementations sur le d\u00e9tachement de salari\u00e9s expliqu\u00e9es par nos experts.\" \/>\n<meta name=\"robots\" content=\"index, follow, max-snippet:-1, max-image-preview:large, max-video-preview:-1\" \/>\n<link rel=\"canonical\" href=\"https:\/\/soposting-worker.com\/fr\/blog\/\" \/>\n<meta property=\"og:locale\" content=\"fr_FR\" \/>\n<meta property=\"og:type\" content=\"article\" \/>\n<meta property=\"og:title\" content=\"Blog - Actualit\u00e9s r\u00e9glementaires sur le d\u00e9tachement de salari\u00e9s | ASD SPW\" \/>\n<meta property=\"og:description\" content=\"Restez inform\u00e9 des derni\u00e8res r\u00e9glementations sur le d\u00e9tachement de salari\u00e9s expliqu\u00e9es par nos experts.\" \/>\n<meta property=\"og:url\" content=\"https:\/\/soposting-worker.com\/fr\/blog\/\" \/>\n<meta property=\"og:site_name\" content=\"ASD SPW\" \/>\n<meta property=\"article:publisher\" content=\"https:\/\/www.facebook.com\/asd.spw\" \/>\n<meta property=\"article:modified_time\" content=\"2025-09-16T12:07:12+00:00\" \/>\n<meta property=\"og:image\" content=\"https:\/\/soposting-worker.com\/wp-content\/uploads\/2024\/10\/Logo-ASD-SPW-noir.png\" \/>\n\t<meta property=\"og:image:width\" content=\"1134\" \/>\n\t<meta property=\"og:image:height\" content=\"766\" \/>\n\t<meta property=\"og:image:type\" content=\"image\/png\" \/>\n<meta name=\"twitter:card\" content=\"summary_large_image\" \/>\n<meta name=\"twitter:label1\" content=\"Dur\u00e9e de lecture estim\u00e9e\" \/>\n\t<meta name=\"twitter:data1\" content=\"1 minute\" \/>\n<script type=\"application\/ld+json\" class=\"yoast-schema-graph\">{\"@context\":\"https:\\\/\\\/schema.org\",\"@graph\":[{\"@type\":\"WebPage\",\"@id\":\"https:\\\/\\\/soposting-worker.com\\\/fr\\\/blog\\\/\",\"url\":\"https:\\\/\\\/soposting-worker.com\\\/fr\\\/blog\\\/\",\"name\":\"Blog - Actualit\u00e9s r\u00e9glementaires sur le d\u00e9tachement de salari\u00e9s | ASD SPW\",\"isPartOf\":{\"@id\":\"https:\\\/\\\/soposting-worker.com\\\/fr\\\/#website\"},\"datePublished\":\"2023-11-29T11:33:31+00:00\",\"dateModified\":\"2025-09-16T12:07:12+00:00\",\"description\":\"Restez inform\u00e9 des derni\u00e8res r\u00e9glementations sur le d\u00e9tachement de salari\u00e9s expliqu\u00e9es par nos experts.\",\"breadcrumb\":{\"@id\":\"https:\\\/\\\/soposting-worker.com\\\/fr\\\/blog\\\/#breadcrumb\"},\"inLanguage\":\"fr-FR\",\"potentialAction\":[{\"@type\":\"ReadAction\",\"target\":[\"https:\\\/\\\/soposting-worker.com\\\/fr\\\/blog\\\/\"]}]},{\"@type\":\"BreadcrumbList\",\"@id\":\"https:\\\/\\\/soposting-worker.com\\\/fr\\\/blog\\\/#breadcrumb\",\"itemListElement\":[{\"@type\":\"ListItem\",\"position\":1,\"name\":\"Accueil\",\"item\":\"https:\\\/\\\/soposting-worker.com\\\/fr\\\/\"},{\"@type\":\"ListItem\",\"position\":2,\"name\":\"Blog - Actualit\u00e9s r\u00e9glementaires sur le d\u00e9tachement de salari\u00e9s\"}]},{\"@type\":\"WebSite\",\"@id\":\"https:\\\/\\\/soposting-worker.com\\\/fr\\\/#website\",\"url\":\"https:\\\/\\\/soposting-worker.com\\\/fr\\\/\",\"name\":\"ASD SPW\",\"description\":\"Streamline Your Secondments, Simplify Procedures\",\"publisher\":{\"@id\":\"https:\\\/\\\/soposting-worker.com\\\/fr\\\/#organization\"},\"alternateName\":\"So Posting Worker\",\"potentialAction\":[{\"@type\":\"SearchAction\",\"target\":{\"@type\":\"EntryPoint\",\"urlTemplate\":\"https:\\\/\\\/soposting-worker.com\\\/fr\\\/?s={search_term_string}\"},\"query-input\":{\"@type\":\"PropertyValueSpecification\",\"valueRequired\":true,\"valueName\":\"search_term_string\"}}],\"inLanguage\":\"fr-FR\"},{\"@type\":\"Organization\",\"@id\":\"https:\\\/\\\/soposting-worker.com\\\/fr\\\/#organization\",\"name\":\"ASD SPW\",\"alternateName\":\"So Posting Worker\",\"url\":\"https:\\\/\\\/soposting-worker.com\\\/fr\\\/\",\"logo\":{\"@type\":\"ImageObject\",\"inLanguage\":\"fr-FR\",\"@id\":\"https:\\\/\\\/soposting-worker.com\\\/fr\\\/#\\\/schema\\\/logo\\\/image\\\/\",\"url\":\"https:\\\/\\\/soposting-worker.com\\\/wp-content\\\/uploads\\\/2024\\\/10\\\/logo-asd-spw-noir-transparent-carre.png\",\"contentUrl\":\"https:\\\/\\\/soposting-worker.com\\\/wp-content\\\/uploads\\\/2024\\\/10\\\/logo-asd-spw-noir-transparent-carre.png\",\"width\":696,\"height\":696,\"caption\":\"ASD SPW\"},\"image\":{\"@id\":\"https:\\\/\\\/soposting-worker.com\\\/fr\\\/#\\\/schema\\\/logo\\\/image\\\/\"},\"sameAs\":[\"https:\\\/\\\/www.facebook.com\\\/asd.spw\",\"https:\\\/\\\/www.linkedin.com\\\/showcase\\\/asd-spw\\\/\"]}]}<\/script>\n<!-- \/ Yoast SEO plugin. -->","yoast_head_json":{"title":"Blog - Actualit\u00e9s r\u00e9glementaires sur le d\u00e9tachement de salari\u00e9s | ASD SPW","description":"Restez inform\u00e9 des derni\u00e8res r\u00e9glementations sur le d\u00e9tachement de salari\u00e9s expliqu\u00e9es par nos experts.","robots":{"index":"index","follow":"follow","max-snippet":"max-snippet:-1","max-image-preview":"max-image-preview:large","max-video-preview":"max-video-preview:-1"},"canonical":"https:\/\/soposting-worker.com\/fr\/blog\/","og_locale":"fr_FR","og_type":"article","og_title":"Blog - Actualit\u00e9s r\u00e9glementaires sur le d\u00e9tachement de salari\u00e9s | ASD SPW","og_description":"Restez inform\u00e9 des derni\u00e8res r\u00e9glementations sur le d\u00e9tachement de salari\u00e9s expliqu\u00e9es par nos experts.","og_url":"https:\/\/soposting-worker.com\/fr\/blog\/","og_site_name":"ASD SPW","article_publisher":"https:\/\/www.facebook.com\/asd.spw","article_modified_time":"2025-09-16T12:07:12+00:00","og_image":[{"width":1134,"height":766,"url":"https:\/\/soposting-worker.com\/wp-content\/uploads\/2024\/10\/Logo-ASD-SPW-noir.png","type":"image\/png"}],"twitter_card":"summary_large_image","twitter_misc":{"Dur\u00e9e de lecture estim\u00e9e":"1 minute"},"schema":{"@context":"https:\/\/schema.org","@graph":[{"@type":"WebPage","@id":"https:\/\/soposting-worker.com\/fr\/blog\/","url":"https:\/\/soposting-worker.com\/fr\/blog\/","name":"Blog - Actualit\u00e9s r\u00e9glementaires sur le d\u00e9tachement de salari\u00e9s | ASD SPW","isPartOf":{"@id":"https:\/\/soposting-worker.com\/fr\/#website"},"datePublished":"2023-11-29T11:33:31+00:00","dateModified":"2025-09-16T12:07:12+00:00","description":"Restez inform\u00e9 des derni\u00e8res r\u00e9glementations sur le d\u00e9tachement de salari\u00e9s expliqu\u00e9es par nos experts.","breadcrumb":{"@id":"https:\/\/soposting-worker.com\/fr\/blog\/#breadcrumb"},"inLanguage":"fr-FR","potentialAction":[{"@type":"ReadAction","target":["https:\/\/soposting-worker.com\/fr\/blog\/"]}]},{"@type":"BreadcrumbList","@id":"https:\/\/soposting-worker.com\/fr\/blog\/#breadcrumb","itemListElement":[{"@type":"ListItem","position":1,"name":"Accueil","item":"https:\/\/soposting-worker.com\/fr\/"},{"@type":"ListItem","position":2,"name":"Blog - Actualit\u00e9s r\u00e9glementaires sur le d\u00e9tachement de salari\u00e9s"}]},{"@type":"WebSite","@id":"https:\/\/soposting-worker.com\/fr\/#website","url":"https:\/\/soposting-worker.com\/fr\/","name":"ASD SPW","description":"Streamline Your Secondments, Simplify Procedures","publisher":{"@id":"https:\/\/soposting-worker.com\/fr\/#organization"},"alternateName":"So Posting Worker","potentialAction":[{"@type":"SearchAction","target":{"@type":"EntryPoint","urlTemplate":"https:\/\/soposting-worker.com\/fr\/?s={search_term_string}"},"query-input":{"@type":"PropertyValueSpecification","valueRequired":true,"valueName":"search_term_string"}}],"inLanguage":"fr-FR"},{"@type":"Organization","@id":"https:\/\/soposting-worker.com\/fr\/#organization","name":"ASD SPW","alternateName":"So Posting Worker","url":"https:\/\/soposting-worker.com\/fr\/","logo":{"@type":"ImageObject","inLanguage":"fr-FR","@id":"https:\/\/soposting-worker.com\/fr\/#\/schema\/logo\/image\/","url":"https:\/\/soposting-worker.com\/wp-content\/uploads\/2024\/10\/logo-asd-spw-noir-transparent-carre.png","contentUrl":"https:\/\/soposting-worker.com\/wp-content\/uploads\/2024\/10\/logo-asd-spw-noir-transparent-carre.png","width":696,"height":696,"caption":"ASD SPW"},"image":{"@id":"https:\/\/soposting-worker.com\/fr\/#\/schema\/logo\/image\/"},"sameAs":["https:\/\/www.facebook.com\/asd.spw","https:\/\/www.linkedin.com\/showcase\/asd-spw\/"]}]}},"_links":{"self":[{"href":"https:\/\/soposting-worker.com\/fr\/wp-json\/wp\/v2\/pages\/559","targetHints":{"allow":["GET"]}}],"collection":[{"href":"https:\/\/soposting-worker.com\/fr\/wp-json\/wp\/v2\/pages"}],"about":[{"href":"https:\/\/soposting-worker.com\/fr\/wp-json\/wp\/v2\/types\/page"}],"author":[{"embeddable":true,"href":"https:\/\/soposting-worker.com\/fr\/wp-json\/wp\/v2\/users\/8"}],"replies":[{"embeddable":true,"href":"https:\/\/soposting-worker.com\/fr\/wp-json\/wp\/v2\/comments?post=559"}],"version-history":[{"count":37,"href":"https:\/\/soposting-worker.com\/fr\/wp-json\/wp\/v2\/pages\/559\/revisions"}],"predecessor-version":[{"id":35371,"href":"https:\/\/soposting-worker.com\/fr\/wp-json\/wp\/v2\/pages\/559\/revisions\/35371"}],"wp:attachment":[{"href":"https:\/\/soposting-worker.com\/fr\/wp-json\/wp\/v2\/media?parent=559"}],"curies":[{"name":"wp","href":"https:\/\/api.w.org\/{rel}","templated":true}]}}