{"id":25931,"date":"2024-04-05T08:41:45","date_gmt":"2024-04-05T08:41:45","guid":{"rendered":"https:\/\/soposting-worker.com\/?page_id=25931"},"modified":"2025-09-17T10:05:03","modified_gmt":"2025-09-17T10:05:03","slug":"plan-de-site","status":"publish","type":"page","link":"https:\/\/soposting-worker.com\/fr\/plan-de-site\/","title":{"rendered":"Plan de site"},"content":{"rendered":"\t\t<div data-elementor-type=\"wp-page\" data-elementor-id=\"25931\" class=\"elementor elementor-25931 elementor-25910\" data-elementor-post-type=\"page\">\n\t\t\t\t\t\t<section class=\"elementor-section elementor-top-section elementor-element elementor-element-b483247 elementor-section-content-middle elementor-section-boxed elementor-section-height-default elementor-section-height-default\" data-id=\"b483247\" data-element_type=\"section\" data-e-type=\"section\" data-settings=\"{&quot;background_background&quot;:&quot;classic&quot;}\">\n\t\t\t\t\t\t<div class=\"elementor-container elementor-column-gap-no\">\n\t\t\t\t\t<div class=\"elementor-column elementor-col-100 elementor-top-column elementor-element elementor-element-d3e8769\" data-id=\"d3e8769\" data-element_type=\"column\" data-e-type=\"column\">\n\t\t\t<div class=\"elementor-widget-wrap elementor-element-populated\">\n\t\t\t\t\t\t<div class=\"elementor-element elementor-element-07f6414 elementor-widget elementor-widget-text-editor\" data-id=\"07f6414\" data-element_type=\"widget\" data-e-type=\"widget\" data-widget_type=\"text-editor.default\">\n\t\t\t\t<div class=\"elementor-widget-container\">\n\t\t\t\t\t\t\t\t\t<p><a href=\"\/fr\/\">ACCUEIL<\/a> &gt; PLAN DE SITE\u00a0<\/p>\t\t\t\t\t\t\t\t<\/div>\n\t\t\t\t<\/div>\n\t\t<div class=\"elementor-element elementor-element-9dda2ef e-con-full e-flex e-con e-parent\" data-id=\"9dda2ef\" data-element_type=\"container\" data-e-type=\"container\">\n\t\t<div class=\"elementor-element elementor-element-35153de e-con-full e-flex e-con e-child\" data-id=\"35153de\" data-element_type=\"container\" data-e-type=\"container\">\n\t\t\t\t<div class=\"elementor-element elementor-element-e64a744 elementor-widget elementor-widget-text-editor\" data-id=\"e64a744\" data-element_type=\"widget\" data-e-type=\"widget\" data-widget_type=\"text-editor.default\">\n\t\t\t\t<div class=\"elementor-widget-container\">\n\t\t\t\t\t\t\t\t\t<h1 class=\"elementor-heading-title elementor-size-default\" style=\"text-align: left;\">Plan du site : vous trouverez ici toutes les pages du site<\/h1>\t\t\t\t\t\t\t\t<\/div>\n\t\t\t\t<\/div>\n\t\t\t\t<\/div>\n\t\t\t\t<\/div>\n\t\t\t\t<div class=\"elementor-element elementor-element-439f48d elementor-widget-divider--view-line elementor-widget elementor-widget-divider\" data-id=\"439f48d\" data-element_type=\"widget\" data-e-type=\"widget\" data-widget_type=\"divider.default\">\n\t\t\t\t<div class=\"elementor-widget-container\">\n\t\t\t\t\t\t\t<div class=\"elementor-divider\">\n\t\t\t<span class=\"elementor-divider-separator\">\n\t\t\t\t\t\t<\/span>\n\t\t<\/div>\n\t\t\t\t\t\t<\/div>\n\t\t\t\t<\/div>\n\t\t\t\t\t<\/div>\n\t\t<\/div>\n\t\t\t\t\t<\/div>\n\t\t<\/section>\n\t\t<div class=\"elementor-element elementor-element-bf79066 sitemap-bloc e-flex e-con-boxed e-con e-parent\" data-id=\"bf79066\" data-element_type=\"container\" data-e-type=\"container\">\n\t\t\t\t\t<div class=\"e-con-inner\">\n\t\t<div class=\"elementor-element elementor-element-a6ca2ff e-con-full e-flex e-con e-child\" data-id=\"a6ca2ff\" data-element_type=\"container\" data-e-type=\"container\">\n\t\t\t\t<div class=\"elementor-element elementor-element-07679a3 elementor-widget elementor-widget-html\" data-id=\"07679a3\" data-element_type=\"widget\" data-e-type=\"widget\" data-widget_type=\"html.default\">\n\t\t\t\t<div class=\"elementor-widget-container\">\n\t\t\t\t\t<div class=\"prefil-long prefil-social\">\r\n<\/div>\t\t\t\t<\/div>\n\t\t\t\t<\/div>\n\t\t\t\t<div class=\"elementor-element elementor-element-9704f66 elementor-widget elementor-widget-html\" data-id=\"9704f66\" data-element_type=\"widget\" data-e-type=\"widget\" data-widget_type=\"html.default\">\n\t\t\t\t<div class=\"elementor-widget-container\">\n\t\t\t\t\t<div class=\"prefil-small prefil-social\">\r\n<\/div>\t\t\t\t<\/div>\n\t\t\t\t<\/div>\n\t\t\t\t<div class=\"elementor-element elementor-element-52d6078 elementor-widget elementor-widget-sitemap\" data-id=\"52d6078\" data-element_type=\"widget\" data-e-type=\"widget\" data-widget_type=\"sitemap.default\">\n\t\t\t\t<div class=\"elementor-widget-container\">\n\t\t\t\t\t<div class=\"elementor-sitemap-wrap\"><div class=\"elementor-sitemap-section\"><h2 class=\"elementor-sitemap-title elementor-sitemap-page-title\">Pages<\/h2><ul class=\"elementor-sitemap-list elementor-sitemap-page-list\"><li class=\"elementor-sitemap-item elementor-sitemap-item-page page_item page-item-25554\"><a href=\"https:\/\/soposting-worker.com\/fr\/a-propos-de-nous\/\">\u00c0 propos de nous<\/a><\/li><li class=\"elementor-sitemap-item elementor-sitemap-item-page page_item page-item-48\"><a href=\"https:\/\/soposting-worker.com\/fr\/\">Accueil<\/a><\/li><li class=\"elementor-sitemap-item elementor-sitemap-item-page page_item page-item-27408\"><a href=\"https:\/\/soposting-worker.com\/fr\/actualites\/\">actualit\u00e9s<\/a><\/li><li class=\"elementor-sitemap-item elementor-sitemap-item-page page_item page-item-559\"><a href=\"https:\/\/soposting-worker.com\/fr\/blog\/\">Blog &#8211; Articles de blog<\/a><\/li><li class=\"elementor-sitemap-item elementor-sitemap-item-page page_item page-item-24616\"><a href=\"https:\/\/soposting-worker.com\/fr\/contact\/\">Contactez-nous<\/a><\/li><li class=\"elementor-sitemap-item elementor-sitemap-item-page page_item page-item-24503\"><a href=\"https:\/\/soposting-worker.com\/fr\/detachement-de-salarie-france\/\">D\u00e9tachement de salari\u00e9s en France<\/a><\/li><li class=\"elementor-sitemap-item elementor-sitemap-item-page page_item page-item-22213\"><a href=\"https:\/\/soposting-worker.com\/fr\/carte-btp\/\">D\u00e9tachement de travailleurs en France : carte BTP<\/a><\/li><li class=\"elementor-sitemap-item elementor-sitemap-item-page page_item page-item-21197\"><a href=\"https:\/\/soposting-worker.com\/fr\/declaration-sipsi\/\">D\u00e9tachement de travailleurs en France : D\u00e9claration pr\u00e9alable SIPSI<\/a><\/li><li class=\"elementor-sitemap-item elementor-sitemap-item-page page_item page-item-22124\"><a href=\"https:\/\/soposting-worker.com\/fr\/documents-information\/\">D\u00e9tachement de travailleurs en France : documents d&rsquo;information obligatoires<\/a><\/li><li class=\"elementor-sitemap-item elementor-sitemap-item-page page_item page-item-25615\"><a href=\"https:\/\/soposting-worker.com\/fr\/donneur-d-ordre\/\">D\u00e9tachement de travailleurs en France : Donneur d&rsquo;ordre<\/a><\/li><li class=\"elementor-sitemap-item elementor-sitemap-item-page page_item page-item-22338\"><a href=\"https:\/\/soposting-worker.com\/fr\/designation-representant\/\">D\u00e9tachement de travailleurs en France : repr\u00e9sentation<\/a><\/li><li class=\"elementor-sitemap-item elementor-sitemap-item-page page_item page-item-21973\"><a href=\"https:\/\/soposting-worker.com\/fr\/evenements\/\">D\u00e9tachement de travailleurs en France dans le secteur de l&rsquo;\u00e9v\u00e9nementiel<\/a><\/li><li class=\"elementor-sitemap-item elementor-sitemap-item-page page_item page-item-21916\"><a href=\"https:\/\/soposting-worker.com\/fr\/construction\/\">D\u00e9tachement de travailleurs en France dans le secteur de la construction<\/a><\/li><li class=\"elementor-sitemap-item elementor-sitemap-item-page page_item page-item-22064\"><a href=\"https:\/\/soposting-worker.com\/fr\/exploitation-viticole\/\">D\u00e9tachement de travailleurs en France dans le secteur de la viticulture<\/a><\/li><li class=\"elementor-sitemap-item elementor-sitemap-item-page page_item page-item-22398\"><a href=\"https:\/\/soposting-worker.com\/fr\/transport\/\">D\u00e9tachement de travailleurs en France dans le secteur du transport<\/a><\/li><li class=\"elementor-sitemap-item elementor-sitemap-item-page page_item page-item-21462\"><a href=\"https:\/\/soposting-worker.com\/fr\/commerce\/\">D\u00e9tachement de travailleurs en France dans les secteurs du commerce et de l&rsquo;industrie<\/a><\/li><li class=\"elementor-sitemap-item elementor-sitemap-item-page page_item page-item-21398\"><a href=\"https:\/\/soposting-worker.com\/fr\/travail-temporaire\/\">D\u00e9tachement de travailleurs en France pour le travail temporaire<\/a><\/li><li class=\"elementor-sitemap-item elementor-sitemap-item-page page_item page-item-24895\"><a href=\"https:\/\/soposting-worker.com\/fr\/faq-questions-frequemment-posees\/\">FAQ &#8211; Questions fr\u00e9quentes<\/a><\/li><li class=\"elementor-sitemap-item elementor-sitemap-item-page page_item page-item-28348\"><a href=\"https:\/\/soposting-worker.com\/fr\/implantations\/\">Implantations<\/a><\/li><li class=\"elementor-sitemap-item elementor-sitemap-item-page page_item page-item-32413\"><a href=\"https:\/\/soposting-worker.com\/fr\/salarie-detache-en-france\/\">Salari\u00e9 d\u00e9tach\u00e9 en France : Optimisez vos formalit\u00e9s avec notre plateforme de gestion !<\/a><\/li><li class=\"elementor-sitemap-item elementor-sitemap-item-page page_item page-item-21738\"><a href=\"https:\/\/soposting-worker.com\/fr\/tarification\/\">Tarification<\/a><\/li><\/ul><\/div><div class=\"elementor-sitemap-section\"><h2 class=\"elementor-sitemap-title elementor-sitemap-post-title\">Articles de blog<\/h2><ul class=\"elementor-sitemap-list elementor-sitemap-post-list\"><li class=\"elementor-sitemap-item elementor-sitemap-item-post page_item page-item-18826\"><a href=\"https:\/\/soposting-worker.com\/fr\/absence-de-carte-btp-doublement-de-la-sanction-encourue\/\">Absence de carte BTP : doublement de la sanction encourue<\/a><\/li><li class=\"elementor-sitemap-item elementor-sitemap-item-post page_item page-item-19032\"><a href=\"https:\/\/soposting-worker.com\/fr\/avez-vous-votre-vignette-critair\/\">Avez-vous votre vignette Crit\u2019Air ?<\/a><\/li><li class=\"elementor-sitemap-item elementor-sitemap-item-post page_item page-item-18882\"><a href=\"https:\/\/soposting-worker.com\/fr\/brexit-detachement-de-travailleurs-en-france\/\">Brexit : d\u00e9tachement de travailleurs en France<\/a><\/li><li class=\"elementor-sitemap-item elementor-sitemap-item-post page_item page-item-18839\"><a href=\"https:\/\/soposting-worker.com\/fr\/coronavirus-nouvelles-orientations-de-la-commission-europeenne-du-23-et-30-mai\/\">Coronavirus : Nouvelles orientations de la Commission europ\u00e9enne du 23 et 30 mai<\/a><\/li><li class=\"elementor-sitemap-item elementor-sitemap-item-post page_item page-item-18768\"><a href=\"https:\/\/soposting-worker.com\/fr\/couvre-feu-en-france-de-nouveaux-justificatifs-pour-les-salaries-detaches\/\">Couvre-feu en France, de nouveaux justificatifs pour les salari\u00e9s d\u00e9tach\u00e9s<\/a><\/li><li class=\"elementor-sitemap-item elementor-sitemap-item-post page_item page-item-18751\"><a href=\"https:\/\/soposting-worker.com\/fr\/covid-19-restrictions-a-lentree-du-territoire-francais-pour-les-voyageurs-et-transporteurs\/\">Covid-19 : Restrictions \u00e0 l\u2019entr\u00e9e du territoire fran\u00e7ais pour les voyageurs et transporteurs<\/a><\/li><li class=\"elementor-sitemap-item elementor-sitemap-item-post page_item page-item-19001\"><a href=\"https:\/\/soposting-worker.com\/fr\/detachement-dans-le-secteur-du-btp-connaissez-vous-toutes-vos-obligations\/\">D\u00e9tachement dans le secteur du BTP : connaissez-vous toutes vos obligations ?<\/a><\/li><li class=\"elementor-sitemap-item elementor-sitemap-item-post page_item page-item-18735\"><a href=\"https:\/\/soposting-worker.com\/fr\/detachement-de-personnel-britannique-en-france-quelles-sont-les-consequences-du-brexit-sur-la-situation-vos-salaries\/\">D\u00e9tachement de personnel britannique en France : quelles sont les cons\u00e9quences du Brexit sur la situation vos salari\u00e9s ?<\/a><\/li><li class=\"elementor-sitemap-item elementor-sitemap-item-post page_item page-item-18693\"><a href=\"https:\/\/soposting-worker.com\/fr\/detachement-de-salarie-s-dans-le-cadre-du-transport-routier-en-france-quelles-sont-les-formalites-prealables\/\">D\u00e9tachement de salari\u00e9s dans le cadre du transport routier en France : quelles sont les formalit\u00e9s pr\u00e9alables ?<\/a><\/li><li class=\"elementor-sitemap-item elementor-sitemap-item-post page_item page-item-18813\"><a href=\"https:\/\/soposting-worker.com\/fr\/detachement-de-travailleurs-nouveau-decret-paru-au-jo\/\">D\u00e9tachement de travailleurs : nouveau d\u00e9cret paru au JO<\/a><\/li><li class=\"elementor-sitemap-item elementor-sitemap-item-post page_item page-item-18785\"><a href=\"https:\/\/soposting-worker.com\/fr\/detachement-en-france-nouvelle-reglementation\/\">D\u00e9tachement en France : Nouvelle r\u00e9glementation<\/a><\/li><li class=\"elementor-sitemap-item elementor-sitemap-item-post page_item page-item-18897\"><a href=\"https:\/\/soposting-worker.com\/fr\/detacher-des-salaries-etrangers-en-espagne\/\">D\u00e9tacher des salari\u00e9s \u00e9trangers en Espagne<\/a><\/li><li class=\"elementor-sitemap-item elementor-sitemap-item-post page_item page-item-18929\"><a href=\"https:\/\/soposting-worker.com\/fr\/envoyer-vos-salaries-a-letranger-dans-le-secteur-du-btp\/\">D\u00e9tachez vos salari\u00e9s \u00e0 l\u2019\u00e9tranger dans le secteur du BTP<\/a><\/li><li class=\"elementor-sitemap-item elementor-sitemap-item-post page_item page-item-18987\"><a href=\"https:\/\/soposting-worker.com\/fr\/limportance-davoir-un-representant-legal-pour-le-detachement-de-vos-salaries\/\">L\u2019importance d\u2019avoir un repr\u00e9sentant l\u00e9gal pour le d\u00e9tachement de vos salari\u00e9s<\/a><\/li><li class=\"elementor-sitemap-item elementor-sitemap-item-post page_item page-item-19017\"><a href=\"https:\/\/soposting-worker.com\/fr\/les-photos-didentite-a-faire-pour-les-papiers-administratifs-sont-toujours-un-immense-casse-tete\/\">Les photos d\u2019identit\u00e9 \u00e0 faire pour les papiers administratifs sont toujours un immense casse-t\u00eate<\/a><\/li><li class=\"elementor-sitemap-item elementor-sitemap-item-post page_item page-item-18958\"><a href=\"https:\/\/soposting-worker.com\/fr\/loi-avenir-professionnel-les-nouvelles-mesures-relatives-au-detachement-et-au-travail-illegal\/\">Loi Avenir professionnel : les nouvelles mesures relatives au d\u00e9tachement et au travail ill\u00e9gal<\/a><\/li><li class=\"elementor-sitemap-item elementor-sitemap-item-post page_item page-item-18855\"><a href=\"https:\/\/soposting-worker.com\/fr\/nouvelles-reglementations-pour-les-transporteurs\/\">Nouvelles r\u00e9glementations pour les transporteurs dans le cadre du d\u00e9tachement de salari\u00e9s<\/a><\/li><li class=\"elementor-sitemap-item elementor-sitemap-item-post page_item page-item-18708\"><a href=\"https:\/\/soposting-worker.com\/fr\/paquet-mobilite-nouvelle-reglementation-depuis-le-2-fevrier-2022\/\">Paquet mobilit\u00e9 : nouvelle r\u00e9glementation depuis le 2 f\u00e9vrier 2022<\/a><\/li><li class=\"elementor-sitemap-item elementor-sitemap-item-post page_item page-item-18800\"><a href=\"https:\/\/soposting-worker.com\/fr\/paquet-mobilite-reforme-du-secteur-transport-routier\/\">Paquet mobilit\u00e9 : r\u00e9forme du secteur transport routier<\/a><\/li><li class=\"elementor-sitemap-item elementor-sitemap-item-post page_item page-item-18943\"><a href=\"https:\/\/soposting-worker.com\/fr\/quest-ce-que-la-vignette-critair\/\">Qu\u2019est-ce que la vignette Crit\u2019Air ?<\/a><\/li><li class=\"elementor-sitemap-item elementor-sitemap-item-post page_item page-item-18971\"><a href=\"https:\/\/soposting-worker.com\/fr\/rennes-se-met-a-la-vignette-critair\/\">Rennes se met \u00e0 la vignette Crit\u2019Air<\/a><\/li><li class=\"elementor-sitemap-item elementor-sitemap-item-post page_item page-item-18738\"><a href=\"https:\/\/soposting-worker.com\/fr\/restrictions-pour-entrer-et-circuler-sur-le-territoire-neerlandais-pour-les-voyageurs-et-transporteurs\/\">Restrictions pour entrer et circuler sur le territoire n\u00e9erlandais pour les voyageurs et transporteurs<\/a><\/li><li class=\"elementor-sitemap-item elementor-sitemap-item-post page_item page-item-34506\"><a href=\"https:\/\/soposting-worker.com\/fr\/salarie-detache-en-france-quelles-regles-doit-respecter-lemployeur\/\">Salari\u00e9 d\u00e9tach\u00e9 en France : quelles r\u00e8gles doit respecter l&#8217;employeur ?<\/a><\/li><li class=\"elementor-sitemap-item elementor-sitemap-item-post page_item page-item-33593\"><a href=\"https:\/\/soposting-worker.com\/fr\/tout-sur-le-formulaire-a1-pour-le-detachement-de-salaries-en-france\/\">Tout sur le formulaire A1 pour le d\u00e9tachement de salari\u00e9s en France<\/a><\/li><li class=\"elementor-sitemap-item elementor-sitemap-item-post page_item page-item-18869\"><a href=\"https:\/\/soposting-worker.com\/fr\/travailleurs-detaches-quen-est-il-aujourdhui\/\">Travailleurs d\u00e9tach\u00e9s : qu\u2019en est-il aujourd\u2019hui ?<\/a><\/li><li class=\"elementor-sitemap-item elementor-sitemap-item-post page_item page-item-19051\"><a href=\"https:\/\/soposting-worker.com\/fr\/vous-detachez-des-salaries-en-france\/\">Vous d\u00e9tachez des salari\u00e9s en France ?<\/a><\/li><li class=\"elementor-sitemap-item elementor-sitemap-item-post page_item page-item-18914\"><a href=\"https:\/\/soposting-worker.com\/fr\/vous-detachez-des-salaries-en-france-vous-avez-de-nombreuses-obligations\/\">Vous d\u00e9tachez des salari\u00e9s en France ? Vous avez de nombreuses obligations !<\/a><\/li><li class=\"elementor-sitemap-item elementor-sitemap-item-post page_item page-item-19069\"><a href=\"https:\/\/soposting-worker.com\/fr\/vous-etes-transporteur-vous-detachez-des-salaries-en-france\/\">Vous \u00eates transporteur et vous d\u00e9tachez des salari\u00e9s en France?<\/a><\/li><\/ul><\/div><div class=\"elementor-sitemap-section\"><h2 class=\"elementor-sitemap-title elementor-sitemap-actualite-title\">Actualit\u00e9s<\/h2><ul class=\"elementor-sitemap-list elementor-sitemap-actualite-list\"><li class=\"elementor-sitemap-item elementor-sitemap-item-actualite page_item page-item-29004\"><a href=\"https:\/\/soposting-worker.com\/fr\/decouvrez-la-nouvelle-plateforme-asd-spw-ex-so-posting-worker\/\">D\u00e9couvrez la nouvelle plateforme ASD SPW (ex-So Posting Worker) !<\/a><\/li><li class=\"elementor-sitemap-item elementor-sitemap-item-actualite page_item page-item-27626\"><a href=\"https:\/\/soposting-worker.com\/fr\/france-changements-dans-la-carte-btp\/\">France : Changements dans la Carte BTP<\/a><\/li><\/ul><\/div><\/div>\t\t\t\t<\/div>\n\t\t\t\t<\/div>\n\t\t\t\t<\/div>\n\t\t\t\t\t<\/div>\n\t\t\t\t<\/div>\n\t\t\t\t<\/div>\n\t\t","protected":false},"excerpt":{"rendered":"<p>ACCUEIL &gt; PLAN DE SITE\u00a0 Plan du site : vous trouverez ici toutes les pages du site<\/p>\n","protected":false},"author":8,"featured_media":0,"parent":0,"menu_order":0,"comment_status":"closed","ping_status":"closed","template":"elementor_header_footer","meta":{"footnotes":""},"class_list":["post-25931","page","type-page","status-publish","hentry"],"yoast_head":"<!-- This site is optimized with the Yoast SEO plugin v27.3 - https:\/\/yoast.com\/product\/yoast-seo-wordpress\/ -->\n<title>Plan de site | ASD SPW<\/title>\n<meta name=\"robots\" content=\"index, follow, max-snippet:-1, max-image-preview:large, max-video-preview:-1\" \/>\n<link rel=\"canonical\" href=\"https:\/\/soposting-worker.com\/fr\/plan-de-site\/\" \/>\n<meta property=\"og:locale\" content=\"fr_FR\" \/>\n<meta property=\"og:type\" content=\"article\" \/>\n<meta property=\"og:title\" content=\"Plan de site | ASD SPW\" \/>\n<meta property=\"og:description\" content=\"ACCUEIL &gt; PLAN DE SITE\u00a0 Plan du site : vous trouverez ici toutes les pages du site\" \/>\n<meta property=\"og:url\" content=\"https:\/\/soposting-worker.com\/fr\/plan-de-site\/\" \/>\n<meta property=\"og:site_name\" content=\"ASD SPW\" \/>\n<meta property=\"article:publisher\" content=\"https:\/\/www.facebook.com\/asd.spw\" \/>\n<meta property=\"article:modified_time\" content=\"2025-09-17T10:05:03+00:00\" \/>\n<meta property=\"og:image\" content=\"https:\/\/soposting-worker.com\/wp-content\/uploads\/2024\/10\/Logo-ASD-SPW-noir.png\" \/>\n\t<meta property=\"og:image:width\" content=\"1134\" \/>\n\t<meta property=\"og:image:height\" content=\"766\" \/>\n\t<meta property=\"og:image:type\" content=\"image\/png\" \/>\n<meta name=\"twitter:card\" content=\"summary_large_image\" \/>\n<meta name=\"twitter:label1\" content=\"Dur\u00e9e de lecture estim\u00e9e\" \/>\n\t<meta name=\"twitter:data1\" content=\"3 minutes\" \/>\n<script type=\"application\/ld+json\" class=\"yoast-schema-graph\">{\"@context\":\"https:\\\/\\\/schema.org\",\"@graph\":[{\"@type\":\"WebPage\",\"@id\":\"https:\\\/\\\/soposting-worker.com\\\/fr\\\/plan-de-site\\\/\",\"url\":\"https:\\\/\\\/soposting-worker.com\\\/fr\\\/plan-de-site\\\/\",\"name\":\"Plan de site | ASD SPW\",\"isPartOf\":{\"@id\":\"https:\\\/\\\/soposting-worker.com\\\/fr\\\/#website\"},\"datePublished\":\"2024-04-05T08:41:45+00:00\",\"dateModified\":\"2025-09-17T10:05:03+00:00\",\"breadcrumb\":{\"@id\":\"https:\\\/\\\/soposting-worker.com\\\/fr\\\/plan-de-site\\\/#breadcrumb\"},\"inLanguage\":\"fr-FR\",\"potentialAction\":[{\"@type\":\"ReadAction\",\"target\":[\"https:\\\/\\\/soposting-worker.com\\\/fr\\\/plan-de-site\\\/\"]}]},{\"@type\":\"BreadcrumbList\",\"@id\":\"https:\\\/\\\/soposting-worker.com\\\/fr\\\/plan-de-site\\\/#breadcrumb\",\"itemListElement\":[{\"@type\":\"ListItem\",\"position\":1,\"name\":\"Accueil\",\"item\":\"https:\\\/\\\/soposting-worker.com\\\/fr\\\/\"},{\"@type\":\"ListItem\",\"position\":2,\"name\":\"Plan de site\"}]},{\"@type\":\"WebSite\",\"@id\":\"https:\\\/\\\/soposting-worker.com\\\/fr\\\/#website\",\"url\":\"https:\\\/\\\/soposting-worker.com\\\/fr\\\/\",\"name\":\"ASD SPW\",\"description\":\"Streamline Your Secondments, Simplify Procedures\",\"publisher\":{\"@id\":\"https:\\\/\\\/soposting-worker.com\\\/fr\\\/#organization\"},\"alternateName\":\"So Posting Worker\",\"potentialAction\":[{\"@type\":\"SearchAction\",\"target\":{\"@type\":\"EntryPoint\",\"urlTemplate\":\"https:\\\/\\\/soposting-worker.com\\\/fr\\\/?s={search_term_string}\"},\"query-input\":{\"@type\":\"PropertyValueSpecification\",\"valueRequired\":true,\"valueName\":\"search_term_string\"}}],\"inLanguage\":\"fr-FR\"},{\"@type\":\"Organization\",\"@id\":\"https:\\\/\\\/soposting-worker.com\\\/fr\\\/#organization\",\"name\":\"ASD SPW\",\"alternateName\":\"So Posting Worker\",\"url\":\"https:\\\/\\\/soposting-worker.com\\\/fr\\\/\",\"logo\":{\"@type\":\"ImageObject\",\"inLanguage\":\"fr-FR\",\"@id\":\"https:\\\/\\\/soposting-worker.com\\\/fr\\\/#\\\/schema\\\/logo\\\/image\\\/\",\"url\":\"https:\\\/\\\/soposting-worker.com\\\/wp-content\\\/uploads\\\/2024\\\/10\\\/logo-asd-spw-noir-transparent-carre.png\",\"contentUrl\":\"https:\\\/\\\/soposting-worker.com\\\/wp-content\\\/uploads\\\/2024\\\/10\\\/logo-asd-spw-noir-transparent-carre.png\",\"width\":696,\"height\":696,\"caption\":\"ASD SPW\"},\"image\":{\"@id\":\"https:\\\/\\\/soposting-worker.com\\\/fr\\\/#\\\/schema\\\/logo\\\/image\\\/\"},\"sameAs\":[\"https:\\\/\\\/www.facebook.com\\\/asd.spw\",\"https:\\\/\\\/www.linkedin.com\\\/showcase\\\/asd-spw\\\/\"]}]}<\/script>\n<!-- \/ Yoast SEO plugin. -->","yoast_head_json":{"title":"Plan de site | ASD SPW","robots":{"index":"index","follow":"follow","max-snippet":"max-snippet:-1","max-image-preview":"max-image-preview:large","max-video-preview":"max-video-preview:-1"},"canonical":"https:\/\/soposting-worker.com\/fr\/plan-de-site\/","og_locale":"fr_FR","og_type":"article","og_title":"Plan de site | ASD SPW","og_description":"ACCUEIL &gt; PLAN DE SITE\u00a0 Plan du site : vous trouverez ici toutes les pages du site","og_url":"https:\/\/soposting-worker.com\/fr\/plan-de-site\/","og_site_name":"ASD SPW","article_publisher":"https:\/\/www.facebook.com\/asd.spw","article_modified_time":"2025-09-17T10:05:03+00:00","og_image":[{"width":1134,"height":766,"url":"https:\/\/soposting-worker.com\/wp-content\/uploads\/2024\/10\/Logo-ASD-SPW-noir.png","type":"image\/png"}],"twitter_card":"summary_large_image","twitter_misc":{"Dur\u00e9e de lecture estim\u00e9e":"3 minutes"},"schema":{"@context":"https:\/\/schema.org","@graph":[{"@type":"WebPage","@id":"https:\/\/soposting-worker.com\/fr\/plan-de-site\/","url":"https:\/\/soposting-worker.com\/fr\/plan-de-site\/","name":"Plan de site | ASD SPW","isPartOf":{"@id":"https:\/\/soposting-worker.com\/fr\/#website"},"datePublished":"2024-04-05T08:41:45+00:00","dateModified":"2025-09-17T10:05:03+00:00","breadcrumb":{"@id":"https:\/\/soposting-worker.com\/fr\/plan-de-site\/#breadcrumb"},"inLanguage":"fr-FR","potentialAction":[{"@type":"ReadAction","target":["https:\/\/soposting-worker.com\/fr\/plan-de-site\/"]}]},{"@type":"BreadcrumbList","@id":"https:\/\/soposting-worker.com\/fr\/plan-de-site\/#breadcrumb","itemListElement":[{"@type":"ListItem","position":1,"name":"Accueil","item":"https:\/\/soposting-worker.com\/fr\/"},{"@type":"ListItem","position":2,"name":"Plan de site"}]},{"@type":"WebSite","@id":"https:\/\/soposting-worker.com\/fr\/#website","url":"https:\/\/soposting-worker.com\/fr\/","name":"ASD SPW","description":"Streamline Your Secondments, Simplify Procedures","publisher":{"@id":"https:\/\/soposting-worker.com\/fr\/#organization"},"alternateName":"So Posting Worker","potentialAction":[{"@type":"SearchAction","target":{"@type":"EntryPoint","urlTemplate":"https:\/\/soposting-worker.com\/fr\/?s={search_term_string}"},"query-input":{"@type":"PropertyValueSpecification","valueRequired":true,"valueName":"search_term_string"}}],"inLanguage":"fr-FR"},{"@type":"Organization","@id":"https:\/\/soposting-worker.com\/fr\/#organization","name":"ASD SPW","alternateName":"So Posting Worker","url":"https:\/\/soposting-worker.com\/fr\/","logo":{"@type":"ImageObject","inLanguage":"fr-FR","@id":"https:\/\/soposting-worker.com\/fr\/#\/schema\/logo\/image\/","url":"https:\/\/soposting-worker.com\/wp-content\/uploads\/2024\/10\/logo-asd-spw-noir-transparent-carre.png","contentUrl":"https:\/\/soposting-worker.com\/wp-content\/uploads\/2024\/10\/logo-asd-spw-noir-transparent-carre.png","width":696,"height":696,"caption":"ASD SPW"},"image":{"@id":"https:\/\/soposting-worker.com\/fr\/#\/schema\/logo\/image\/"},"sameAs":["https:\/\/www.facebook.com\/asd.spw","https:\/\/www.linkedin.com\/showcase\/asd-spw\/"]}]}},"_links":{"self":[{"href":"https:\/\/soposting-worker.com\/fr\/wp-json\/wp\/v2\/pages\/25931","targetHints":{"allow":["GET"]}}],"collection":[{"href":"https:\/\/soposting-worker.com\/fr\/wp-json\/wp\/v2\/pages"}],"about":[{"href":"https:\/\/soposting-worker.com\/fr\/wp-json\/wp\/v2\/types\/page"}],"author":[{"embeddable":true,"href":"https:\/\/soposting-worker.com\/fr\/wp-json\/wp\/v2\/users\/8"}],"replies":[{"embeddable":true,"href":"https:\/\/soposting-worker.com\/fr\/wp-json\/wp\/v2\/comments?post=25931"}],"version-history":[{"count":16,"href":"https:\/\/soposting-worker.com\/fr\/wp-json\/wp\/v2\/pages\/25931\/revisions"}],"predecessor-version":[{"id":35475,"href":"https:\/\/soposting-worker.com\/fr\/wp-json\/wp\/v2\/pages\/25931\/revisions\/35475"}],"wp:attachment":[{"href":"https:\/\/soposting-worker.com\/fr\/wp-json\/wp\/v2\/media?parent=25931"}],"curies":[{"name":"wp","href":"https:\/\/api.w.org\/{rel}","templated":true}]}}