{"id":25962,"date":"2024-04-05T08:41:45","date_gmt":"2024-04-05T08:41:45","guid":{"rendered":"https:\/\/soposting-worker.com\/?page_id=25962"},"modified":"2025-09-17T11:23:18","modified_gmt":"2025-09-17T11:23:18","slug":"indice-del-sitio","status":"publish","type":"page","link":"https:\/\/soposting-worker.com\/es\/indice-del-sitio\/","title":{"rendered":"\u00cdndice del sitio"},"content":{"rendered":"\t\t<div data-elementor-type=\"wp-page\" data-elementor-id=\"25962\" class=\"elementor elementor-25962 elementor-25910\" data-elementor-post-type=\"page\">\n\t\t\t\t\t\t<section class=\"elementor-section elementor-top-section elementor-element elementor-element-b483247 elementor-section-content-middle elementor-section-boxed elementor-section-height-default elementor-section-height-default\" data-id=\"b483247\" data-element_type=\"section\" data-e-type=\"section\" data-settings=\"{&quot;background_background&quot;:&quot;classic&quot;}\">\n\t\t\t\t\t\t<div class=\"elementor-container elementor-column-gap-no\">\n\t\t\t\t\t<div class=\"elementor-column elementor-col-100 elementor-top-column elementor-element elementor-element-d3e8769\" data-id=\"d3e8769\" data-element_type=\"column\" data-e-type=\"column\">\n\t\t\t<div class=\"elementor-widget-wrap elementor-element-populated\">\n\t\t\t\t\t\t<div class=\"elementor-element elementor-element-07f6414 elementor-widget elementor-widget-text-editor\" data-id=\"07f6414\" data-element_type=\"widget\" data-e-type=\"widget\" data-widget_type=\"text-editor.default\">\n\t\t\t\t<div class=\"elementor-widget-container\">\n\t\t\t\t\t\t\t\t\t<p><a href=\"\/es\/\"> INICIO <\/a> &gt; \u00cdNDICE DEL SITIO\u00a0<\/p>\t\t\t\t\t\t\t\t<\/div>\n\t\t\t\t<\/div>\n\t\t<div class=\"elementor-element elementor-element-9dda2ef e-con-full e-flex e-con e-parent\" data-id=\"9dda2ef\" data-element_type=\"container\" data-e-type=\"container\">\n\t\t<div class=\"elementor-element elementor-element-35153de e-con-full e-flex e-con e-child\" data-id=\"35153de\" data-element_type=\"container\" data-e-type=\"container\">\n\t\t\t\t<div class=\"elementor-element elementor-element-e64a744 elementor-widget elementor-widget-text-editor\" data-id=\"e64a744\" data-element_type=\"widget\" data-e-type=\"widget\" data-widget_type=\"text-editor.default\">\n\t\t\t\t<div class=\"elementor-widget-container\">\n\t\t\t\t\t\t\t\t\t<h1 class=\"elementor-heading-title elementor-size-default\">\u00cdndice del sitio: aqu\u00ed se encuentran todas las p\u00e1ginas del sitio<\/h1>\t\t\t\t\t\t\t\t<\/div>\n\t\t\t\t<\/div>\n\t\t\t\t<\/div>\n\t\t\t\t<\/div>\n\t\t\t\t<div class=\"elementor-element elementor-element-439f48d elementor-widget-divider--view-line elementor-widget elementor-widget-divider\" data-id=\"439f48d\" data-element_type=\"widget\" data-e-type=\"widget\" data-widget_type=\"divider.default\">\n\t\t\t\t<div class=\"elementor-widget-container\">\n\t\t\t\t\t\t\t<div class=\"elementor-divider\">\n\t\t\t<span class=\"elementor-divider-separator\">\n\t\t\t\t\t\t<\/span>\n\t\t<\/div>\n\t\t\t\t\t\t<\/div>\n\t\t\t\t<\/div>\n\t\t\t\t\t<\/div>\n\t\t<\/div>\n\t\t\t\t\t<\/div>\n\t\t<\/section>\n\t\t<div class=\"elementor-element elementor-element-2023b99 sitemap-bloc e-flex e-con-boxed e-con e-parent\" data-id=\"2023b99\" data-element_type=\"container\" data-e-type=\"container\">\n\t\t\t\t\t<div class=\"e-con-inner\">\n\t\t<div class=\"elementor-element elementor-element-add4582 e-con-full e-flex e-con e-child\" data-id=\"add4582\" data-element_type=\"container\" data-e-type=\"container\">\n\t\t\t\t<div class=\"elementor-element elementor-element-bbef4a6 elementor-widget elementor-widget-html\" data-id=\"bbef4a6\" data-element_type=\"widget\" data-e-type=\"widget\" data-widget_type=\"html.default\">\n\t\t\t\t<div class=\"elementor-widget-container\">\n\t\t\t\t\t<div class=\"prefil-long prefil-social\">\r\n<\/div>\t\t\t\t<\/div>\n\t\t\t\t<\/div>\n\t\t\t\t<div class=\"elementor-element elementor-element-ac7ab57 elementor-widget elementor-widget-html\" data-id=\"ac7ab57\" data-element_type=\"widget\" data-e-type=\"widget\" data-widget_type=\"html.default\">\n\t\t\t\t<div class=\"elementor-widget-container\">\n\t\t\t\t\t<div class=\"prefil-small prefil-social\">\r\n<\/div>\t\t\t\t<\/div>\n\t\t\t\t<\/div>\n\t\t\t\t<div class=\"elementor-element elementor-element-91419d0 elementor-widget elementor-widget-sitemap\" data-id=\"91419d0\" data-element_type=\"widget\" data-e-type=\"widget\" data-widget_type=\"sitemap.default\">\n\t\t\t\t<div class=\"elementor-widget-container\">\n\t\t\t\t\t<div class=\"elementor-sitemap-wrap\"><div class=\"elementor-sitemap-section\"><h2 class=\"elementor-sitemap-title elementor-sitemap-page-title\">P\u00e1ginas<\/h2><ul class=\"elementor-sitemap-list elementor-sitemap-page-list\"><li class=\"elementor-sitemap-item elementor-sitemap-item-page page_item page-item-20668\"><a href=\"https:\/\/soposting-worker.com\/es\/\">Accueil &#8211; es<\/a><\/li><li class=\"elementor-sitemap-item elementor-sitemap-item-page page_item page-item-21500\"><a href=\"https:\/\/soposting-worker.com\/es\/blog\/\">Blog &#8211; Entradas de blog<\/a><\/li><li class=\"elementor-sitemap-item elementor-sitemap-item-page page_item page-item-24532\"><a href=\"https:\/\/soposting-worker.com\/es\/desplazamiento-de-trabajadores-francia\/\">Desplazamiento de trabajadores a Francia<\/a><\/li><li class=\"elementor-sitemap-item elementor-sitemap-item-page page_item page-item-21469\"><a href=\"https:\/\/soposting-worker.com\/es\/comercio\/\">Desplazamiento de trabajadores a Francia en los sectores comercial e industrial<\/a><\/li><li class=\"elementor-sitemap-item elementor-sitemap-item-page page_item page-item-21412\"><a href=\"https:\/\/soposting-worker.com\/es\/trabajo-temporal\/\">Desplazamiento de trabajadores a Francia para trabajo temporal<\/a><\/li><li class=\"elementor-sitemap-item elementor-sitemap-item-page page_item page-item-22100\"><a href=\"https:\/\/soposting-worker.com\/es\/explotacion-viticola\/\">Desplazamiento de trabajadores del sector vitivin\u00edcola en Francia<\/a><\/li><li class=\"elementor-sitemap-item elementor-sitemap-item-page page_item page-item-22039\"><a href=\"https:\/\/soposting-worker.com\/es\/eventos\/\">Desplazamiento de trabajadores en Francia en el sector de los eventos<\/a><\/li><li class=\"elementor-sitemap-item elementor-sitemap-item-page page_item page-item-22440\"><a href=\"https:\/\/soposting-worker.com\/es\/transporte\/\">Desplazamiento de trabajadores en Francia en el sector del transporte<\/a><\/li><li class=\"elementor-sitemap-item elementor-sitemap-item-page page_item page-item-21215\"><a href=\"https:\/\/soposting-worker.com\/es\/declaracion-desplazamiento-sipsi\/\">Desplazamiento de trabajadores en Francia: Declaraci\u00f3n previa SIPSI<\/a><\/li><li class=\"elementor-sitemap-item elementor-sitemap-item-page page_item page-item-22161\"><a href=\"https:\/\/soposting-worker.com\/es\/documentos-de-informacion\/\">Desplazamiento de trabajadores en Francia: documentos de informaci\u00f3n obligatoria<\/a><\/li><li class=\"elementor-sitemap-item elementor-sitemap-item-page page_item page-item-22371\"><a href=\"https:\/\/soposting-worker.com\/es\/designacion-representante\/\">Desplazamiento de trabajadores en Francia: representaci\u00f3n<\/a><\/li><li class=\"elementor-sitemap-item elementor-sitemap-item-page page_item page-item-22308\"><a href=\"https:\/\/soposting-worker.com\/es\/tarjeta-profesional-construccion\/\">Desplazamiento de trabajadores en Francia: tarjeta de trabajador de la construcci\u00f3n (tarjeta BTP)<\/a><\/li><li class=\"elementor-sitemap-item elementor-sitemap-item-page page_item page-item-21590\"><a href=\"https:\/\/soposting-worker.com\/es\/construccion\/\">D\u00e9tachement de travailleurs en France dans le secteur de la construction<\/a><\/li><li class=\"elementor-sitemap-item elementor-sitemap-item-page page_item page-item-24919\"><a href=\"https:\/\/soposting-worker.com\/es\/faq-preguntas-frecuentes\/\">FAQ &#8211; Preguntas m\u00e1s frecuentes<\/a><\/li><li class=\"elementor-sitemap-item elementor-sitemap-item-page page_item page-item-27963\"><a href=\"https:\/\/soposting-worker.com\/es\/noticias\/\">Noticias<\/a><\/li><li class=\"elementor-sitemap-item elementor-sitemap-item-page page_item page-item-24664\"><a href=\"https:\/\/soposting-worker.com\/es\/contacto\/\">Ponte en contacto con nosotros<\/a><\/li><li class=\"elementor-sitemap-item elementor-sitemap-item-page page_item page-item-21746\"><a href=\"https:\/\/soposting-worker.com\/es\/precios\/\">Precios<\/a><\/li><li class=\"elementor-sitemap-item elementor-sitemap-item-page page_item page-item-25610\"><a href=\"https:\/\/soposting-worker.com\/es\/sobre-nosotros\/\">Sobre nosotros<\/a><\/li><li class=\"elementor-sitemap-item elementor-sitemap-item-page page_item page-item-28353\"><a href=\"https:\/\/soposting-worker.com\/es\/ubicaciones\/\">Ubicaciones<\/a><\/li><\/ul><\/div><div class=\"elementor-sitemap-section\"><h2 class=\"elementor-sitemap-title elementor-sitemap-post-title\">Publicaciones de blog<\/h2><ul class=\"elementor-sitemap-list elementor-sitemap-post-list\"><li class=\"elementor-sitemap-item elementor-sitemap-item-post page_item page-item-34175\"><a href=\"https:\/\/soposting-worker.com\/es\/desplazas-empleados-a-francia\/\">\u00bfDesplazas empleados a Francia?<\/a><\/li><li class=\"elementor-sitemap-item elementor-sitemap-item-post page_item page-item-34164\"><a href=\"https:\/\/soposting-worker.com\/es\/desplazas-empleados-a-francia-tienes-muchas-obligaciones\/\">\u00bfDesplazas empleados a Francia? \u00a1Tienes muchas obligaciones!<\/a><\/li><li class=\"elementor-sitemap-item elementor-sitemap-item-post page_item page-item-34093\"><a href=\"https:\/\/soposting-worker.com\/es\/eres-un-transportista-que-desplaza-trabajadores-a-francia\/\">\u00bfEres un transportista que desplaza trabajadores a Francia?<\/a><\/li><li class=\"elementor-sitemap-item elementor-sitemap-item-post page_item page-item-34126\"><a href=\"https:\/\/soposting-worker.com\/es\/que-es-el-distintivo-ambiental-critair\/\">\u00bfQu\u00e9 es el distintivo ambiental Crit\u2019Air?<\/a><\/li><li class=\"elementor-sitemap-item elementor-sitemap-item-post page_item page-item-34101\"><a href=\"https:\/\/soposting-worker.com\/es\/tienes-tu-distintivo-critair\/\">\u00bfTienes tu distintivo Crit&#8217;Air?<\/a><\/li><li class=\"elementor-sitemap-item elementor-sitemap-item-post page_item page-item-34172\"><a href=\"https:\/\/soposting-worker.com\/es\/brexit-desplazamiento-de-trabajadores-a-francia\/\">Brexit: desplazamiento de trabajadores a Francia<\/a><\/li><li class=\"elementor-sitemap-item elementor-sitemap-item-post page_item page-item-34185\"><a href=\"https:\/\/soposting-worker.com\/es\/coronavirus-nuevas-directrices-de-la-comision-europea-del-23-y-30-de-mayo\/\">Coronavirus: Nuevas directrices de la Comisi\u00f3n Europea del 23 y 30 de mayo<\/a><\/li><li class=\"elementor-sitemap-item elementor-sitemap-item-post page_item page-item-34202\"><a href=\"https:\/\/soposting-worker.com\/es\/covid-19-restricciones-para-viajeros-y-transportistas-que-entran-en-francia\/\">Covid-19: Restricciones para viajeros y transportistas que entran en Francia<\/a><\/li><li class=\"elementor-sitemap-item elementor-sitemap-item-post page_item page-item-34129\"><a href=\"https:\/\/soposting-worker.com\/es\/desplaza-a-tus-empleados-al-extranjero-en-el-sector-de-la-construccion-y-obras-publicas\/\">Desplaza a tus empleados al extranjero en el sector de la construcci\u00f3n y obras p\u00fablicas<\/a><\/li><li class=\"elementor-sitemap-item elementor-sitemap-item-post page_item page-item-34196\"><a href=\"https:\/\/soposting-worker.com\/es\/desplazamiento-a-francia-nuevas-normativas\/\">Desplazamiento a Francia: Nuevas normativas<\/a><\/li><li class=\"elementor-sitemap-item elementor-sitemap-item-post page_item page-item-34208\"><a href=\"https:\/\/soposting-worker.com\/es\/desplazamiento-de-empleados-britanicos-a-francia-que-impacto-tiene-el-brexit-en-su-situacion\/\">Desplazamiento de empleados brit\u00e1nicos a Francia: \u00bfqu\u00e9 impacto tiene el Brexit en su situaci\u00f3n?<\/a><\/li><li class=\"elementor-sitemap-item elementor-sitemap-item-post page_item page-item-34217\"><a href=\"https:\/\/soposting-worker.com\/es\/desplazamiento-de-empleados-del-transporte-por-carretera-en-francia-cuales-son-los-tramites\/\">Desplazamiento de empleados del transporte por carretera en Francia: \u00bfcu\u00e1les son los tr\u00e1mites?<\/a><\/li><li class=\"elementor-sitemap-item elementor-sitemap-item-post page_item page-item-34120\"><a href=\"https:\/\/soposting-worker.com\/es\/desplazamiento-de-empleados-extranjeros-a-espana\/\">Desplazamiento de empleados extranjeros a Espa\u00f1a<\/a><\/li><li class=\"elementor-sitemap-item elementor-sitemap-item-post page_item page-item-34189\"><a href=\"https:\/\/soposting-worker.com\/es\/desplazamiento-de-trabajadores-nuevo-decreto-publicado-en-el-diario-oficial-de-francia\/\">Desplazamiento de trabajadores: nuevo decreto publicado en el Diario Oficial de Francia<\/a><\/li><li class=\"elementor-sitemap-item elementor-sitemap-item-post page_item page-item-34110\"><a href=\"https:\/\/soposting-worker.com\/es\/desplazamiento-en-el-sector-de-la-construccion-y-la-ingenieria-civil-conoces-todas-tus-obligaciones\/\">Desplazamiento en el sector de la construcci\u00f3n y la ingenier\u00eda civil: \u00bfconoces todas tus obligaciones?<\/a><\/li><li class=\"elementor-sitemap-item elementor-sitemap-item-post page_item page-item-34113\"><a href=\"https:\/\/soposting-worker.com\/es\/la-importancia-de-tener-un-representante-legal-para-el-desplazamiento-de-tus-empleados\/\">La importancia de tener un representante legal para el desplazamiento de tus empleados<\/a><\/li><li class=\"elementor-sitemap-item elementor-sitemap-item-post page_item page-item-34097\"><a href=\"https:\/\/soposting-worker.com\/es\/las-fotos-de-identidad-para-documentos-oficiales-siempre-son-un-autentico-quebradero-de-cabeza\/\">Las fotos de identidad para documentos oficiales siempre son un aut\u00e9ntico quebradero de cabeza<\/a><\/li><li class=\"elementor-sitemap-item elementor-sitemap-item-post page_item page-item-34123\"><a href=\"https:\/\/soposting-worker.com\/es\/nuevas-medidas-sobre-el-desplazamiento-y-el-empleo-ilegal-a-la-luz-de-la-nueva-ley-francesa-loi-avenir-professionnel\/\">Nuevas medidas sobre el desplazamiento y el empleo ilegal a la luz de la nueva ley francesa \u201cLoi Avenir Professionnel\u201d<\/a><\/li><li class=\"elementor-sitemap-item elementor-sitemap-item-post page_item page-item-34169\"><a href=\"https:\/\/soposting-worker.com\/es\/nuevas-normativas-para-transportistas-en-relacion-con-el-desplazamiento-de-trabajadores\/\">Nuevas normativas para transportistas en relaci\u00f3n con el desplazamiento de trabajadores<\/a><\/li><li class=\"elementor-sitemap-item elementor-sitemap-item-post page_item page-item-34213\"><a href=\"https:\/\/soposting-worker.com\/es\/paquete-de-movilidad-nuevas-normas-desde-el-2-de-febrero-de-2022\/\">Paquete de movilidad: nuevas normas desde el 2 de febrero de 2022<\/a><\/li><li class=\"elementor-sitemap-item elementor-sitemap-item-post page_item page-item-34193\"><a href=\"https:\/\/soposting-worker.com\/es\/paquete-de-movilidad-reforma-del-sector-del-transporte-por-carretera\/\">Paquete de movilidad: reforma del sector del transporte por carretera<\/a><\/li><li class=\"elementor-sitemap-item elementor-sitemap-item-post page_item page-item-34116\"><a href=\"https:\/\/soposting-worker.com\/es\/rennes-introduce-el-distintivo-ambiental-frances-critair\/\">Rennes introduce el distintivo ambiental franc\u00e9s &#8216;Crit&#8217;Air&#8217;<\/a><\/li><li class=\"elementor-sitemap-item elementor-sitemap-item-post page_item page-item-34205\"><a href=\"https:\/\/soposting-worker.com\/es\/restricciones-para-los-viajeros-y-transportistas-que-ingresan-y-viajan-dentro-de-los-paises-bajos\/\">Restricciones para los viajeros y transportistas que ingresan y viajan dentro de los Pa\u00edses Bajos<\/a><\/li><li class=\"elementor-sitemap-item elementor-sitemap-item-post page_item page-item-34178\"><a href=\"https:\/\/soposting-worker.com\/es\/sin-tarjeta-btp-multa-duplicada\/\">Sin tarjeta BTP: multa duplicada<\/a><\/li><li class=\"elementor-sitemap-item elementor-sitemap-item-post page_item page-item-33778\"><a href=\"https:\/\/soposting-worker.com\/es\/todo-sobre-el-formulario-a1-para-el-desplazamiento-de-empleados-en-francia\/\">Todo sobre el formulario A1 para el desplazamiento de empleados en Francia<\/a><\/li><li class=\"elementor-sitemap-item elementor-sitemap-item-post page_item page-item-34200\"><a href=\"https:\/\/soposting-worker.com\/es\/toque-de-queda-en-francia-nuevos-documentos-justificativos-para-los-trabajadores-desplazados\/\">Toque de queda en Francia, nuevos documentos justificativos para los trabajadores desplazados<\/a><\/li><li class=\"elementor-sitemap-item elementor-sitemap-item-post page_item page-item-35767\"><a href=\"https:\/\/soposting-worker.com\/es\/trabajador-desplazado-a-francia-que-normas-debe-cumplir-el-empleador\/\">Trabajador desplazado a Francia: \u00bfqu\u00e9 normas debe cumplir el empleador?<\/a><\/li><li class=\"elementor-sitemap-item elementor-sitemap-item-post page_item page-item-34107\"><a href=\"https:\/\/soposting-worker.com\/es\/trabajadores-desplazados-cual-es-la-situacion-actual\/\">Trabajadores desplazados: \u00bfcu\u00e1l es la situaci\u00f3n actual?<\/a><\/li><\/ul><\/div><div class=\"elementor-sitemap-section\"><h2 class=\"elementor-sitemap-title elementor-sitemap-actualite-title\">Noticias<\/h2><ul class=\"elementor-sitemap-list elementor-sitemap-actualite-list\"><li class=\"elementor-sitemap-item elementor-sitemap-item-actualite page_item page-item-30723\"><a href=\"https:\/\/soposting-worker.com\/es\/descubre-la-nueva-plataforma-asd-spw-anteriormente-so-posting-worker\/\">\u00a1Descubre la nueva plataforma ASD SPW (anteriormente So Posting Worker)!<\/a><\/li><\/ul><\/div><\/div>\t\t\t\t<\/div>\n\t\t\t\t<\/div>\n\t\t\t\t<\/div>\n\t\t\t\t\t<\/div>\n\t\t\t\t<\/div>\n\t\t\t\t<\/div>\n\t\t","protected":false},"excerpt":{"rendered":"<p>INICIO &gt; \u00cdNDICE DEL SITIO\u00a0 \u00cdndice del sitio: aqu\u00ed se encuentran todas las p\u00e1ginas del sitio<\/p>\n","protected":false},"author":8,"featured_media":0,"parent":0,"menu_order":0,"comment_status":"closed","ping_status":"closed","template":"elementor_header_footer","meta":{"footnotes":""},"class_list":["post-25962","page","type-page","status-publish","hentry"],"yoast_head":"<!-- This site is optimized with the Yoast SEO plugin v27.3 - https:\/\/yoast.com\/product\/yoast-seo-wordpress\/ -->\n<title>\u00cdndice del sitio | ASD SPW<\/title>\n<meta name=\"robots\" content=\"index, follow, max-snippet:-1, max-image-preview:large, max-video-preview:-1\" \/>\n<link rel=\"canonical\" href=\"https:\/\/soposting-worker.com\/es\/indice-del-sitio\/\" \/>\n<meta property=\"og:locale\" content=\"es_ES\" \/>\n<meta property=\"og:type\" content=\"article\" \/>\n<meta property=\"og:title\" content=\"\u00cdndice del sitio | ASD SPW\" \/>\n<meta property=\"og:description\" content=\"INICIO &gt; \u00cdNDICE DEL SITIO\u00a0 \u00cdndice del sitio: aqu\u00ed se encuentran todas las p\u00e1ginas del sitio\" \/>\n<meta property=\"og:url\" content=\"https:\/\/soposting-worker.com\/es\/indice-del-sitio\/\" \/>\n<meta property=\"og:site_name\" content=\"ASD SPW\" \/>\n<meta property=\"article:publisher\" content=\"https:\/\/www.facebook.com\/asd.spw\" \/>\n<meta property=\"article:modified_time\" content=\"2025-09-17T11:23:18+00:00\" \/>\n<meta property=\"og:image\" content=\"https:\/\/soposting-worker.com\/wp-content\/uploads\/2024\/10\/Logo-ASD-SPW-noir.png\" \/>\n\t<meta property=\"og:image:width\" content=\"1134\" \/>\n\t<meta property=\"og:image:height\" content=\"766\" \/>\n\t<meta property=\"og:image:type\" content=\"image\/png\" \/>\n<meta name=\"twitter:card\" content=\"summary_large_image\" \/>\n<meta name=\"twitter:label1\" content=\"Tiempo de lectura\" \/>\n\t<meta name=\"twitter:data1\" content=\"2 minutos\" \/>\n<script type=\"application\/ld+json\" class=\"yoast-schema-graph\">{\"@context\":\"https:\\\/\\\/schema.org\",\"@graph\":[{\"@type\":\"WebPage\",\"@id\":\"https:\\\/\\\/soposting-worker.com\\\/es\\\/indice-del-sitio\\\/\",\"url\":\"https:\\\/\\\/soposting-worker.com\\\/es\\\/indice-del-sitio\\\/\",\"name\":\"\u00cdndice del sitio | ASD SPW\",\"isPartOf\":{\"@id\":\"https:\\\/\\\/soposting-worker.com\\\/es\\\/#website\"},\"datePublished\":\"2024-04-05T08:41:45+00:00\",\"dateModified\":\"2025-09-17T11:23:18+00:00\",\"breadcrumb\":{\"@id\":\"https:\\\/\\\/soposting-worker.com\\\/es\\\/indice-del-sitio\\\/#breadcrumb\"},\"inLanguage\":\"es\",\"potentialAction\":[{\"@type\":\"ReadAction\",\"target\":[\"https:\\\/\\\/soposting-worker.com\\\/es\\\/indice-del-sitio\\\/\"]}]},{\"@type\":\"BreadcrumbList\",\"@id\":\"https:\\\/\\\/soposting-worker.com\\\/es\\\/indice-del-sitio\\\/#breadcrumb\",\"itemListElement\":[{\"@type\":\"ListItem\",\"position\":1,\"name\":\"Accueil\",\"item\":\"https:\\\/\\\/soposting-worker.com\\\/es\\\/\"},{\"@type\":\"ListItem\",\"position\":2,\"name\":\"\u00cdndice del sitio\"}]},{\"@type\":\"WebSite\",\"@id\":\"https:\\\/\\\/soposting-worker.com\\\/es\\\/#website\",\"url\":\"https:\\\/\\\/soposting-worker.com\\\/es\\\/\",\"name\":\"ASD SPW\",\"description\":\"Streamline Your Secondments, Simplify Procedures\",\"publisher\":{\"@id\":\"https:\\\/\\\/soposting-worker.com\\\/es\\\/#organization\"},\"alternateName\":\"So Posting Worker\",\"potentialAction\":[{\"@type\":\"SearchAction\",\"target\":{\"@type\":\"EntryPoint\",\"urlTemplate\":\"https:\\\/\\\/soposting-worker.com\\\/es\\\/?s={search_term_string}\"},\"query-input\":{\"@type\":\"PropertyValueSpecification\",\"valueRequired\":true,\"valueName\":\"search_term_string\"}}],\"inLanguage\":\"es\"},{\"@type\":\"Organization\",\"@id\":\"https:\\\/\\\/soposting-worker.com\\\/es\\\/#organization\",\"name\":\"ASD SPW\",\"alternateName\":\"So Posting Worker\",\"url\":\"https:\\\/\\\/soposting-worker.com\\\/es\\\/\",\"logo\":{\"@type\":\"ImageObject\",\"inLanguage\":\"es\",\"@id\":\"https:\\\/\\\/soposting-worker.com\\\/es\\\/#\\\/schema\\\/logo\\\/image\\\/\",\"url\":\"https:\\\/\\\/soposting-worker.com\\\/wp-content\\\/uploads\\\/2024\\\/10\\\/logo-asd-spw-noir-transparent-carre.png\",\"contentUrl\":\"https:\\\/\\\/soposting-worker.com\\\/wp-content\\\/uploads\\\/2024\\\/10\\\/logo-asd-spw-noir-transparent-carre.png\",\"width\":696,\"height\":696,\"caption\":\"ASD SPW\"},\"image\":{\"@id\":\"https:\\\/\\\/soposting-worker.com\\\/es\\\/#\\\/schema\\\/logo\\\/image\\\/\"},\"sameAs\":[\"https:\\\/\\\/www.facebook.com\\\/asd.spw\",\"https:\\\/\\\/www.linkedin.com\\\/showcase\\\/asd-spw\\\/\"]}]}<\/script>\n<!-- \/ Yoast SEO plugin. -->","yoast_head_json":{"title":"\u00cdndice del sitio | ASD SPW","robots":{"index":"index","follow":"follow","max-snippet":"max-snippet:-1","max-image-preview":"max-image-preview:large","max-video-preview":"max-video-preview:-1"},"canonical":"https:\/\/soposting-worker.com\/es\/indice-del-sitio\/","og_locale":"es_ES","og_type":"article","og_title":"\u00cdndice del sitio | ASD SPW","og_description":"INICIO &gt; \u00cdNDICE DEL SITIO\u00a0 \u00cdndice del sitio: aqu\u00ed se encuentran todas las p\u00e1ginas del sitio","og_url":"https:\/\/soposting-worker.com\/es\/indice-del-sitio\/","og_site_name":"ASD SPW","article_publisher":"https:\/\/www.facebook.com\/asd.spw","article_modified_time":"2025-09-17T11:23:18+00:00","og_image":[{"width":1134,"height":766,"url":"https:\/\/soposting-worker.com\/wp-content\/uploads\/2024\/10\/Logo-ASD-SPW-noir.png","type":"image\/png"}],"twitter_card":"summary_large_image","twitter_misc":{"Tiempo de lectura":"2 minutos"},"schema":{"@context":"https:\/\/schema.org","@graph":[{"@type":"WebPage","@id":"https:\/\/soposting-worker.com\/es\/indice-del-sitio\/","url":"https:\/\/soposting-worker.com\/es\/indice-del-sitio\/","name":"\u00cdndice del sitio | ASD SPW","isPartOf":{"@id":"https:\/\/soposting-worker.com\/es\/#website"},"datePublished":"2024-04-05T08:41:45+00:00","dateModified":"2025-09-17T11:23:18+00:00","breadcrumb":{"@id":"https:\/\/soposting-worker.com\/es\/indice-del-sitio\/#breadcrumb"},"inLanguage":"es","potentialAction":[{"@type":"ReadAction","target":["https:\/\/soposting-worker.com\/es\/indice-del-sitio\/"]}]},{"@type":"BreadcrumbList","@id":"https:\/\/soposting-worker.com\/es\/indice-del-sitio\/#breadcrumb","itemListElement":[{"@type":"ListItem","position":1,"name":"Accueil","item":"https:\/\/soposting-worker.com\/es\/"},{"@type":"ListItem","position":2,"name":"\u00cdndice del sitio"}]},{"@type":"WebSite","@id":"https:\/\/soposting-worker.com\/es\/#website","url":"https:\/\/soposting-worker.com\/es\/","name":"ASD SPW","description":"Streamline Your Secondments, Simplify Procedures","publisher":{"@id":"https:\/\/soposting-worker.com\/es\/#organization"},"alternateName":"So Posting Worker","potentialAction":[{"@type":"SearchAction","target":{"@type":"EntryPoint","urlTemplate":"https:\/\/soposting-worker.com\/es\/?s={search_term_string}"},"query-input":{"@type":"PropertyValueSpecification","valueRequired":true,"valueName":"search_term_string"}}],"inLanguage":"es"},{"@type":"Organization","@id":"https:\/\/soposting-worker.com\/es\/#organization","name":"ASD SPW","alternateName":"So Posting Worker","url":"https:\/\/soposting-worker.com\/es\/","logo":{"@type":"ImageObject","inLanguage":"es","@id":"https:\/\/soposting-worker.com\/es\/#\/schema\/logo\/image\/","url":"https:\/\/soposting-worker.com\/wp-content\/uploads\/2024\/10\/logo-asd-spw-noir-transparent-carre.png","contentUrl":"https:\/\/soposting-worker.com\/wp-content\/uploads\/2024\/10\/logo-asd-spw-noir-transparent-carre.png","width":696,"height":696,"caption":"ASD SPW"},"image":{"@id":"https:\/\/soposting-worker.com\/es\/#\/schema\/logo\/image\/"},"sameAs":["https:\/\/www.facebook.com\/asd.spw","https:\/\/www.linkedin.com\/showcase\/asd-spw\/"]}]}},"_links":{"self":[{"href":"https:\/\/soposting-worker.com\/es\/wp-json\/wp\/v2\/pages\/25962","targetHints":{"allow":["GET"]}}],"collection":[{"href":"https:\/\/soposting-worker.com\/es\/wp-json\/wp\/v2\/pages"}],"about":[{"href":"https:\/\/soposting-worker.com\/es\/wp-json\/wp\/v2\/types\/page"}],"author":[{"embeddable":true,"href":"https:\/\/soposting-worker.com\/es\/wp-json\/wp\/v2\/users\/8"}],"replies":[{"embeddable":true,"href":"https:\/\/soposting-worker.com\/es\/wp-json\/wp\/v2\/comments?post=25962"}],"version-history":[{"count":16,"href":"https:\/\/soposting-worker.com\/es\/wp-json\/wp\/v2\/pages\/25962\/revisions"}],"predecessor-version":[{"id":35484,"href":"https:\/\/soposting-worker.com\/es\/wp-json\/wp\/v2\/pages\/25962\/revisions\/35484"}],"wp:attachment":[{"href":"https:\/\/soposting-worker.com\/es\/wp-json\/wp\/v2\/media?parent=25962"}],"curies":[{"name":"wp","href":"https:\/\/api.w.org\/{rel}","templated":true}]}}