{"id":25937,"date":"2024-04-05T08:41:45","date_gmt":"2024-04-05T08:41:45","guid":{"rendered":"https:\/\/soposting-worker.com\/?page_id=25937"},"modified":"2025-09-17T11:17:22","modified_gmt":"2025-09-17T11:17:22","slug":"sitemap","status":"publish","type":"page","link":"https:\/\/soposting-worker.com\/de\/sitemap\/","title":{"rendered":"Sitemap"},"content":{"rendered":"\t\t<div data-elementor-type=\"wp-page\" data-elementor-id=\"25937\" class=\"elementor elementor-25937 elementor-25910\" data-elementor-post-type=\"page\">\n\t\t\t\t\t\t<section class=\"elementor-section elementor-top-section elementor-element elementor-element-b483247 elementor-section-content-middle elementor-section-boxed elementor-section-height-default elementor-section-height-default\" data-id=\"b483247\" data-element_type=\"section\" data-e-type=\"section\" data-settings=\"{&quot;background_background&quot;:&quot;classic&quot;}\">\n\t\t\t\t\t\t<div class=\"elementor-container elementor-column-gap-no\">\n\t\t\t\t\t<div class=\"elementor-column elementor-col-100 elementor-top-column elementor-element elementor-element-d3e8769\" data-id=\"d3e8769\" data-element_type=\"column\" data-e-type=\"column\">\n\t\t\t<div class=\"elementor-widget-wrap elementor-element-populated\">\n\t\t\t\t\t\t<div class=\"elementor-element elementor-element-07f6414 elementor-widget elementor-widget-text-editor\" data-id=\"07f6414\" data-element_type=\"widget\" data-e-type=\"widget\" data-widget_type=\"text-editor.default\">\n\t\t\t\t<div class=\"elementor-widget-container\">\n\t\t\t\t\t\t\t\t\t<p><a href=\"\/de\/\">STARTSEITE<\/a> &gt; SITEMAP\u00a0<\/p>\t\t\t\t\t\t\t\t<\/div>\n\t\t\t\t<\/div>\n\t\t<div class=\"elementor-element elementor-element-9dda2ef e-con-full e-flex e-con e-parent\" data-id=\"9dda2ef\" data-element_type=\"container\" data-e-type=\"container\">\n\t\t<div class=\"elementor-element elementor-element-35153de e-con-full e-flex e-con e-child\" data-id=\"35153de\" data-element_type=\"container\" data-e-type=\"container\">\n\t\t\t\t<div class=\"elementor-element elementor-element-e64a744 elementor-widget elementor-widget-text-editor\" data-id=\"e64a744\" data-element_type=\"widget\" data-e-type=\"widget\" data-widget_type=\"text-editor.default\">\n\t\t\t\t<div class=\"elementor-widget-container\">\n\t\t\t\t\t\t\t\t\t<h1 class=\"elementor-heading-title elementor-size-default\" style=\"text-align: left;\">Sitemap: Hier finden Sie alle Seiten der Website<\/h1>\t\t\t\t\t\t\t\t<\/div>\n\t\t\t\t<\/div>\n\t\t\t\t<\/div>\n\t\t\t\t<\/div>\n\t\t\t\t<div class=\"elementor-element elementor-element-439f48d elementor-widget-divider--view-line elementor-widget elementor-widget-divider\" data-id=\"439f48d\" data-element_type=\"widget\" data-e-type=\"widget\" data-widget_type=\"divider.default\">\n\t\t\t\t<div class=\"elementor-widget-container\">\n\t\t\t\t\t\t\t<div class=\"elementor-divider\">\n\t\t\t<span class=\"elementor-divider-separator\">\n\t\t\t\t\t\t<\/span>\n\t\t<\/div>\n\t\t\t\t\t\t<\/div>\n\t\t\t\t<\/div>\n\t\t\t\t\t<\/div>\n\t\t<\/div>\n\t\t\t\t\t<\/div>\n\t\t<\/section>\n\t\t<div class=\"elementor-element elementor-element-1e61864 sitemap-bloc e-flex e-con-boxed e-con e-parent\" data-id=\"1e61864\" data-element_type=\"container\" data-e-type=\"container\">\n\t\t\t\t\t<div class=\"e-con-inner\">\n\t\t<div class=\"elementor-element elementor-element-a4d4d6f e-con-full e-flex e-con e-child\" data-id=\"a4d4d6f\" data-element_type=\"container\" data-e-type=\"container\">\n\t\t\t\t<div class=\"elementor-element elementor-element-b033621 elementor-widget elementor-widget-html\" data-id=\"b033621\" data-element_type=\"widget\" data-e-type=\"widget\" data-widget_type=\"html.default\">\n\t\t\t\t<div class=\"elementor-widget-container\">\n\t\t\t\t\t<div class=\"prefil-long prefil-social\">\r\n<\/div>\t\t\t\t<\/div>\n\t\t\t\t<\/div>\n\t\t\t\t<div class=\"elementor-element elementor-element-75505ac elementor-widget elementor-widget-html\" data-id=\"75505ac\" data-element_type=\"widget\" data-e-type=\"widget\" data-widget_type=\"html.default\">\n\t\t\t\t<div class=\"elementor-widget-container\">\n\t\t\t\t\t<div class=\"prefil-small prefil-social\">\r\n<\/div>\t\t\t\t<\/div>\n\t\t\t\t<\/div>\n\t\t\t\t<div class=\"elementor-element elementor-element-d228c42 elementor-widget elementor-widget-sitemap\" data-id=\"d228c42\" data-element_type=\"widget\" data-e-type=\"widget\" data-widget_type=\"sitemap.default\">\n\t\t\t\t<div class=\"elementor-widget-container\">\n\t\t\t\t\t<div class=\"elementor-sitemap-wrap\"><div class=\"elementor-sitemap-section\"><h2 class=\"elementor-sitemap-title elementor-sitemap-page-title\">Seiten<\/h2><ul class=\"elementor-sitemap-list elementor-sitemap-page-list\"><li class=\"elementor-sitemap-item elementor-sitemap-item-page page_item page-item-20722\"><a href=\"https:\/\/soposting-worker.com\/de\/\">Accueil &#8211; DE<\/a><\/li><li class=\"elementor-sitemap-item elementor-sitemap-item-page page_item page-item-24461\"><a href=\"https:\/\/soposting-worker.com\/de\/blog\/\">Blog &#8211; Blogartikel<\/a><\/li><li class=\"elementor-sitemap-item elementor-sitemap-item-page page_item page-item-21532\"><a href=\"https:\/\/soposting-worker.com\/de\/handel\/\">Entsendung von Arbeitnehmern in Frankreich in den Bereichen Handel und Industrie<\/a><\/li><li class=\"elementor-sitemap-item elementor-sitemap-item-page page_item page-item-21948\"><a href=\"https:\/\/soposting-worker.com\/de\/baugewerbe\/\">Entsendung von Arbeitnehmern in Frankreich in der Bauwirtschaft<\/a><\/li><li class=\"elementor-sitemap-item elementor-sitemap-item-page page_item page-item-22406\"><a href=\"https:\/\/soposting-worker.com\/de\/transportwesen\/\">Entsendung von Arbeitnehmern in Frankreich in der Transportbranche<\/a><\/li><li class=\"elementor-sitemap-item elementor-sitemap-item-page page_item page-item-21978\"><a href=\"https:\/\/soposting-worker.com\/de\/veranstaltungen\/\">Entsendung von Arbeitnehmern in Frankreich in der Veranstaltungsbranche<\/a><\/li><li class=\"elementor-sitemap-item elementor-sitemap-item-page page_item page-item-22075\"><a href=\"https:\/\/soposting-worker.com\/de\/weinbaubetrieb\/\">Entsendung von Arbeitnehmern in Frankreich in der Weinbauindustrie<\/a><\/li><li class=\"elementor-sitemap-item elementor-sitemap-item-page page_item page-item-22257\"><a href=\"https:\/\/soposting-worker.com\/de\/berufsausweis-baugewerbe\/\">Entsendung von Arbeitnehmern in Frankreich: Ausweis f\u00fcr Bauarbeiter (BTP-Karte)<\/a><\/li><li class=\"elementor-sitemap-item elementor-sitemap-item-page page_item page-item-22133\"><a href=\"https:\/\/soposting-worker.com\/de\/informationsunterlagen\/\">Entsendung von Arbeitnehmern in Frankreich: obligatorische Informationsunterlagen<\/a><\/li><li class=\"elementor-sitemap-item elementor-sitemap-item-page page_item page-item-21357\"><a href=\"https:\/\/soposting-worker.com\/de\/sipsi-erklarung\/\">Entsendung von Arbeitnehmern in Frankreich: SIPSI-Vorabmeldung<\/a><\/li><li class=\"elementor-sitemap-item elementor-sitemap-item-page page_item page-item-22343\"><a href=\"https:\/\/soposting-worker.com\/de\/benennung-eines-vertreters\/\">Entsendung von Arbeitnehmern in Frankreich: Vertretung<\/a><\/li><li class=\"elementor-sitemap-item elementor-sitemap-item-page page_item page-item-24522\"><a href=\"https:\/\/soposting-worker.com\/de\/entsendung-von-arbeitnehmern-frankreich\/\">Entsendung von Arbeitnehmern nach Frankreich<\/a><\/li><li class=\"elementor-sitemap-item elementor-sitemap-item-page page_item page-item-21439\"><a href=\"https:\/\/soposting-worker.com\/de\/zeitarbeit\/\">Entsendung von Arbeitnehmern nach Frankreich f\u00fcr Zeitarbeit<\/a><\/li><li class=\"elementor-sitemap-item elementor-sitemap-item-page page_item page-item-25720\"><a href=\"https:\/\/soposting-worker.com\/de\/faq-haufig-gestellte-fragen\/\">FAQ &#8211; H\u00e4ufig gestellte Fragen<\/a><\/li><li class=\"elementor-sitemap-item elementor-sitemap-item-page page_item page-item-24639\"><a href=\"https:\/\/soposting-worker.com\/de\/kontakt\/\">Kontaktieren Sie uns<\/a><\/li><li class=\"elementor-sitemap-item elementor-sitemap-item-page page_item page-item-27983\"><a href=\"https:\/\/soposting-worker.com\/de\/nachrichten\/\">nachrichten<\/a><\/li><li class=\"elementor-sitemap-item elementor-sitemap-item-page page_item page-item-21766\"><a href=\"https:\/\/soposting-worker.com\/de\/preise\/\">Preise<\/a><\/li><li class=\"elementor-sitemap-item elementor-sitemap-item-page page_item page-item-28349\"><a href=\"https:\/\/soposting-worker.com\/de\/standorte\/\">Standorte<\/a><\/li><li class=\"elementor-sitemap-item elementor-sitemap-item-page page_item page-item-25585\"><a href=\"https:\/\/soposting-worker.com\/de\/ueber-uns\/\">\u00dcber uns<\/a><\/li><\/ul><\/div><div class=\"elementor-sitemap-section\"><h2 class=\"elementor-sitemap-title elementor-sitemap-post-title\">Blogbeitr\u00e4ge<\/h2><ul class=\"elementor-sitemap-list elementor-sitemap-post-list\"><li class=\"elementor-sitemap-item elementor-sitemap-item-post page_item page-item-33798\"><a href=\"https:\/\/soposting-worker.com\/de\/alles-was-sie-ueber-die-a1-bescheinigung-fuer-die-entsendung-von-arbeitnehmern-nach-frankreich-wissen-muessen\/\">Alles \u00fcber die A1-Bescheinigung f\u00fcr die Entsendung von Arbeitnehmern nach Frankreich<\/a><\/li><li class=\"elementor-sitemap-item elementor-sitemap-item-post page_item page-item-34490\"><a href=\"https:\/\/soposting-worker.com\/de\/die-bedeutung-eines-gesetzlichen-vertreters-fuer-die-entsendung-ihrer-mitarbeiter\/\">Die Bedeutung eines gesetzlichen Vertreters f\u00fcr die Entsendung Ihrer Mitarbeiter<\/a><\/li><li class=\"elementor-sitemap-item elementor-sitemap-item-post page_item page-item-34500\"><a href=\"https:\/\/soposting-worker.com\/de\/entsende-deine-mitarbeiter-ins-ausland-im-bereich-bau-und-tiefbau\/\">Entsende deine Mitarbeiter ins Ausland im Bereich Bau- und Tiefbau<\/a><\/li><li class=\"elementor-sitemap-item elementor-sitemap-item-post page_item page-item-34502\"><a href=\"https:\/\/soposting-worker.com\/de\/entsenden-sie-mitarbeiter-nach-frankreich-sie-haben-eine-vielzahl-von-verpflichtungen\/\">Entsenden Sie Mitarbeiter nach Frankreich? Sie haben eine Vielzahl von Verpflichtungen!<\/a><\/li><li class=\"elementor-sitemap-item elementor-sitemap-item-post page_item page-item-34494\"><a href=\"https:\/\/soposting-worker.com\/de\/entsendung-auslaendischer-mitarbeiter-nach-spanien\/\">Entsendung ausl\u00e4ndischer Mitarbeiter nach Spanien<\/a><\/li><li class=\"elementor-sitemap-item elementor-sitemap-item-post page_item page-item-34487\"><a href=\"https:\/\/soposting-worker.com\/de\/entsendung-im-bau-und-tiefbauwesen-kennen-sie-alle-ihre-verpflichtungen\/\">Entsendung im Bau- und Tiefbauwesen: Kennen Sie alle Ihre Verpflichtungen?<\/a><\/li><li class=\"elementor-sitemap-item elementor-sitemap-item-post page_item page-item-34485\"><a href=\"https:\/\/soposting-worker.com\/de\/haben-sie-ihre-critair-vignette-in-frankreich\/\">Haben Sie Ihre Crit&#8217;Air-Vignette in Frankreich?<\/a><\/li><li class=\"elementor-sitemap-item elementor-sitemap-item-post page_item page-item-34496\"><a href=\"https:\/\/soposting-worker.com\/de\/neue-massnahmen-zum-thema-entsendung-und-illegaler-beschaeftigung-im-lichte-des-neuen-franzoesischen-gesetzes-loi-avenir-professionnel\/\">Neue Ma\u00dfnahmen zum Thema Entsendung und illegaler Besch\u00e4ftigung im Lichte des neuen franz\u00f6sischen Gesetzes \u201eLoi Avenir Professionnel\u201c<\/a><\/li><li class=\"elementor-sitemap-item elementor-sitemap-item-post page_item page-item-34483\"><a href=\"https:\/\/soposting-worker.com\/de\/passfotos-fuer-offizielle-dokumente-sind-immer-ein-grosses-aergernis\/\">Passfotos f\u00fcr offizielle Dokumente sind immer ein gro\u00dfes \u00c4rgernis<\/a><\/li><li class=\"elementor-sitemap-item elementor-sitemap-item-post page_item page-item-34492\"><a href=\"https:\/\/soposting-worker.com\/de\/rennes-fuehrt-den-critair-aufkleber-ein\/\">Rennes f\u00fchrt den Crit&#8217;Air-Aufkleber ein<\/a><\/li><li class=\"elementor-sitemap-item elementor-sitemap-item-post page_item page-item-34481\"><a href=\"https:\/\/soposting-worker.com\/de\/sind-sie-ein-transportunternehmer-der-arbeitnehmer-nach-frankreich-entsendet\/\">Sind Sie ein Transportunternehmer, der Arbeitnehmer nach Frankreich entsendet?<\/a><\/li><li class=\"elementor-sitemap-item elementor-sitemap-item-post page_item page-item-34498\"><a href=\"https:\/\/soposting-worker.com\/de\/was-ist-der-critair-aufkleber\/\">Was ist der Crit&#8217;Air-Aufkleber?<\/a><\/li><\/ul><\/div><div class=\"elementor-sitemap-section\"><h2 class=\"elementor-sitemap-title elementor-sitemap-actualite-title\">Nachrichten<\/h2><ul class=\"elementor-sitemap-list elementor-sitemap-actualite-list\"><li class=\"elementor-sitemap-item elementor-sitemap-item-actualite page_item page-item-29015\"><a href=\"https:\/\/soposting-worker.com\/de\/entdecken-sie-die-neue-asd-spw-ex-so-posting-worker-plattform\/\">Entdecken Sie die neue ASD SPW (Ex-So Posting Worker) Plattform!<\/a><\/li><\/ul><\/div><\/div>\t\t\t\t<\/div>\n\t\t\t\t<\/div>\n\t\t\t\t<\/div>\n\t\t\t\t\t<\/div>\n\t\t\t\t<\/div>\n\t\t\t\t<\/div>\n\t\t","protected":false},"excerpt":{"rendered":"<p>STARTSEITE &gt; SITEMAP\u00a0 Sitemap: Hier finden Sie alle Seiten der Website<\/p>\n","protected":false},"author":7,"featured_media":0,"parent":0,"menu_order":0,"comment_status":"closed","ping_status":"closed","template":"elementor_header_footer","meta":{"footnotes":""},"class_list":["post-25937","page","type-page","status-publish","hentry"],"yoast_head":"<!-- This site is optimized with the Yoast SEO plugin v27.4 - https:\/\/yoast.com\/product\/yoast-seo-wordpress\/ -->\n<title>Sitemap | ASD SPW<\/title>\n<meta name=\"robots\" content=\"index, follow, max-snippet:-1, max-image-preview:large, max-video-preview:-1\" \/>\n<link rel=\"canonical\" href=\"https:\/\/soposting-worker.com\/de\/sitemap\/\" \/>\n<meta property=\"og:locale\" content=\"de_DE\" \/>\n<meta property=\"og:type\" content=\"article\" \/>\n<meta property=\"og:title\" content=\"Sitemap | ASD SPW\" \/>\n<meta property=\"og:description\" content=\"STARTSEITE &gt; SITEMAP\u00a0 Sitemap: Hier finden Sie alle Seiten der Website\" \/>\n<meta property=\"og:url\" content=\"https:\/\/soposting-worker.com\/de\/sitemap\/\" \/>\n<meta property=\"og:site_name\" content=\"ASD SPW\" \/>\n<meta property=\"article:publisher\" content=\"https:\/\/www.facebook.com\/asd.spw\" \/>\n<meta property=\"article:modified_time\" content=\"2025-09-17T11:17:22+00:00\" \/>\n<meta property=\"og:image\" content=\"https:\/\/soposting-worker.com\/wp-content\/uploads\/2024\/10\/Logo-ASD-SPW-noir.png\" \/>\n\t<meta property=\"og:image:width\" content=\"1134\" \/>\n\t<meta property=\"og:image:height\" content=\"766\" \/>\n\t<meta property=\"og:image:type\" content=\"image\/png\" \/>\n<meta name=\"twitter:card\" content=\"summary_large_image\" \/>\n<meta name=\"twitter:label1\" content=\"Gesch\u00e4tzte Lesezeit\" \/>\n\t<meta name=\"twitter:data1\" content=\"2\u00a0Minuten\" \/>\n<script type=\"application\/ld+json\" class=\"yoast-schema-graph\">{\"@context\":\"https:\\\/\\\/schema.org\",\"@graph\":[{\"@type\":\"WebPage\",\"@id\":\"https:\\\/\\\/soposting-worker.com\\\/de\\\/sitemap\\\/\",\"url\":\"https:\\\/\\\/soposting-worker.com\\\/de\\\/sitemap\\\/\",\"name\":\"Sitemap | ASD SPW\",\"isPartOf\":{\"@id\":\"https:\\\/\\\/soposting-worker.com\\\/de\\\/#website\"},\"datePublished\":\"2024-04-05T08:41:45+00:00\",\"dateModified\":\"2025-09-17T11:17:22+00:00\",\"breadcrumb\":{\"@id\":\"https:\\\/\\\/soposting-worker.com\\\/de\\\/sitemap\\\/#breadcrumb\"},\"inLanguage\":\"de\",\"potentialAction\":[{\"@type\":\"ReadAction\",\"target\":[\"https:\\\/\\\/soposting-worker.com\\\/de\\\/sitemap\\\/\"]}]},{\"@type\":\"BreadcrumbList\",\"@id\":\"https:\\\/\\\/soposting-worker.com\\\/de\\\/sitemap\\\/#breadcrumb\",\"itemListElement\":[{\"@type\":\"ListItem\",\"position\":1,\"name\":\"Accueil\",\"item\":\"https:\\\/\\\/soposting-worker.com\\\/de\\\/\"},{\"@type\":\"ListItem\",\"position\":2,\"name\":\"Sitemap\"}]},{\"@type\":\"WebSite\",\"@id\":\"https:\\\/\\\/soposting-worker.com\\\/de\\\/#website\",\"url\":\"https:\\\/\\\/soposting-worker.com\\\/de\\\/\",\"name\":\"ASD SPW\",\"description\":\"Streamline Your Secondments, Simplify Procedures\",\"publisher\":{\"@id\":\"https:\\\/\\\/soposting-worker.com\\\/de\\\/#organization\"},\"alternateName\":\"So Posting Worker\",\"potentialAction\":[{\"@type\":\"SearchAction\",\"target\":{\"@type\":\"EntryPoint\",\"urlTemplate\":\"https:\\\/\\\/soposting-worker.com\\\/de\\\/?s={search_term_string}\"},\"query-input\":{\"@type\":\"PropertyValueSpecification\",\"valueRequired\":true,\"valueName\":\"search_term_string\"}}],\"inLanguage\":\"de\"},{\"@type\":\"Organization\",\"@id\":\"https:\\\/\\\/soposting-worker.com\\\/de\\\/#organization\",\"name\":\"ASD SPW\",\"alternateName\":\"So Posting Worker\",\"url\":\"https:\\\/\\\/soposting-worker.com\\\/de\\\/\",\"logo\":{\"@type\":\"ImageObject\",\"inLanguage\":\"de\",\"@id\":\"https:\\\/\\\/soposting-worker.com\\\/de\\\/#\\\/schema\\\/logo\\\/image\\\/\",\"url\":\"https:\\\/\\\/soposting-worker.com\\\/wp-content\\\/uploads\\\/2024\\\/10\\\/logo-asd-spw-noir-transparent-carre.png\",\"contentUrl\":\"https:\\\/\\\/soposting-worker.com\\\/wp-content\\\/uploads\\\/2024\\\/10\\\/logo-asd-spw-noir-transparent-carre.png\",\"width\":696,\"height\":696,\"caption\":\"ASD SPW\"},\"image\":{\"@id\":\"https:\\\/\\\/soposting-worker.com\\\/de\\\/#\\\/schema\\\/logo\\\/image\\\/\"},\"sameAs\":[\"https:\\\/\\\/www.facebook.com\\\/asd.spw\",\"https:\\\/\\\/www.linkedin.com\\\/showcase\\\/asd-spw\\\/\"]}]}<\/script>\n<!-- \/ Yoast SEO plugin. -->","yoast_head_json":{"title":"Sitemap | ASD SPW","robots":{"index":"index","follow":"follow","max-snippet":"max-snippet:-1","max-image-preview":"max-image-preview:large","max-video-preview":"max-video-preview:-1"},"canonical":"https:\/\/soposting-worker.com\/de\/sitemap\/","og_locale":"de_DE","og_type":"article","og_title":"Sitemap | ASD SPW","og_description":"STARTSEITE &gt; SITEMAP\u00a0 Sitemap: Hier finden Sie alle Seiten der Website","og_url":"https:\/\/soposting-worker.com\/de\/sitemap\/","og_site_name":"ASD SPW","article_publisher":"https:\/\/www.facebook.com\/asd.spw","article_modified_time":"2025-09-17T11:17:22+00:00","og_image":[{"width":1134,"height":766,"url":"https:\/\/soposting-worker.com\/wp-content\/uploads\/2024\/10\/Logo-ASD-SPW-noir.png","type":"image\/png"}],"twitter_card":"summary_large_image","twitter_misc":{"Gesch\u00e4tzte Lesezeit":"2\u00a0Minuten"},"schema":{"@context":"https:\/\/schema.org","@graph":[{"@type":"WebPage","@id":"https:\/\/soposting-worker.com\/de\/sitemap\/","url":"https:\/\/soposting-worker.com\/de\/sitemap\/","name":"Sitemap | ASD SPW","isPartOf":{"@id":"https:\/\/soposting-worker.com\/de\/#website"},"datePublished":"2024-04-05T08:41:45+00:00","dateModified":"2025-09-17T11:17:22+00:00","breadcrumb":{"@id":"https:\/\/soposting-worker.com\/de\/sitemap\/#breadcrumb"},"inLanguage":"de","potentialAction":[{"@type":"ReadAction","target":["https:\/\/soposting-worker.com\/de\/sitemap\/"]}]},{"@type":"BreadcrumbList","@id":"https:\/\/soposting-worker.com\/de\/sitemap\/#breadcrumb","itemListElement":[{"@type":"ListItem","position":1,"name":"Accueil","item":"https:\/\/soposting-worker.com\/de\/"},{"@type":"ListItem","position":2,"name":"Sitemap"}]},{"@type":"WebSite","@id":"https:\/\/soposting-worker.com\/de\/#website","url":"https:\/\/soposting-worker.com\/de\/","name":"ASD SPW","description":"Streamline Your Secondments, Simplify Procedures","publisher":{"@id":"https:\/\/soposting-worker.com\/de\/#organization"},"alternateName":"So Posting Worker","potentialAction":[{"@type":"SearchAction","target":{"@type":"EntryPoint","urlTemplate":"https:\/\/soposting-worker.com\/de\/?s={search_term_string}"},"query-input":{"@type":"PropertyValueSpecification","valueRequired":true,"valueName":"search_term_string"}}],"inLanguage":"de"},{"@type":"Organization","@id":"https:\/\/soposting-worker.com\/de\/#organization","name":"ASD SPW","alternateName":"So Posting Worker","url":"https:\/\/soposting-worker.com\/de\/","logo":{"@type":"ImageObject","inLanguage":"de","@id":"https:\/\/soposting-worker.com\/de\/#\/schema\/logo\/image\/","url":"https:\/\/soposting-worker.com\/wp-content\/uploads\/2024\/10\/logo-asd-spw-noir-transparent-carre.png","contentUrl":"https:\/\/soposting-worker.com\/wp-content\/uploads\/2024\/10\/logo-asd-spw-noir-transparent-carre.png","width":696,"height":696,"caption":"ASD SPW"},"image":{"@id":"https:\/\/soposting-worker.com\/de\/#\/schema\/logo\/image\/"},"sameAs":["https:\/\/www.facebook.com\/asd.spw","https:\/\/www.linkedin.com\/showcase\/asd-spw\/"]}]}},"_links":{"self":[{"href":"https:\/\/soposting-worker.com\/de\/wp-json\/wp\/v2\/pages\/25937","targetHints":{"allow":["GET"]}}],"collection":[{"href":"https:\/\/soposting-worker.com\/de\/wp-json\/wp\/v2\/pages"}],"about":[{"href":"https:\/\/soposting-worker.com\/de\/wp-json\/wp\/v2\/types\/page"}],"author":[{"embeddable":true,"href":"https:\/\/soposting-worker.com\/de\/wp-json\/wp\/v2\/users\/7"}],"replies":[{"embeddable":true,"href":"https:\/\/soposting-worker.com\/de\/wp-json\/wp\/v2\/comments?post=25937"}],"version-history":[{"count":10,"href":"https:\/\/soposting-worker.com\/de\/wp-json\/wp\/v2\/pages\/25937\/revisions"}],"predecessor-version":[{"id":35478,"href":"https:\/\/soposting-worker.com\/de\/wp-json\/wp\/v2\/pages\/25937\/revisions\/35478"}],"wp:attachment":[{"href":"https:\/\/soposting-worker.com\/de\/wp-json\/wp\/v2\/media?parent=25937"}],"curies":[{"name":"wp","href":"https:\/\/api.w.org\/{rel}","templated":true}]}}