{"id":25921,"date":"2024-04-05T08:41:45","date_gmt":"2024-04-05T08:41:45","guid":{"rendered":"https:\/\/soposting-worker.com\/?page_id=25921"},"modified":"2025-09-17T11:40:35","modified_gmt":"2025-09-17T11:40:35","slug":"mapa-stranek","status":"publish","type":"page","link":"https:\/\/soposting-worker.com\/cs\/mapa-stranek\/","title":{"rendered":"Mapa str\u00e1nek"},"content":{"rendered":"\t\t<div data-elementor-type=\"wp-page\" data-elementor-id=\"25921\" class=\"elementor elementor-25921 elementor-25910\" data-elementor-post-type=\"page\">\n\t\t\t\t\t\t<section class=\"elementor-section elementor-top-section elementor-element elementor-element-b483247 elementor-section-content-middle elementor-section-boxed elementor-section-height-default elementor-section-height-default\" data-id=\"b483247\" data-element_type=\"section\" data-e-type=\"section\" data-settings=\"{&quot;background_background&quot;:&quot;classic&quot;}\">\n\t\t\t\t\t\t<div class=\"elementor-container elementor-column-gap-no\">\n\t\t\t\t\t<div class=\"elementor-column elementor-col-100 elementor-top-column elementor-element elementor-element-d3e8769\" data-id=\"d3e8769\" data-element_type=\"column\" data-e-type=\"column\">\n\t\t\t<div class=\"elementor-widget-wrap elementor-element-populated\">\n\t\t\t\t\t\t<div class=\"elementor-element elementor-element-07f6414 elementor-widget elementor-widget-text-editor\" data-id=\"07f6414\" data-element_type=\"widget\" data-e-type=\"widget\" data-widget_type=\"text-editor.default\">\n\t\t\t\t<div class=\"elementor-widget-container\">\n\t\t\t\t\t\t\t\t\t<p><a href=\"\/cs\/\"> \u00daVOD <\/a> &gt; MAPA STR\u00c1NEK\u00a0<\/p>\t\t\t\t\t\t\t\t<\/div>\n\t\t\t\t<\/div>\n\t\t<div class=\"elementor-element elementor-element-9dda2ef e-con-full e-flex e-con e-parent\" data-id=\"9dda2ef\" data-element_type=\"container\" data-e-type=\"container\">\n\t\t<div class=\"elementor-element elementor-element-35153de e-con-full e-flex e-con e-child\" data-id=\"35153de\" data-element_type=\"container\" data-e-type=\"container\">\n\t\t\t\t<div class=\"elementor-element elementor-element-e64a744 elementor-widget elementor-widget-text-editor\" data-id=\"e64a744\" data-element_type=\"widget\" data-e-type=\"widget\" data-widget_type=\"text-editor.default\">\n\t\t\t\t<div class=\"elementor-widget-container\">\n\t\t\t\t\t\t\t\t\t<h1 class=\"elementor-heading-title elementor-size-default\" style=\"text-align: left;\">Mapa str\u00e1nek: zde najdete v\u0161echny str\u00e1nky webu<\/h1>\t\t\t\t\t\t\t\t<\/div>\n\t\t\t\t<\/div>\n\t\t\t\t<\/div>\n\t\t\t\t<\/div>\n\t\t\t\t<div class=\"elementor-element elementor-element-439f48d elementor-widget-divider--view-line elementor-widget elementor-widget-divider\" data-id=\"439f48d\" data-element_type=\"widget\" data-e-type=\"widget\" data-widget_type=\"divider.default\">\n\t\t\t\t<div class=\"elementor-widget-container\">\n\t\t\t\t\t\t\t<div class=\"elementor-divider\">\n\t\t\t<span class=\"elementor-divider-separator\">\n\t\t\t\t\t\t<\/span>\n\t\t<\/div>\n\t\t\t\t\t\t<\/div>\n\t\t\t\t<\/div>\n\t\t\t\t\t<\/div>\n\t\t<\/div>\n\t\t\t\t\t<\/div>\n\t\t<\/section>\n\t\t<div class=\"elementor-element elementor-element-da1e398 sitemap-bloc e-flex e-con-boxed e-con e-parent\" data-id=\"da1e398\" data-element_type=\"container\" data-e-type=\"container\">\n\t\t\t\t\t<div class=\"e-con-inner\">\n\t\t<div class=\"elementor-element elementor-element-a67c097 e-con-full e-flex e-con e-child\" data-id=\"a67c097\" data-element_type=\"container\" data-e-type=\"container\">\n\t\t\t\t<div class=\"elementor-element elementor-element-b3fd399 elementor-widget elementor-widget-html\" data-id=\"b3fd399\" data-element_type=\"widget\" data-e-type=\"widget\" data-widget_type=\"html.default\">\n\t\t\t\t<div class=\"elementor-widget-container\">\n\t\t\t\t\t<div class=\"prefil-long prefil-social\">\r\n<\/div>\t\t\t\t<\/div>\n\t\t\t\t<\/div>\n\t\t\t\t<div class=\"elementor-element elementor-element-7a4698d elementor-widget elementor-widget-html\" data-id=\"7a4698d\" data-element_type=\"widget\" data-e-type=\"widget\" data-widget_type=\"html.default\">\n\t\t\t\t<div class=\"elementor-widget-container\">\n\t\t\t\t\t<div class=\"prefil-small prefil-social\">\r\n<\/div>\t\t\t\t<\/div>\n\t\t\t\t<\/div>\n\t\t\t\t<div class=\"elementor-element elementor-element-282aa3c elementor-widget elementor-widget-sitemap\" data-id=\"282aa3c\" data-element_type=\"widget\" data-e-type=\"widget\" data-widget_type=\"sitemap.default\">\n\t\t\t\t<div class=\"elementor-widget-container\">\n\t\t\t\t\t<div class=\"elementor-sitemap-wrap\"><div class=\"elementor-sitemap-section\"><h2 class=\"elementor-sitemap-title elementor-sitemap-page-title\">Str\u00e1nky<\/h2><ul class=\"elementor-sitemap-list elementor-sitemap-page-list\"><li class=\"elementor-sitemap-item elementor-sitemap-item-page page_item page-item-20744\"><a href=\"https:\/\/soposting-worker.com\/cs\/\">Accueil &#8211; CS<\/a><\/li><li class=\"elementor-sitemap-item elementor-sitemap-item-page page_item page-item-27973\"><a href=\"https:\/\/soposting-worker.com\/cs\/aktuality\/\">aktuality<\/a><\/li><li class=\"elementor-sitemap-item elementor-sitemap-item-page page_item page-item-24448\"><a href=\"https:\/\/soposting-worker.com\/cs\/blog\/\">Blog &#8211; P\u0159\u00edsp\u011bvky na blogu<\/a><\/li><li class=\"elementor-sitemap-item elementor-sitemap-item-page page_item page-item-25731\"><a href=\"https:\/\/soposting-worker.com\/cs\/faq-casto-kladene-otazky\/\">FAQ &#8211; \u010casto kladen\u00e9 ot\u00e1zky<\/a><\/li><li class=\"elementor-sitemap-item elementor-sitemap-item-page page_item page-item-24614\"><a href=\"https:\/\/soposting-worker.com\/cs\/kontakt\/\">Kontaktujte n\u00e1s<\/a><\/li><li class=\"elementor-sitemap-item elementor-sitemap-item-page page_item page-item-25575\"><a href=\"https:\/\/soposting-worker.com\/cs\/o-nas\/\">O n\u00e1s<\/a><\/li><li class=\"elementor-sitemap-item elementor-sitemap-item-page page_item page-item-21789\"><a href=\"https:\/\/soposting-worker.com\/cs\/ceny\/\">Stanoven\u00ed cen<\/a><\/li><li class=\"elementor-sitemap-item elementor-sitemap-item-page page_item page-item-28346\"><a href=\"https:\/\/soposting-worker.com\/cs\/umisteni\/\">Um\u00edst\u011bn\u00ed<\/a><\/li><li class=\"elementor-sitemap-item elementor-sitemap-item-page page_item page-item-22018\"><a href=\"https:\/\/soposting-worker.com\/cs\/udalosti\/\">Vys\u00edl\u00e1n\u00ed pracovn\u00edk\u016f do Francie v oblasti po\u0159\u00e1d\u00e1n\u00ed akc\u00ed<\/a><\/li><li class=\"elementor-sitemap-item elementor-sitemap-item-page page_item page-item-21452\"><a href=\"https:\/\/soposting-worker.com\/cs\/docasna-prace\/\">Vys\u00edl\u00e1n\u00ed pracovn\u00edk\u016f na do\u010dasnou pr\u00e1ci do Francie<\/a><\/li><li class=\"elementor-sitemap-item elementor-sitemap-item-page page_item page-item-22385\"><a href=\"https:\/\/soposting-worker.com\/cs\/doprava\/\">Vys\u00edl\u00e1n\u00ed pracovn\u00edk\u016f v doprav\u011b ve Francii<\/a><\/li><li class=\"elementor-sitemap-item elementor-sitemap-item-page page_item page-item-21550\"><a href=\"https:\/\/soposting-worker.com\/cs\/obchod\/\">Vys\u00edl\u00e1n\u00ed pracovn\u00edk\u016f ve Francii v odv\u011btv\u00ed obchodu a pr\u016fmyslu<\/a><\/li><li class=\"elementor-sitemap-item elementor-sitemap-item-page page_item page-item-22051\"><a href=\"https:\/\/soposting-worker.com\/cs\/vinarstvi\/\">Vys\u00edl\u00e1n\u00ed pracovn\u00edk\u016f ve Francii ve vina\u0159sk\u00e9m pr\u016fmyslu<\/a><\/li><li class=\"elementor-sitemap-item elementor-sitemap-item-page page_item page-item-22111\"><a href=\"https:\/\/soposting-worker.com\/cs\/informacni-dokumenty\/\">Vys\u00edl\u00e1n\u00ed pracovn\u00edk\u016f ve Francii: povinn\u00e9 informa\u010dn\u00ed dokumenty<\/a><\/li><li class=\"elementor-sitemap-item elementor-sitemap-item-page page_item page-item-21385\"><a href=\"https:\/\/soposting-worker.com\/cs\/prohlaseni-sipsi\/\">Vys\u00edl\u00e1n\u00ed pracovn\u00edk\u016f ve Francii: P\u0159edb\u011b\u017en\u00e9 prohl\u00e1\u0161en\u00ed SIPSI<\/a><\/li><li class=\"elementor-sitemap-item elementor-sitemap-item-page page_item page-item-22196\"><a href=\"https:\/\/soposting-worker.com\/cs\/profesionalni-prukaz-totoznosti-stavebnictvi\/\">Vys\u00edl\u00e1n\u00ed pracovn\u00edk\u016f ve Francii: pr\u016fkaz stavebn\u00edho d\u011bln\u00edka (BTP)<\/a><\/li><li class=\"elementor-sitemap-item elementor-sitemap-item-page page_item page-item-22322\"><a href=\"https:\/\/soposting-worker.com\/cs\/urceni-zastupce\/\">Vys\u00edl\u00e1n\u00ed pracovn\u00edk\u016f ve Francii: zastoupen\u00ed<\/a><\/li><li class=\"elementor-sitemap-item elementor-sitemap-item-page page_item page-item-21963\"><a href=\"https:\/\/soposting-worker.com\/cs\/stavebnictvi\/\">Vys\u00edl\u00e1n\u00ed pracovn\u00edk\u016f ve stavebnictv\u00ed ve Francii<\/a><\/li><li class=\"elementor-sitemap-item elementor-sitemap-item-page page_item page-item-24518\"><a href=\"https:\/\/soposting-worker.com\/cs\/vysilani-zamestnancu-do-francie\/\">Vys\u00edl\u00e1n\u00ed zam\u011bstnanc\u016f do Francie<\/a><\/li><\/ul><\/div><div class=\"elementor-sitemap-section\"><h2 class=\"elementor-sitemap-title elementor-sitemap-post-title\">P\u0159\u00edsp\u011bvky na blogu<\/h2><ul class=\"elementor-sitemap-list elementor-sitemap-post-list\"><li class=\"elementor-sitemap-item elementor-sitemap-item-post page_item page-item-33843\"><a href=\"https:\/\/soposting-worker.com\/cs\/vse-o-formulari-a1-pro-vyslani-zamestnancu-do-francie\/\">V\u0161e o formul\u00e1\u0159i A1 pro vysl\u00e1n\u00ed zam\u011bstnanc\u016f do Francie<\/a><\/li><\/ul><\/div><div class=\"elementor-sitemap-section\"><h2 class=\"elementor-sitemap-title elementor-sitemap-actualite-title\">Novinky<\/h2><ul class=\"elementor-sitemap-list elementor-sitemap-actualite-list\"><li class=\"elementor-sitemap-item elementor-sitemap-item-actualite page_item page-item-29008\"><a href=\"https:\/\/soposting-worker.com\/cs\/objevte-novou-platformu-asd-spw-ex-so-posting-worker\/\">Objevte novou platformu ASD SPW (ex-So Posting Worker)!<\/a><\/li><\/ul><\/div><\/div>\t\t\t\t<\/div>\n\t\t\t\t<\/div>\n\t\t\t\t<\/div>\n\t\t\t\t\t<\/div>\n\t\t\t\t<\/div>\n\t\t\t\t<\/div>\n\t\t","protected":false},"excerpt":{"rendered":"<p>\u00daVOD &gt; MAPA STR\u00c1NEK\u00a0 Mapa str\u00e1nek: zde najdete v\u0161echny str\u00e1nky webu<\/p>\n","protected":false},"author":7,"featured_media":0,"parent":0,"menu_order":0,"comment_status":"closed","ping_status":"closed","template":"elementor_header_footer","meta":{"footnotes":""},"class_list":["post-25921","page","type-page","status-publish","hentry"],"yoast_head":"<!-- This site is optimized with the Yoast SEO plugin v27.4 - https:\/\/yoast.com\/product\/yoast-seo-wordpress\/ -->\n<title>Mapa str\u00e1nek | ASD SPW<\/title>\n<meta name=\"robots\" content=\"index, follow, max-snippet:-1, max-image-preview:large, max-video-preview:-1\" \/>\n<link rel=\"canonical\" href=\"https:\/\/soposting-worker.com\/cs\/mapa-stranek\/\" \/>\n<meta property=\"og:locale\" content=\"cs_CZ\" \/>\n<meta property=\"og:type\" content=\"article\" \/>\n<meta property=\"og:title\" content=\"Mapa str\u00e1nek | ASD SPW\" \/>\n<meta property=\"og:description\" content=\"\u00daVOD &gt; MAPA STR\u00c1NEK\u00a0 Mapa str\u00e1nek: zde najdete v\u0161echny str\u00e1nky webu\" \/>\n<meta property=\"og:url\" content=\"https:\/\/soposting-worker.com\/cs\/mapa-stranek\/\" \/>\n<meta property=\"og:site_name\" content=\"ASD SPW\" \/>\n<meta property=\"article:publisher\" content=\"https:\/\/www.facebook.com\/asd.spw\" \/>\n<meta property=\"article:modified_time\" content=\"2025-09-17T11:40:35+00:00\" \/>\n<meta property=\"og:image\" content=\"https:\/\/soposting-worker.com\/wp-content\/uploads\/2024\/10\/Logo-ASD-SPW-noir.png\" \/>\n\t<meta property=\"og:image:width\" content=\"1134\" \/>\n\t<meta property=\"og:image:height\" content=\"766\" \/>\n\t<meta property=\"og:image:type\" content=\"image\/png\" \/>\n<meta name=\"twitter:card\" content=\"summary_large_image\" \/>\n<meta name=\"twitter:label1\" content=\"Odhadovan\u00e1 doba \u010dten\u00ed\" \/>\n\t<meta name=\"twitter:data1\" content=\"1 minuta\" \/>\n<script type=\"application\/ld+json\" class=\"yoast-schema-graph\">{\"@context\":\"https:\\\/\\\/schema.org\",\"@graph\":[{\"@type\":\"WebPage\",\"@id\":\"https:\\\/\\\/soposting-worker.com\\\/cs\\\/mapa-stranek\\\/\",\"url\":\"https:\\\/\\\/soposting-worker.com\\\/cs\\\/mapa-stranek\\\/\",\"name\":\"Mapa str\u00e1nek | ASD SPW\",\"isPartOf\":{\"@id\":\"https:\\\/\\\/soposting-worker.com\\\/cs\\\/#website\"},\"datePublished\":\"2024-04-05T08:41:45+00:00\",\"dateModified\":\"2025-09-17T11:40:35+00:00\",\"breadcrumb\":{\"@id\":\"https:\\\/\\\/soposting-worker.com\\\/cs\\\/mapa-stranek\\\/#breadcrumb\"},\"inLanguage\":\"cs\",\"potentialAction\":[{\"@type\":\"ReadAction\",\"target\":[\"https:\\\/\\\/soposting-worker.com\\\/cs\\\/mapa-stranek\\\/\"]}]},{\"@type\":\"BreadcrumbList\",\"@id\":\"https:\\\/\\\/soposting-worker.com\\\/cs\\\/mapa-stranek\\\/#breadcrumb\",\"itemListElement\":[{\"@type\":\"ListItem\",\"position\":1,\"name\":\"Accueil\",\"item\":\"https:\\\/\\\/soposting-worker.com\\\/cs\\\/\"},{\"@type\":\"ListItem\",\"position\":2,\"name\":\"Mapa str\u00e1nek\"}]},{\"@type\":\"WebSite\",\"@id\":\"https:\\\/\\\/soposting-worker.com\\\/cs\\\/#website\",\"url\":\"https:\\\/\\\/soposting-worker.com\\\/cs\\\/\",\"name\":\"ASD SPW\",\"description\":\"Streamline Your Secondments, Simplify Procedures\",\"publisher\":{\"@id\":\"https:\\\/\\\/soposting-worker.com\\\/cs\\\/#organization\"},\"alternateName\":\"So Posting Worker\",\"potentialAction\":[{\"@type\":\"SearchAction\",\"target\":{\"@type\":\"EntryPoint\",\"urlTemplate\":\"https:\\\/\\\/soposting-worker.com\\\/cs\\\/?s={search_term_string}\"},\"query-input\":{\"@type\":\"PropertyValueSpecification\",\"valueRequired\":true,\"valueName\":\"search_term_string\"}}],\"inLanguage\":\"cs\"},{\"@type\":\"Organization\",\"@id\":\"https:\\\/\\\/soposting-worker.com\\\/cs\\\/#organization\",\"name\":\"ASD SPW\",\"alternateName\":\"So Posting Worker\",\"url\":\"https:\\\/\\\/soposting-worker.com\\\/cs\\\/\",\"logo\":{\"@type\":\"ImageObject\",\"inLanguage\":\"cs\",\"@id\":\"https:\\\/\\\/soposting-worker.com\\\/cs\\\/#\\\/schema\\\/logo\\\/image\\\/\",\"url\":\"https:\\\/\\\/soposting-worker.com\\\/wp-content\\\/uploads\\\/2024\\\/10\\\/logo-asd-spw-noir-transparent-carre.png\",\"contentUrl\":\"https:\\\/\\\/soposting-worker.com\\\/wp-content\\\/uploads\\\/2024\\\/10\\\/logo-asd-spw-noir-transparent-carre.png\",\"width\":696,\"height\":696,\"caption\":\"ASD SPW\"},\"image\":{\"@id\":\"https:\\\/\\\/soposting-worker.com\\\/cs\\\/#\\\/schema\\\/logo\\\/image\\\/\"},\"sameAs\":[\"https:\\\/\\\/www.facebook.com\\\/asd.spw\",\"https:\\\/\\\/www.linkedin.com\\\/showcase\\\/asd-spw\\\/\"]}]}<\/script>\n<!-- \/ Yoast SEO plugin. -->","yoast_head_json":{"title":"Mapa str\u00e1nek | ASD SPW","robots":{"index":"index","follow":"follow","max-snippet":"max-snippet:-1","max-image-preview":"max-image-preview:large","max-video-preview":"max-video-preview:-1"},"canonical":"https:\/\/soposting-worker.com\/cs\/mapa-stranek\/","og_locale":"cs_CZ","og_type":"article","og_title":"Mapa str\u00e1nek | ASD SPW","og_description":"\u00daVOD &gt; MAPA STR\u00c1NEK\u00a0 Mapa str\u00e1nek: zde najdete v\u0161echny str\u00e1nky webu","og_url":"https:\/\/soposting-worker.com\/cs\/mapa-stranek\/","og_site_name":"ASD SPW","article_publisher":"https:\/\/www.facebook.com\/asd.spw","article_modified_time":"2025-09-17T11:40:35+00:00","og_image":[{"width":1134,"height":766,"url":"https:\/\/soposting-worker.com\/wp-content\/uploads\/2024\/10\/Logo-ASD-SPW-noir.png","type":"image\/png"}],"twitter_card":"summary_large_image","twitter_misc":{"Odhadovan\u00e1 doba \u010dten\u00ed":"1 minuta"},"schema":{"@context":"https:\/\/schema.org","@graph":[{"@type":"WebPage","@id":"https:\/\/soposting-worker.com\/cs\/mapa-stranek\/","url":"https:\/\/soposting-worker.com\/cs\/mapa-stranek\/","name":"Mapa str\u00e1nek | ASD SPW","isPartOf":{"@id":"https:\/\/soposting-worker.com\/cs\/#website"},"datePublished":"2024-04-05T08:41:45+00:00","dateModified":"2025-09-17T11:40:35+00:00","breadcrumb":{"@id":"https:\/\/soposting-worker.com\/cs\/mapa-stranek\/#breadcrumb"},"inLanguage":"cs","potentialAction":[{"@type":"ReadAction","target":["https:\/\/soposting-worker.com\/cs\/mapa-stranek\/"]}]},{"@type":"BreadcrumbList","@id":"https:\/\/soposting-worker.com\/cs\/mapa-stranek\/#breadcrumb","itemListElement":[{"@type":"ListItem","position":1,"name":"Accueil","item":"https:\/\/soposting-worker.com\/cs\/"},{"@type":"ListItem","position":2,"name":"Mapa str\u00e1nek"}]},{"@type":"WebSite","@id":"https:\/\/soposting-worker.com\/cs\/#website","url":"https:\/\/soposting-worker.com\/cs\/","name":"ASD SPW","description":"Streamline Your Secondments, Simplify Procedures","publisher":{"@id":"https:\/\/soposting-worker.com\/cs\/#organization"},"alternateName":"So Posting Worker","potentialAction":[{"@type":"SearchAction","target":{"@type":"EntryPoint","urlTemplate":"https:\/\/soposting-worker.com\/cs\/?s={search_term_string}"},"query-input":{"@type":"PropertyValueSpecification","valueRequired":true,"valueName":"search_term_string"}}],"inLanguage":"cs"},{"@type":"Organization","@id":"https:\/\/soposting-worker.com\/cs\/#organization","name":"ASD SPW","alternateName":"So Posting Worker","url":"https:\/\/soposting-worker.com\/cs\/","logo":{"@type":"ImageObject","inLanguage":"cs","@id":"https:\/\/soposting-worker.com\/cs\/#\/schema\/logo\/image\/","url":"https:\/\/soposting-worker.com\/wp-content\/uploads\/2024\/10\/logo-asd-spw-noir-transparent-carre.png","contentUrl":"https:\/\/soposting-worker.com\/wp-content\/uploads\/2024\/10\/logo-asd-spw-noir-transparent-carre.png","width":696,"height":696,"caption":"ASD SPW"},"image":{"@id":"https:\/\/soposting-worker.com\/cs\/#\/schema\/logo\/image\/"},"sameAs":["https:\/\/www.facebook.com\/asd.spw","https:\/\/www.linkedin.com\/showcase\/asd-spw\/"]}]}},"_links":{"self":[{"href":"https:\/\/soposting-worker.com\/cs\/wp-json\/wp\/v2\/pages\/25921","targetHints":{"allow":["GET"]}}],"collection":[{"href":"https:\/\/soposting-worker.com\/cs\/wp-json\/wp\/v2\/pages"}],"about":[{"href":"https:\/\/soposting-worker.com\/cs\/wp-json\/wp\/v2\/types\/page"}],"author":[{"embeddable":true,"href":"https:\/\/soposting-worker.com\/cs\/wp-json\/wp\/v2\/users\/7"}],"replies":[{"embeddable":true,"href":"https:\/\/soposting-worker.com\/cs\/wp-json\/wp\/v2\/comments?post=25921"}],"version-history":[{"count":10,"href":"https:\/\/soposting-worker.com\/cs\/wp-json\/wp\/v2\/pages\/25921\/revisions"}],"predecessor-version":[{"id":35499,"href":"https:\/\/soposting-worker.com\/cs\/wp-json\/wp\/v2\/pages\/25921\/revisions\/35499"}],"wp:attachment":[{"href":"https:\/\/soposting-worker.com\/cs\/wp-json\/wp\/v2\/media?parent=25921"}],"curies":[{"name":"wp","href":"https:\/\/api.w.org\/{rel}","templated":true}]}}