{"id":24448,"date":"2023-11-29T11:33:31","date_gmt":"2023-11-29T11:33:31","guid":{"rendered":"https:\/\/soposting-worker.com\/?page_id=24448"},"modified":"2025-09-16T12:39:31","modified_gmt":"2025-09-16T12:39:31","slug":"blog","status":"publish","type":"page","link":"https:\/\/soposting-worker.com\/cs\/blog\/","title":{"rendered":"Blog &#8211; P\u0159\u00edsp\u011bvky na blogu"},"content":{"rendered":"\t\t<div data-elementor-type=\"wp-page\" data-elementor-id=\"24448\" class=\"elementor elementor-24448 elementor-559\" data-elementor-post-type=\"page\">\n\t\t\t\t<div class=\"elementor-element elementor-element-8cdba0b e-con-full e-flex e-con e-parent\" data-id=\"8cdba0b\" data-element_type=\"container\" data-e-type=\"container\" data-settings=\"{&quot;background_background&quot;:&quot;classic&quot;}\">\n\t\t<div class=\"elementor-element elementor-element-c93dfa9 e-flex e-con-boxed e-con e-child\" data-id=\"c93dfa9\" data-element_type=\"container\" data-e-type=\"container\">\n\t\t\t\t\t<div class=\"e-con-inner\">\n\t\t\t\t<div class=\"elementor-element elementor-element-e5ca3f4 elementor-widget elementor-widget-heading\" data-id=\"e5ca3f4\" data-element_type=\"widget\" data-e-type=\"widget\" data-widget_type=\"heading.default\">\n\t\t\t\t<div class=\"elementor-widget-container\">\n\t\t\t\t\t<div class=\"elementor-heading-title elementor-size-default\"><a href=\"\/cs\/\">\u00davod<\/a> &gt; blog<\/div>\t\t\t\t<\/div>\n\t\t\t\t<\/div>\n\t\t\t\t<div class=\"elementor-element elementor-element-46e95ed elementor-widget elementor-widget-heading\" data-id=\"46e95ed\" data-element_type=\"widget\" data-e-type=\"widget\" data-widget_type=\"heading.default\">\n\t\t\t\t<div class=\"elementor-widget-container\">\n\t\t\t\t\t<h1 class=\"elementor-heading-title elementor-size-default\">Sledujte v\u0161echny nejnov\u011bj\u0161\u00ed zpr\u00e1vy o vys\u00edl\u00e1n\u00ed pracovn\u00edk\u016f<\/h1>\t\t\t\t<\/div>\n\t\t\t\t<\/div>\n\t\t\t\t<div class=\"elementor-element elementor-element-ba6b943 elementor-widget-divider--view-line elementor-widget elementor-widget-divider\" data-id=\"ba6b943\" data-element_type=\"widget\" data-e-type=\"widget\" data-widget_type=\"divider.default\">\n\t\t\t\t<div class=\"elementor-widget-container\">\n\t\t\t\t\t\t\t<div class=\"elementor-divider\">\n\t\t\t<span class=\"elementor-divider-separator\">\n\t\t\t\t\t\t<\/span>\n\t\t<\/div>\n\t\t\t\t\t\t<\/div>\n\t\t\t\t<\/div>\n\t\t\t\t\t<\/div>\n\t\t\t\t<\/div>\n\t\t\t\t<\/div>\n\t\t\t\t<\/div>\n\t\t","protected":false},"excerpt":{"rendered":"<p>\u00davod &gt; blog Sledujte v\u0161echny nejnov\u011bj\u0161\u00ed zpr\u00e1vy o vys\u00edl\u00e1n\u00ed pracovn\u00edk\u016f<\/p>\n","protected":false},"author":7,"featured_media":0,"parent":0,"menu_order":0,"comment_status":"closed","ping_status":"closed","template":"templates\/blog.php","meta":{"footnotes":""},"class_list":["post-24448","page","type-page","status-publish","hentry"],"yoast_head":"<!-- This site is optimized with the Yoast SEO plugin v27.3 - https:\/\/yoast.com\/product\/yoast-seo-wordpress\/ -->\n<title>Blog - Pr\u00e1vn\u00ed p\u0159edpisy t\u00fdkaj\u00edc\u00ed se vys\u00edl\u00e1n\u00ed zam\u011bstnanc\u016f | ASD SPW<\/title>\n<meta name=\"description\" content=\"Sledujte aktu\u00e1ln\u00ed informace o v\u0161ech p\u0159edpisech t\u00fdkaj\u00edc\u00edch se vys\u00edl\u00e1n\u00ed zam\u011bstnanc\u016f, kter\u00e9 v\u00e1m vysv\u011btl\u00ed na\u0161i odborn\u00edci.\" \/>\n<meta name=\"robots\" content=\"index, follow, max-snippet:-1, max-image-preview:large, max-video-preview:-1\" \/>\n<link rel=\"canonical\" href=\"https:\/\/soposting-worker.com\/cs\/blog\/\" \/>\n<meta property=\"og:locale\" content=\"cs_CZ\" \/>\n<meta property=\"og:type\" content=\"article\" \/>\n<meta property=\"og:title\" content=\"Blog - Pr\u00e1vn\u00ed p\u0159edpisy t\u00fdkaj\u00edc\u00ed se vys\u00edl\u00e1n\u00ed zam\u011bstnanc\u016f | ASD SPW\" \/>\n<meta property=\"og:description\" content=\"Sledujte aktu\u00e1ln\u00ed informace o v\u0161ech p\u0159edpisech t\u00fdkaj\u00edc\u00edch se vys\u00edl\u00e1n\u00ed zam\u011bstnanc\u016f, kter\u00e9 v\u00e1m vysv\u011btl\u00ed na\u0161i odborn\u00edci.\" \/>\n<meta property=\"og:url\" content=\"https:\/\/soposting-worker.com\/cs\/blog\/\" \/>\n<meta property=\"og:site_name\" content=\"ASD SPW\" \/>\n<meta property=\"article:publisher\" content=\"https:\/\/www.facebook.com\/asd.spw\" \/>\n<meta property=\"article:modified_time\" content=\"2025-09-16T12:39:31+00:00\" \/>\n<meta property=\"og:image\" content=\"https:\/\/soposting-worker.com\/wp-content\/uploads\/2024\/10\/Logo-ASD-SPW-noir.png\" \/>\n\t<meta property=\"og:image:width\" content=\"1134\" \/>\n\t<meta property=\"og:image:height\" content=\"766\" \/>\n\t<meta property=\"og:image:type\" content=\"image\/png\" \/>\n<meta name=\"twitter:card\" content=\"summary_large_image\" \/>\n<meta name=\"twitter:label1\" content=\"Odhadovan\u00e1 doba \u010dten\u00ed\" \/>\n\t<meta name=\"twitter:data1\" content=\"1 minuta\" \/>\n<script type=\"application\/ld+json\" class=\"yoast-schema-graph\">{\"@context\":\"https:\\\/\\\/schema.org\",\"@graph\":[{\"@type\":\"WebPage\",\"@id\":\"https:\\\/\\\/soposting-worker.com\\\/cs\\\/blog\\\/\",\"url\":\"https:\\\/\\\/soposting-worker.com\\\/cs\\\/blog\\\/\",\"name\":\"Blog - Pr\u00e1vn\u00ed p\u0159edpisy t\u00fdkaj\u00edc\u00ed se vys\u00edl\u00e1n\u00ed zam\u011bstnanc\u016f | ASD SPW\",\"isPartOf\":{\"@id\":\"https:\\\/\\\/soposting-worker.com\\\/cs\\\/#website\"},\"datePublished\":\"2023-11-29T11:33:31+00:00\",\"dateModified\":\"2025-09-16T12:39:31+00:00\",\"description\":\"Sledujte aktu\u00e1ln\u00ed informace o v\u0161ech p\u0159edpisech t\u00fdkaj\u00edc\u00edch se vys\u00edl\u00e1n\u00ed zam\u011bstnanc\u016f, kter\u00e9 v\u00e1m vysv\u011btl\u00ed na\u0161i odborn\u00edci.\",\"breadcrumb\":{\"@id\":\"https:\\\/\\\/soposting-worker.com\\\/cs\\\/blog\\\/#breadcrumb\"},\"inLanguage\":\"cs\",\"potentialAction\":[{\"@type\":\"ReadAction\",\"target\":[\"https:\\\/\\\/soposting-worker.com\\\/cs\\\/blog\\\/\"]}]},{\"@type\":\"BreadcrumbList\",\"@id\":\"https:\\\/\\\/soposting-worker.com\\\/cs\\\/blog\\\/#breadcrumb\",\"itemListElement\":[{\"@type\":\"ListItem\",\"position\":1,\"name\":\"Accueil\",\"item\":\"https:\\\/\\\/soposting-worker.com\\\/cs\\\/\"},{\"@type\":\"ListItem\",\"position\":2,\"name\":\"Blog - Pr\u00e1vn\u00ed p\u0159edpisy t\u00fdkaj\u00edc\u00ed se vys\u00edl\u00e1n\u00ed zam\u011bstnanc\u016f\"}]},{\"@type\":\"WebSite\",\"@id\":\"https:\\\/\\\/soposting-worker.com\\\/cs\\\/#website\",\"url\":\"https:\\\/\\\/soposting-worker.com\\\/cs\\\/\",\"name\":\"ASD SPW\",\"description\":\"Streamline Your Secondments, Simplify Procedures\",\"publisher\":{\"@id\":\"https:\\\/\\\/soposting-worker.com\\\/cs\\\/#organization\"},\"alternateName\":\"So Posting Worker\",\"potentialAction\":[{\"@type\":\"SearchAction\",\"target\":{\"@type\":\"EntryPoint\",\"urlTemplate\":\"https:\\\/\\\/soposting-worker.com\\\/cs\\\/?s={search_term_string}\"},\"query-input\":{\"@type\":\"PropertyValueSpecification\",\"valueRequired\":true,\"valueName\":\"search_term_string\"}}],\"inLanguage\":\"cs\"},{\"@type\":\"Organization\",\"@id\":\"https:\\\/\\\/soposting-worker.com\\\/cs\\\/#organization\",\"name\":\"ASD SPW\",\"alternateName\":\"So Posting Worker\",\"url\":\"https:\\\/\\\/soposting-worker.com\\\/cs\\\/\",\"logo\":{\"@type\":\"ImageObject\",\"inLanguage\":\"cs\",\"@id\":\"https:\\\/\\\/soposting-worker.com\\\/cs\\\/#\\\/schema\\\/logo\\\/image\\\/\",\"url\":\"https:\\\/\\\/soposting-worker.com\\\/wp-content\\\/uploads\\\/2024\\\/10\\\/logo-asd-spw-noir-transparent-carre.png\",\"contentUrl\":\"https:\\\/\\\/soposting-worker.com\\\/wp-content\\\/uploads\\\/2024\\\/10\\\/logo-asd-spw-noir-transparent-carre.png\",\"width\":696,\"height\":696,\"caption\":\"ASD SPW\"},\"image\":{\"@id\":\"https:\\\/\\\/soposting-worker.com\\\/cs\\\/#\\\/schema\\\/logo\\\/image\\\/\"},\"sameAs\":[\"https:\\\/\\\/www.facebook.com\\\/asd.spw\",\"https:\\\/\\\/www.linkedin.com\\\/showcase\\\/asd-spw\\\/\"]}]}<\/script>\n<!-- \/ Yoast SEO plugin. -->","yoast_head_json":{"title":"Blog - Pr\u00e1vn\u00ed p\u0159edpisy t\u00fdkaj\u00edc\u00ed se vys\u00edl\u00e1n\u00ed zam\u011bstnanc\u016f | ASD SPW","description":"Sledujte aktu\u00e1ln\u00ed informace o v\u0161ech p\u0159edpisech t\u00fdkaj\u00edc\u00edch se vys\u00edl\u00e1n\u00ed zam\u011bstnanc\u016f, kter\u00e9 v\u00e1m vysv\u011btl\u00ed na\u0161i odborn\u00edci.","robots":{"index":"index","follow":"follow","max-snippet":"max-snippet:-1","max-image-preview":"max-image-preview:large","max-video-preview":"max-video-preview:-1"},"canonical":"https:\/\/soposting-worker.com\/cs\/blog\/","og_locale":"cs_CZ","og_type":"article","og_title":"Blog - Pr\u00e1vn\u00ed p\u0159edpisy t\u00fdkaj\u00edc\u00ed se vys\u00edl\u00e1n\u00ed zam\u011bstnanc\u016f | ASD SPW","og_description":"Sledujte aktu\u00e1ln\u00ed informace o v\u0161ech p\u0159edpisech t\u00fdkaj\u00edc\u00edch se vys\u00edl\u00e1n\u00ed zam\u011bstnanc\u016f, kter\u00e9 v\u00e1m vysv\u011btl\u00ed na\u0161i odborn\u00edci.","og_url":"https:\/\/soposting-worker.com\/cs\/blog\/","og_site_name":"ASD SPW","article_publisher":"https:\/\/www.facebook.com\/asd.spw","article_modified_time":"2025-09-16T12:39:31+00:00","og_image":[{"width":1134,"height":766,"url":"https:\/\/soposting-worker.com\/wp-content\/uploads\/2024\/10\/Logo-ASD-SPW-noir.png","type":"image\/png"}],"twitter_card":"summary_large_image","twitter_misc":{"Odhadovan\u00e1 doba \u010dten\u00ed":"1 minuta"},"schema":{"@context":"https:\/\/schema.org","@graph":[{"@type":"WebPage","@id":"https:\/\/soposting-worker.com\/cs\/blog\/","url":"https:\/\/soposting-worker.com\/cs\/blog\/","name":"Blog - Pr\u00e1vn\u00ed p\u0159edpisy t\u00fdkaj\u00edc\u00ed se vys\u00edl\u00e1n\u00ed zam\u011bstnanc\u016f | ASD SPW","isPartOf":{"@id":"https:\/\/soposting-worker.com\/cs\/#website"},"datePublished":"2023-11-29T11:33:31+00:00","dateModified":"2025-09-16T12:39:31+00:00","description":"Sledujte aktu\u00e1ln\u00ed informace o v\u0161ech p\u0159edpisech t\u00fdkaj\u00edc\u00edch se vys\u00edl\u00e1n\u00ed zam\u011bstnanc\u016f, kter\u00e9 v\u00e1m vysv\u011btl\u00ed na\u0161i odborn\u00edci.","breadcrumb":{"@id":"https:\/\/soposting-worker.com\/cs\/blog\/#breadcrumb"},"inLanguage":"cs","potentialAction":[{"@type":"ReadAction","target":["https:\/\/soposting-worker.com\/cs\/blog\/"]}]},{"@type":"BreadcrumbList","@id":"https:\/\/soposting-worker.com\/cs\/blog\/#breadcrumb","itemListElement":[{"@type":"ListItem","position":1,"name":"Accueil","item":"https:\/\/soposting-worker.com\/cs\/"},{"@type":"ListItem","position":2,"name":"Blog - Pr\u00e1vn\u00ed p\u0159edpisy t\u00fdkaj\u00edc\u00ed se vys\u00edl\u00e1n\u00ed zam\u011bstnanc\u016f"}]},{"@type":"WebSite","@id":"https:\/\/soposting-worker.com\/cs\/#website","url":"https:\/\/soposting-worker.com\/cs\/","name":"ASD SPW","description":"Streamline Your Secondments, Simplify Procedures","publisher":{"@id":"https:\/\/soposting-worker.com\/cs\/#organization"},"alternateName":"So Posting Worker","potentialAction":[{"@type":"SearchAction","target":{"@type":"EntryPoint","urlTemplate":"https:\/\/soposting-worker.com\/cs\/?s={search_term_string}"},"query-input":{"@type":"PropertyValueSpecification","valueRequired":true,"valueName":"search_term_string"}}],"inLanguage":"cs"},{"@type":"Organization","@id":"https:\/\/soposting-worker.com\/cs\/#organization","name":"ASD SPW","alternateName":"So Posting Worker","url":"https:\/\/soposting-worker.com\/cs\/","logo":{"@type":"ImageObject","inLanguage":"cs","@id":"https:\/\/soposting-worker.com\/cs\/#\/schema\/logo\/image\/","url":"https:\/\/soposting-worker.com\/wp-content\/uploads\/2024\/10\/logo-asd-spw-noir-transparent-carre.png","contentUrl":"https:\/\/soposting-worker.com\/wp-content\/uploads\/2024\/10\/logo-asd-spw-noir-transparent-carre.png","width":696,"height":696,"caption":"ASD SPW"},"image":{"@id":"https:\/\/soposting-worker.com\/cs\/#\/schema\/logo\/image\/"},"sameAs":["https:\/\/www.facebook.com\/asd.spw","https:\/\/www.linkedin.com\/showcase\/asd-spw\/"]}]}},"_links":{"self":[{"href":"https:\/\/soposting-worker.com\/cs\/wp-json\/wp\/v2\/pages\/24448","targetHints":{"allow":["GET"]}}],"collection":[{"href":"https:\/\/soposting-worker.com\/cs\/wp-json\/wp\/v2\/pages"}],"about":[{"href":"https:\/\/soposting-worker.com\/cs\/wp-json\/wp\/v2\/types\/page"}],"author":[{"embeddable":true,"href":"https:\/\/soposting-worker.com\/cs\/wp-json\/wp\/v2\/users\/7"}],"replies":[{"embeddable":true,"href":"https:\/\/soposting-worker.com\/cs\/wp-json\/wp\/v2\/comments?post=24448"}],"version-history":[{"count":11,"href":"https:\/\/soposting-worker.com\/cs\/wp-json\/wp\/v2\/pages\/24448\/revisions"}],"predecessor-version":[{"id":35378,"href":"https:\/\/soposting-worker.com\/cs\/wp-json\/wp\/v2\/pages\/24448\/revisions\/35378"}],"wp:attachment":[{"href":"https:\/\/soposting-worker.com\/cs\/wp-json\/wp\/v2\/media?parent=24448"}],"curies":[{"name":"wp","href":"https:\/\/api.w.org\/{rel}","templated":true}]}}